{"id":2891,"date":"2024-12-26T14:39:10","date_gmt":"2024-12-26T19:39:10","guid":{"rendered":"https:\/\/gmegatecnologia.com\/?post_type=product&#038;p=2891"},"modified":"2024-12-26T14:39:10","modified_gmt":"2024-12-26T19:39:10","slug":"monitor-viewsonic-27-fhd1920-x-1080-frecuencia-165ghz-vs18551","status":"publish","type":"product","link":"https:\/\/gmegatecnologia.com\/index.php\/producto\/monitor-viewsonic-27-fhd1920-x-1080-frecuencia-165ghz-vs18551\/","title":{"rendered":"MONITOR VIEWSONIC 27 FHD,1920 X 1080, FRECUENCIA 165GHZ, (VS18551)"},"content":{"rendered":"<ul>\n<li><strong>Marca<\/strong>: ViewSonic<\/li>\n<li><strong>Modelo<\/strong>: VS18551<\/li>\n<li><strong>Pantalla<\/strong>: 27 pulgadas<\/li>\n<li><strong>Resoluci\u00f3n<\/strong>: Full HD (1920 x 1080)<\/li>\n<li><strong>Frecuencia de actualizaci\u00f3n<\/strong>: 165Hz<\/li>\n<li><strong>Tecnolog\u00eda de sincronizaci\u00f3n<\/strong>: AMD FreeSync Premium<\/li>\n<li><strong>Tiempo de respuesta<\/strong>: 1ms (MPRT)<\/li>\n<li><strong>Conectividad<\/strong>: HDMI y DisplayPort<\/li>\n<li><strong>Dise\u00f1o<\/strong>: Delgado y elegante, con bordes delgados<\/li>\n<li><strong>Caracter\u00edsticas adicionales<\/strong>:\n<ul>\n<li>Tecnolog\u00eda sin parpadeo<\/li>\n<li>Filtro de luz azul para reducir la fatiga ocular<\/li>\n<\/ul>\n<\/li>\n<\/ul>\n","protected":false},"excerpt":{"rendered":"<div tabindex=\"0\" role=\"article\" data-tabster=\"{&quot;groupper&quot;:{&quot;tabbability&quot;:2},&quot;focusable&quot;:{}}\" data-content=\"ai-message\" aria-labelledby=\"gGfWsvBiiMxxjB5vhdiQ7-author} gGfWsvBiiMxxjB5vhdiQ7-content-0\">\n<div id=\"gGfWsvBiiMxxjB5vhdiQ7-content-0\">\n<p>El monitor ViewSonic 27 FHD (modelo VS18551) es una excelente opci\u00f3n para entusiastas de los juegos y profesionales. Con una pantalla de 27 pulgadas y una resoluci\u00f3n de 1920 x 1080 (Full HD), ofrece im\u00e1genes n\u00edtidas y claras. Su alta frecuencia de actualizaci\u00f3n de 165Hz, combinada con la tecnolog\u00eda AMD FreeSync Premium, garantiza una experiencia de juego suave y sin interrupciones al eliminar el desgarro de la pantalla y el tartamudeo. El tiempo de respuesta de 1ms (MPRT) minimiza el desenfoque de movimiento, proporcionando im\u00e1genes n\u00edtidas durante escenas de acci\u00f3n r\u00e1pida. Este monitor tambi\u00e9n cuenta con conectividad HDMI y DisplayPort, un dise\u00f1o delgado con bordes finos, tecnolog\u00eda sin parpadeo y un filtro de luz azul para reducir la fatiga ocular. Es ideal para quienes buscan rendimiento y calidad visual.<\/p>\n<\/div>\n<\/div>\n<p>&nbsp;<\/p>\n","protected":false},"featured_media":2892,"template":"","meta":[],"product_brand":[],"product_cat":[29],"product_tag":[],"class_list":{"0":"post-2891","1":"product","2":"type-product","3":"status-publish","4":"has-post-thumbnail","6":"product_cat-monitores","8":"first","9":"instock","10":"sale","11":"shipping-taxable","12":"purchasable","13":"product-type-simple"},"_links":{"self":[{"href":"https:\/\/gmegatecnologia.com\/index.php\/wp-json\/wp\/v2\/product\/2891","targetHints":{"allow":["GET"]}}],"collection":[{"href":"https:\/\/gmegatecnologia.com\/index.php\/wp-json\/wp\/v2\/product"}],"about":[{"href":"https:\/\/gmegatecnologia.com\/index.php\/wp-json\/wp\/v2\/types\/product"}],"wp:featuredmedia":[{"embeddable":true,"href":"https:\/\/gmegatecnologia.com\/index.php\/wp-json\/wp\/v2\/media\/2892"}],"wp:attachment":[{"href":"https:\/\/gmegatecnologia.com\/index.php\/wp-json\/wp\/v2\/media?parent=2891"}],"wp:term":[{"taxonomy":"product_brand","embeddable":true,"href":"https:\/\/gmegatecnologia.com\/index.php\/wp-json\/wp\/v2\/product_brand?post=2891"},{"taxonomy":"product_cat","embeddable":true,"href":"https:\/\/gmegatecnologia.com\/index.php\/wp-json\/wp\/v2\/product_cat?post=2891"},{"taxonomy":"product_tag","embeddable":true,"href":"https:\/\/gmegatecnologia.com\/index.php\/wp-json\/wp\/v2\/product_tag?post=2891"}],"curies":[{"name":"wp","href":"https:\/\/api.w.org\/{rel}","templated":true}]}}