{"id":2882,"date":"2024-12-24T13:25:02","date_gmt":"2024-12-24T18:25:02","guid":{"rendered":"https:\/\/gmegatecnologia.com\/?post_type=product&#038;p=2882"},"modified":"2024-12-24T13:25:02","modified_gmt":"2024-12-24T18:25:02","slug":"monitor-hp-p24h-g5-238-fhd-1920x1080-a-75hz-ips-hdmi-vga-negro-64w34aaaba","status":"publish","type":"product","link":"https:\/\/gmegatecnologia.com\/index.php\/producto\/monitor-hp-p24h-g5-238-fhd-1920x1080-a-75hz-ips-hdmi-vga-negro-64w34aaaba\/","title":{"rendered":"MONITOR HP P24H G5 238 FHD 1920X1080 A 75HZ IPS HDMI VGA NEGRO (64W34AA#ABA)"},"content":{"rendered":"<ul>\n<li><strong>Tama\u00f1o de pantalla<\/strong>: <strong>23.8 pulgadas<\/strong>.<\/li>\n<li><strong>Resoluci\u00f3n<\/strong>: <strong>FHD (1920 x 1080)<\/strong>.<\/li>\n<li><strong>Frecuencia de actualizaci\u00f3n<\/strong>: <strong>75Hz<\/strong> (ideal para tareas diarias y entretenimiento).<\/li>\n<li><strong>Panel<\/strong>: <strong>IPS<\/strong> (colores precisos y amplios \u00e1ngulos de visi\u00f3n).<\/li>\n<li><strong>Entradas<\/strong>: <strong>HDMI<\/strong> y <strong>VGA<\/strong>.<\/li>\n<li><strong>Dise\u00f1o<\/strong>: <strong>Negro<\/strong>, con biseles delgados.<\/li>\n<li><strong>Brillo<\/strong>: Hasta <strong>250 nits<\/strong>.<\/li>\n<li><strong>Tiempo de respuesta<\/strong>: <strong>5 ms<\/strong> (r\u00e1pido para uso general).<\/li>\n<li><strong>Conectividad adicional<\/strong>: <strong>Puerto de alimentaci\u00f3n y audio<\/strong>.<\/li>\n<li><strong>Ajustes<\/strong>: Soporte ajustable para inclinaci\u00f3n.<\/li>\n<li><strong>Consumo energ\u00e9tico<\/strong>: <strong>64W34AA<\/strong> (modelo eficiente).<\/li>\n<\/ul>\n","protected":false},"excerpt":{"rendered":"<div class=\"flex-1 overflow-hidden @container\/thread\">\n<div class=\"h-full\">\n<div class=\"react-scroll-to-bottom--css-dnztg-79elbk h-full\">\n<div class=\"react-scroll-to-bottom--css-dnztg-1n7m0yu\">\n<div class=\"flex flex-col text-sm md:pb-9\">\n<article class=\"w-full scroll-mb-[var(--thread-trailing-height,150px)] text-token-text-primary focus-visible:outline-2 focus-visible:outline-offset-[-4px]\" dir=\"auto\" data-testid=\"conversation-turn-13\" data-scroll-anchor=\"true\">\n<div class=\"m-auto text-base py-[18px] px-3 md:px-4 w-full md:px-5 lg:px-4 xl:px-5\">\n<div class=\"mx-auto flex flex-1 gap-4 text-base md:gap-5 lg:gap-6 md:max-w-3xl\">\n<div class=\"group\/conversation-turn relative flex w-full min-w-0 flex-col agent-turn\">\n<div class=\"flex-col gap-1 md:gap-3\">\n<div class=\"flex max-w-full flex-col flex-grow\">\n<div class=\"min-h-8 text-message flex w-full flex-col items-end gap-2 whitespace-normal break-words text-start [.text-message+&amp;]:mt-5\" dir=\"auto\" data-message-author-role=\"assistant\" data-message-id=\"6cb0a0e6-7bba-40ca-a38f-7533a34d1132\" data-message-model-slug=\"gpt-4o-mini\">\n<div class=\"flex w-full flex-col gap-1 empty:hidden first:pt-[3px]\">\n<div class=\"markdown prose w-full break-words dark:prose-invert dark\">\n<p>El <strong>Monitor HP P24h G5 238 FHD 1920&#215;1080 a 75Hz IPS HDMI VGA Negro (64W34AA#ABA)<\/strong> cuenta con una pantalla de <strong>23.8 pulgadas<\/strong> con <strong>resoluci\u00f3n FHD<\/strong> (1920 x 1080), proporcionando una imagen clara y detallada. Su <strong>panel IPS<\/strong> garantiza colores precisos y amplios \u00e1ngulos de visi\u00f3n. Ofrece una <strong>frecuencia de actualizaci\u00f3n de 75Hz<\/strong>, ideal para tareas diarias y multimedia. Adem\u00e1s, tiene puertos de entrada <strong>HDMI<\/strong> y <strong>VGA<\/strong> para una f\u00e1cil conexi\u00f3n con diversos dispositivos. El monitor tiene un <strong>tiempo de respuesta de 5 ms<\/strong>, lo que lo hace adecuado para el uso general, y un brillo de <strong>250 nits<\/strong>. Su dise\u00f1o <strong>negro<\/strong> con biseles delgados proporciona una est\u00e9tica moderna, y su <strong>soporte ajustable<\/strong> permite cambios de inclinaci\u00f3n para mayor comodidad. Con un consumo eficiente de energ\u00eda, este monitor es perfecto para entornos de oficina o entretenimiento.<\/p>\n<\/div>\n<\/div>\n<\/div>\n<\/div>\n<div class=\"mb-2 flex gap-3 empty:hidden -ml-2\">\n<div class=\"items-center justify-start rounded-xl p-1 flex\">\n<div class=\"flex items-center\"><\/div>\n<\/div>\n<\/div>\n<div class=\"pr-2 lg:pr-0\"><\/div>\n<div class=\"mt-3 w-full empty:hidden\">\n<div class=\"text-center\"><\/div>\n<\/div>\n<\/div>\n<div class=\"absolute\">\n<div class=\"flex items-center justify-center\"><\/div>\n<\/div>\n<\/div>\n<\/div>\n<\/div>\n<\/article>\n<\/div>\n<\/div>\n<\/div>\n<\/div>\n<\/div>\n<div class=\"md:pt-0 dark:border-white\/20 md:border-transparent md:dark:border-transparent w-full\">\n<div>\n<div class=\"m-auto text-base px-3 md:px-4 w-full md:px-5 lg:px-4 xl:px-5\">\n<div class=\"mx-auto flex flex-1 gap-4 text-base md:gap-5 lg:gap-6 md:max-w-3xl\">\n<div class=\"flex justify-center\"><\/div>\n<\/div>\n<\/div>\n<\/div>\n<\/div>\n","protected":false},"featured_media":2883,"template":"","meta":[],"product_brand":[],"product_cat":[29],"product_tag":[],"class_list":{"0":"post-2882","1":"product","2":"type-product","3":"status-publish","4":"has-post-thumbnail","6":"product_cat-monitores","8":"first","9":"instock","10":"sale","11":"shipping-taxable","12":"purchasable","13":"product-type-simple"},"_links":{"self":[{"href":"https:\/\/gmegatecnologia.com\/index.php\/wp-json\/wp\/v2\/product\/2882","targetHints":{"allow":["GET"]}}],"collection":[{"href":"https:\/\/gmegatecnologia.com\/index.php\/wp-json\/wp\/v2\/product"}],"about":[{"href":"https:\/\/gmegatecnologia.com\/index.php\/wp-json\/wp\/v2\/types\/product"}],"wp:featuredmedia":[{"embeddable":true,"href":"https:\/\/gmegatecnologia.com\/index.php\/wp-json\/wp\/v2\/media\/2883"}],"wp:attachment":[{"href":"https:\/\/gmegatecnologia.com\/index.php\/wp-json\/wp\/v2\/media?parent=2882"}],"wp:term":[{"taxonomy":"product_brand","embeddable":true,"href":"https:\/\/gmegatecnologia.com\/index.php\/wp-json\/wp\/v2\/product_brand?post=2882"},{"taxonomy":"product_cat","embeddable":true,"href":"https:\/\/gmegatecnologia.com\/index.php\/wp-json\/wp\/v2\/product_cat?post=2882"},{"taxonomy":"product_tag","embeddable":true,"href":"https:\/\/gmegatecnologia.com\/index.php\/wp-json\/wp\/v2\/product_tag?post=2882"}],"curies":[{"name":"wp","href":"https:\/\/api.w.org\/{rel}","templated":true}]}}