{"id":2806,"date":"2024-12-06T14:05:02","date_gmt":"2024-12-06T19:05:02","guid":{"rendered":"https:\/\/gmegatecnologia.com\/?post_type=product&#038;p=2806"},"modified":"2024-12-06T14:05:02","modified_gmt":"2024-12-06T19:05:02","slug":"audifono-con-microfono-genius-hs-m905bt-true-inalambrico-bluetooth","status":"publish","type":"product","link":"https:\/\/gmegatecnologia.com\/index.php\/producto\/audifono-con-microfono-genius-hs-m905bt-true-inalambrico-bluetooth\/","title":{"rendered":"AUDIFONO CON MICROFONO GENIUS HS-M905BT TRUE INALAMBRICO\/BLUETOOTH"},"content":{"rendered":"<ul>\n<li><strong>Conectividad Bluetooth<\/strong>: Conexi\u00f3n inal\u00e1mbrica con dispositivos compatibles.<\/li>\n<li><strong>Tecnolog\u00eda True Wireless<\/strong>: Sonido sin cables, para mayor comodidad y movilidad.<\/li>\n<li><strong>Micr\u00f3fono integrado<\/strong>: Ideal para realizar llamadas con claridad.<\/li>\n<li><strong>Bater\u00eda de larga duraci\u00f3n<\/strong>: Permite varias horas de uso continuo.<\/li>\n<li><strong>Dise\u00f1o sobre la oreja<\/strong>: Proporciona comodidad y aislamiento del ruido ambiental.<\/li>\n<li><strong>Controles en el auricular<\/strong>: Accesos directos a volumen y gesti\u00f3n de llamadas.<\/li>\n<li><strong>Compatibilidad universal<\/strong>: Funciona con tel\u00e9fonos, computadoras y otros dispositivos Bluetooth.<\/li>\n<li><strong>Sonido n\u00edtido<\/strong>: Calidad de audio clara tanto para m\u00fasica como para llamadas.<\/li>\n<\/ul>\n","protected":false},"excerpt":{"rendered":"<p>El <strong>aud\u00edfono con micr\u00f3fono Genius HS-M905BT<\/strong> es un dispositivo <strong>inal\u00e1mbrico<\/strong> y <strong>Bluetooth<\/strong>, dise\u00f1ado para ofrecer una experiencia de sonido clara y c\u00f3moda. Con un dise\u00f1o sobre la oreja, garantiza aislamiento del ruido ambiental, ideal para llamadas y m\u00fasica. La tecnolog\u00eda Bluetooth permite conectar f\u00e1cilmente con dispositivos como tel\u00e9fonos y computadoras, sin cables. Adem\u00e1s, su micr\u00f3fono integrado asegura comunicaciones n\u00edtidas, mientras que su bater\u00eda de larga duraci\u00f3n permite usarlos por varias horas continuas. Es una opci\u00f3n pr\u00e1ctica para quienes buscan comodidad y rendimiento.<\/p>\n","protected":false},"featured_media":2813,"template":"","meta":[],"product_brand":[],"product_cat":[37],"product_tag":[],"class_list":{"0":"post-2806","1":"product","2":"type-product","3":"status-publish","4":"has-post-thumbnail","6":"product_cat-perifericos","8":"first","9":"instock","10":"sale","11":"shipping-taxable","12":"purchasable","13":"product-type-variable"},"_links":{"self":[{"href":"https:\/\/gmegatecnologia.com\/index.php\/wp-json\/wp\/v2\/product\/2806","targetHints":{"allow":["GET"]}}],"collection":[{"href":"https:\/\/gmegatecnologia.com\/index.php\/wp-json\/wp\/v2\/product"}],"about":[{"href":"https:\/\/gmegatecnologia.com\/index.php\/wp-json\/wp\/v2\/types\/product"}],"wp:featuredmedia":[{"embeddable":true,"href":"https:\/\/gmegatecnologia.com\/index.php\/wp-json\/wp\/v2\/media\/2813"}],"wp:attachment":[{"href":"https:\/\/gmegatecnologia.com\/index.php\/wp-json\/wp\/v2\/media?parent=2806"}],"wp:term":[{"taxonomy":"product_brand","embeddable":true,"href":"https:\/\/gmegatecnologia.com\/index.php\/wp-json\/wp\/v2\/product_brand?post=2806"},{"taxonomy":"product_cat","embeddable":true,"href":"https:\/\/gmegatecnologia.com\/index.php\/wp-json\/wp\/v2\/product_cat?post=2806"},{"taxonomy":"product_tag","embeddable":true,"href":"https:\/\/gmegatecnologia.com\/index.php\/wp-json\/wp\/v2\/product_tag?post=2806"}],"curies":[{"name":"wp","href":"https:\/\/api.w.org\/{rel}","templated":true}]}}