{"id":2785,"date":"2024-11-28T17:16:12","date_gmt":"2024-11-28T22:16:12","guid":{"rendered":"https:\/\/gmegatecnologia.com\/?post_type=product&#038;p=2785"},"modified":"2024-11-28T17:16:12","modified_gmt":"2024-11-28T22:16:12","slug":"disco-duro-externo-western-digital-elements-portable-5-tb-usb-3-0-y-2-0","status":"publish","type":"product","link":"https:\/\/gmegatecnologia.com\/index.php\/producto\/disco-duro-externo-western-digital-elements-portable-5-tb-usb-3-0-y-2-0\/","title":{"rendered":"DISCO DURO EXTERNO WESTERN DIGITAL ELEMENTS PORTABLE, 5 TB, USB 3.0 Y 2.0"},"content":{"rendered":"<ul>\n<li><strong>Capacidad<\/strong>: 5 TB de almacenamiento.<\/li>\n<li><strong>Conectividad<\/strong>:\n<ul>\n<li><strong>USB 3.0<\/strong> (hasta 5 Gbps).<\/li>\n<li>Compatible con <strong>USB 2.0<\/strong> (velocidad reducida).<\/li>\n<\/ul>\n<\/li>\n<li><strong>Compatibilidad<\/strong>:\n<ul>\n<li><strong>Windows<\/strong> (formateado en NTFS).<\/li>\n<li><strong>Mac<\/strong> (requiere formateo en HFS+ o exFAT para uso en ambos sistemas).<\/li>\n<\/ul>\n<\/li>\n<li><strong>Dise\u00f1o<\/strong>: Compacto y port\u00e1til, f\u00e1cil de llevar.<\/li>\n<li><strong>Dimensiones<\/strong>: Aproximadamente <strong>11.5 x 8.0 x 1.9 cm<\/strong>.<\/li>\n<li><strong>Peso<\/strong>: Aproximadamente <strong>250 g<\/strong>.<\/li>\n<li><strong>Fuente de alimentaci\u00f3n<\/strong>: No requiere alimentaci\u00f3n externa, se alimenta a trav\u00e9s del puerto USB.<\/li>\n<li><strong>Velocidad de transferencia<\/strong>: Alta velocidad gracias a la interfaz <strong>USB 3.0<\/strong>.<\/li>\n<li><strong>Uso<\/strong>: Ideal para almacenar grandes vol\u00famenes de datos, hacer copias de seguridad o expandir el almacenamiento en computadoras y consolas de videojuegos.<\/li>\n<\/ul>\n","protected":false},"excerpt":{"rendered":"<div class=\"flex max-w-full flex-col flex-grow\">\n<div class=\"min-h-8 text-message flex w-full flex-col items-end gap-2 whitespace-normal break-words [.text-message+&amp;]:mt-5\" dir=\"auto\" data-message-author-role=\"assistant\" data-message-id=\"b4a77d4d-5f14-4d76-bad1-c3c491fab7ac\" data-message-model-slug=\"gpt-4o-mini\">\n<div class=\"flex w-full flex-col gap-1 empty:hidden first:pt-[3px]\">\n<div class=\"markdown prose w-full break-words dark:prose-invert dark\">\n<p>El <strong>disco duro externo Western Digital Elements Portable de 2 TB<\/strong> ofrece un almacenamiento port\u00e1til confiable y r\u00e1pido. Con <strong>USB 3.0<\/strong>, proporciona transferencias de datos de hasta <strong>5 Gbps<\/strong>, y es compatible con <strong>USB 2.0<\/strong> a menor velocidad. Su dise\u00f1o compacto lo hace f\u00e1cil de transportar, ideal para almacenar y hacer copias de seguridad de grandes vol\u00famenes de datos. Compatible con <strong>Windows<\/strong> y <strong>Mac<\/strong> (requiere formateo en HFS+ o exFAT). No necesita fuente de alimentaci\u00f3n externa, ya que se alimenta a trav\u00e9s del puerto USB.<\/p>\n<\/div>\n<\/div>\n<\/div>\n<\/div>\n<div class=\"mb-2 flex gap-3 empty:hidden -ml-2\">\n<div class=\"items-center justify-start rounded-xl p-1 flex\">\n<div class=\"flex items-center\"><button class=\"rounded-lg text-token-text-secondary hover:bg-token-main-surface-secondary\" aria-label=\"Copiar\" data-testid=\"copy-turn-action-button\"><\/button><\/p>\n<div class=\"flex items-center pb-0\"><span class=\"overflow-hidden text-clip whitespace-nowrap text-sm\">4o mini<\/span><\/div>\n<\/div>\n<\/div>\n<\/div>\n","protected":false},"featured_media":2787,"template":"","meta":[],"product_brand":[],"product_cat":[36],"product_tag":[],"class_list":{"0":"post-2785","1":"product","2":"type-product","3":"status-publish","4":"has-post-thumbnail","6":"product_cat-partes-de-pc","8":"first","9":"instock","10":"sale","11":"shipping-taxable","12":"purchasable","13":"product-type-simple"},"_links":{"self":[{"href":"https:\/\/gmegatecnologia.com\/index.php\/wp-json\/wp\/v2\/product\/2785","targetHints":{"allow":["GET"]}}],"collection":[{"href":"https:\/\/gmegatecnologia.com\/index.php\/wp-json\/wp\/v2\/product"}],"about":[{"href":"https:\/\/gmegatecnologia.com\/index.php\/wp-json\/wp\/v2\/types\/product"}],"wp:featuredmedia":[{"embeddable":true,"href":"https:\/\/gmegatecnologia.com\/index.php\/wp-json\/wp\/v2\/media\/2787"}],"wp:attachment":[{"href":"https:\/\/gmegatecnologia.com\/index.php\/wp-json\/wp\/v2\/media?parent=2785"}],"wp:term":[{"taxonomy":"product_brand","embeddable":true,"href":"https:\/\/gmegatecnologia.com\/index.php\/wp-json\/wp\/v2\/product_brand?post=2785"},{"taxonomy":"product_cat","embeddable":true,"href":"https:\/\/gmegatecnologia.com\/index.php\/wp-json\/wp\/v2\/product_cat?post=2785"},{"taxonomy":"product_tag","embeddable":true,"href":"https:\/\/gmegatecnologia.com\/index.php\/wp-json\/wp\/v2\/product_tag?post=2785"}],"curies":[{"name":"wp","href":"https:\/\/api.w.org\/{rel}","templated":true}]}}