{"id":2767,"date":"2025-02-03T16:10:26","date_gmt":"2025-02-03T21:10:26","guid":{"rendered":"https:\/\/gmegatecnologia.com\/?post_type=product&#038;p=2767"},"modified":"2025-02-03T16:14:15","modified_gmt":"2025-02-03T21:14:15","slug":"audifono-con-microfono-jabra-biz-1500-duo-con-cable-negro","status":"publish","type":"product","link":"https:\/\/gmegatecnologia.com\/index.php\/producto\/audifono-con-microfono-jabra-biz-1500-duo-con-cable-negro\/","title":{"rendered":"AUDIFONO CON MICROFONO JABRA BIZ 1500 DUO CON CABLE NEGRO"},"content":{"rendered":"<ul>\n<li><strong>Tipo<\/strong>: Duoaural (dos altavoces para sonido est\u00e9reo).<\/li>\n<li><strong>Conexi\u00f3n<\/strong>: Cable con jack de 3,5 mm o USB.<\/li>\n<li><strong>Micr\u00f3fono<\/strong>: Unidireccional con cancelaci\u00f3n de ruido pasiva.<\/li>\n<li><strong>Sonido<\/strong>: Est\u00e9reo, claro y n\u00edtido.<\/li>\n<li><strong>Dise\u00f1o<\/strong>: Supraaural, con almohadillas acolchonadas.<\/li>\n<li><strong>Controles<\/strong>: En el cable para volumen, mute y gesti\u00f3n de llamadas.<\/li>\n<li><strong>Compatibilidad<\/strong>: Con PCs, laptops y plataformas como Skype y Teams.<\/li>\n<li><strong>Durabilidad<\/strong>: Construcci\u00f3n robusta para uso intensivo.<\/li>\n<li><strong>Comodidad<\/strong>: Ligero y c\u00f3modo para uso prolongado.<\/li>\n<li><strong>Cancelaci\u00f3n de ruido<\/strong>: Pasiva, reduce el ruido ambiental.<\/li>\n<\/ul>\n","protected":false},"excerpt":{"rendered":"<div class=\"flex-shrink-0 flex flex-col relative items-end\">\n<div>\n<div class=\"pt-0\">\n<div class=\"gizmo-bot-avatar flex h-8 w-8 items-center justify-center overflow-hidden rounded-full\">\n<div class=\"relative p-1 rounded-sm flex items-center justify-center bg-token-main-surface-primary text-token-text-primary h-8 w-8\"><\/div>\n<\/div>\n<\/div>\n<\/div>\n<\/div>\n<div class=\"group\/conversation-turn relative flex w-full min-w-0 flex-col agent-turn\">\n<div class=\"flex-col gap-1 md:gap-3\">\n<div class=\"flex max-w-full flex-col flex-grow\">\n<div class=\"min-h-8 text-message flex w-full flex-col items-end gap-2 whitespace-normal break-words [.text-message+&amp;]:mt-5\" dir=\"auto\" data-message-author-role=\"assistant\" data-message-id=\"40e4ee2c-cb09-4374-a221-e6d2fd1f608e\" data-message-model-slug=\"gpt-4o-mini\">\n<div class=\"flex w-full flex-col gap-1 empty:hidden first:pt-[3px]\">\n<div class=\"markdown prose w-full break-words dark:prose-invert dark\">\n<p>El <strong>Jabra BIZ 1500 Duo con cable negro<\/strong> es un auricular dise\u00f1ado para profesionales que requieren claridad en las llamadas y comodidad durante largos per\u00edodos de uso. Cuenta con un dise\u00f1o <strong>duoaural<\/strong>, es decir, tiene dos altavoces para ofrecer un sonido est\u00e9reo claro, lo que mejora la calidad de las conversaciones. El micr\u00f3fono <strong>unidireccional<\/strong> con <strong>cancelaci\u00f3n de ruido pasiva<\/strong> ayuda a reducir el ruido ambiental, asegurando una comunicaci\u00f3n n\u00edtida. Este auricular es compatible con dispositivos que utilizan <strong>conexi\u00f3n jack de 3,5 mm<\/strong> o <strong>USB<\/strong>, lo que lo hace vers\u00e1til para PCs, laptops y otros dispositivos. Su dise\u00f1o supraaural, con almohadillas acolchonadas, garantiza comodidad durante el uso prolongado. Los controles integrados en el cable permiten ajustar el volumen, silenciar el micr\u00f3fono y gestionar llamadas f\u00e1cilmente. Es ideal para centros de atenci\u00f3n al cliente y oficinas, donde se requieren auriculares duraderos, c\u00f3modos y eficaces para llamadas diarias en ambientes ruidosos.<\/p>\n<\/div>\n<\/div>\n<\/div>\n<\/div>\n<\/div>\n<\/div>\n","protected":false},"featured_media":2768,"template":"","meta":[],"product_brand":[],"product_cat":[37],"product_tag":[],"class_list":{"0":"post-2767","1":"product","2":"type-product","3":"status-publish","4":"has-post-thumbnail","6":"product_cat-perifericos","8":"first","9":"instock","10":"sale","11":"shipping-taxable","12":"purchasable","13":"product-type-simple"},"_links":{"self":[{"href":"https:\/\/gmegatecnologia.com\/index.php\/wp-json\/wp\/v2\/product\/2767","targetHints":{"allow":["GET"]}}],"collection":[{"href":"https:\/\/gmegatecnologia.com\/index.php\/wp-json\/wp\/v2\/product"}],"about":[{"href":"https:\/\/gmegatecnologia.com\/index.php\/wp-json\/wp\/v2\/types\/product"}],"wp:featuredmedia":[{"embeddable":true,"href":"https:\/\/gmegatecnologia.com\/index.php\/wp-json\/wp\/v2\/media\/2768"}],"wp:attachment":[{"href":"https:\/\/gmegatecnologia.com\/index.php\/wp-json\/wp\/v2\/media?parent=2767"}],"wp:term":[{"taxonomy":"product_brand","embeddable":true,"href":"https:\/\/gmegatecnologia.com\/index.php\/wp-json\/wp\/v2\/product_brand?post=2767"},{"taxonomy":"product_cat","embeddable":true,"href":"https:\/\/gmegatecnologia.com\/index.php\/wp-json\/wp\/v2\/product_cat?post=2767"},{"taxonomy":"product_tag","embeddable":true,"href":"https:\/\/gmegatecnologia.com\/index.php\/wp-json\/wp\/v2\/product_tag?post=2767"}],"curies":[{"name":"wp","href":"https:\/\/api.w.org\/{rel}","templated":true}]}}