{"id":2763,"date":"2025-02-03T15:50:29","date_gmt":"2025-02-03T20:50:29","guid":{"rendered":"https:\/\/gmegatecnologia.com\/?post_type=product&#038;p=2763"},"modified":"2025-02-03T16:14:23","modified_gmt":"2025-02-03T21:14:23","slug":"audifono-con-microfono-jabra-evolve-30-ii-mono-con-cable-negro","status":"publish","type":"product","link":"https:\/\/gmegatecnologia.com\/index.php\/producto\/audifono-con-microfono-jabra-evolve-30-ii-mono-con-cable-negro\/","title":{"rendered":"AUDIFONO CON MICROFONO JABRA EVOLVE 30 II MONO CON CABLE NEGRO"},"content":{"rendered":"<ul>\n<li><strong>Tipo<\/strong>: Auricular monoaural (un solo altavoz).<\/li>\n<li><strong>Conexi\u00f3n<\/strong>: Cable USB (A) o jack de 3,5 mm.<\/li>\n<li><strong>Micr\u00f3fono<\/strong>: Unidireccional, ajustable, con cancelaci\u00f3n de ruido pasiva.<\/li>\n<li><strong>Sonido<\/strong>: Monoaural, ideal para mantener la conciencia del entorno.<\/li>\n<li><strong>Dise\u00f1o<\/strong>: Supraaural, con almohadilla acolchonada.<\/li>\n<li><strong>Controles<\/strong>: En el cable para ajustar volumen, silenciar micr\u00f3fono y gestionar llamadas.<\/li>\n<li><strong>Compatibilidad<\/strong>: Con PC, smartphones y plataformas como Microsoft Teams y Skype.<\/li>\n<li><strong>Cancelaci\u00f3n de ruido<\/strong>: Pasiva para reducir el ruido ambiental.<\/li>\n<li><strong>Durabilidad<\/strong>: Resistente para uso intensivo.<\/li>\n<li><strong>Comodidad<\/strong>: Ligero y c\u00f3modo para uso prolongado.<\/li>\n<\/ul>\n","protected":false},"excerpt":{"rendered":"<div class=\"flex max-w-full flex-col flex-grow\">\n<div class=\"min-h-8 text-message flex w-full flex-col items-end gap-2 whitespace-normal break-words [.text-message+&amp;]:mt-5\" dir=\"auto\" data-message-author-role=\"assistant\" data-message-id=\"5c99868c-0714-4a1c-a0a8-ee0c827b4f48\" data-message-model-slug=\"gpt-4o-mini\">\n<div class=\"flex w-full flex-col gap-1 empty:hidden first:pt-[3px]\">\n<div class=\"markdown prose w-full break-words dark:prose-invert dark\">\n<p>El <strong>Jabra Evolve 30 II Mono con cable negro<\/strong> es un auricular monoaural con micr\u00f3fono unidireccional y cancelaci\u00f3n de ruido pasiva, dise\u00f1ado para ofrecer comunicaci\u00f3n clara en entornos laborales. Se conecta v\u00eda USB o jack de 3,5 mm, compatible con PC, smartphones y plataformas como Microsoft Teams y Skype. Su dise\u00f1o c\u00f3modo y ligero, con almohadilla acolchonada, permite un uso prolongado. Incluye controles integrados en el cable para gestionar volumen y micr\u00f3fono. Ideal para llamadas de conferencia, centros de atenci\u00f3n al cliente y entornos de oficina. Duradero y f\u00e1cil de usar, con aislamiento de ruido b\u00e1sico.<\/p>\n<\/div>\n<\/div>\n<\/div>\n<\/div>\n<div class=\"mb-2 flex gap-3 empty:hidden -ml-2\">\n<div class=\"items-center justify-start rounded-xl p-1 flex\">\n<div class=\"flex items-center\">\n<p>&nbsp;<\/p>\n<div class=\"flex items-center pb-0\"><span class=\"overflow-hidden text-clip whitespace-nowrap text-sm\">4o mini<\/span><\/div>\n<\/div>\n<\/div>\n<\/div>\n","protected":false},"featured_media":2761,"template":"","meta":[],"product_brand":[],"product_cat":[37],"product_tag":[],"class_list":{"0":"post-2763","1":"product","2":"type-product","3":"status-publish","4":"has-post-thumbnail","6":"product_cat-perifericos","8":"first","9":"instock","10":"sale","11":"shipping-taxable","12":"purchasable","13":"product-type-simple"},"_links":{"self":[{"href":"https:\/\/gmegatecnologia.com\/index.php\/wp-json\/wp\/v2\/product\/2763","targetHints":{"allow":["GET"]}}],"collection":[{"href":"https:\/\/gmegatecnologia.com\/index.php\/wp-json\/wp\/v2\/product"}],"about":[{"href":"https:\/\/gmegatecnologia.com\/index.php\/wp-json\/wp\/v2\/types\/product"}],"wp:featuredmedia":[{"embeddable":true,"href":"https:\/\/gmegatecnologia.com\/index.php\/wp-json\/wp\/v2\/media\/2761"}],"wp:attachment":[{"href":"https:\/\/gmegatecnologia.com\/index.php\/wp-json\/wp\/v2\/media?parent=2763"}],"wp:term":[{"taxonomy":"product_brand","embeddable":true,"href":"https:\/\/gmegatecnologia.com\/index.php\/wp-json\/wp\/v2\/product_brand?post=2763"},{"taxonomy":"product_cat","embeddable":true,"href":"https:\/\/gmegatecnologia.com\/index.php\/wp-json\/wp\/v2\/product_cat?post=2763"},{"taxonomy":"product_tag","embeddable":true,"href":"https:\/\/gmegatecnologia.com\/index.php\/wp-json\/wp\/v2\/product_tag?post=2763"}],"curies":[{"name":"wp","href":"https:\/\/api.w.org\/{rel}","templated":true}]}}