{"id":2752,"date":"2024-11-26T16:03:11","date_gmt":"2024-11-26T21:03:11","guid":{"rendered":"https:\/\/gmegatecnologia.com\/?post_type=product&#038;p=2752"},"modified":"2024-11-26T16:03:25","modified_gmt":"2024-11-26T21:03:25","slug":"parlante-jbl-clip-5-bluetooth-inalambrico-rojo","status":"publish","type":"product","link":"https:\/\/gmegatecnologia.com\/index.php\/producto\/parlante-jbl-clip-5-bluetooth-inalambrico-rojo\/","title":{"rendered":"PARLANTE JBL CLIP 5 BLUETOOTH INALAMBRICO ROJO"},"content":{"rendered":"<ul>\n<li><strong>Conectividad Bluetooth 5.1<\/strong> para emparejamiento r\u00e1pido.<\/li>\n<li><strong>Sonido JBL Original Pro<\/strong> con graves potentes y claridad de audio.<\/li>\n<li><strong>Resistencia IP67<\/strong>: resistente al agua y al polvo.<\/li>\n<li><strong>Bater\u00eda de hasta 10 horas<\/strong> de reproducci\u00f3n continua.<\/li>\n<li><strong>Dise\u00f1o compacto y port\u00e1til<\/strong> con clip integrado para f\u00e1cil transporte.<\/li>\n<li><strong>Carga r\u00e1pida USB-C<\/strong> para conveniencia.<\/li>\n<li><strong>Dise\u00f1o robusto y duradero<\/strong> ideal para actividades al aire libre.<\/li>\n<\/ul>\n","protected":false},"excerpt":{"rendered":"<div class=\"flex-shrink-0 flex flex-col relative items-end\">\n<div>\n<div class=\"pt-0\">\n<div class=\"gizmo-bot-avatar flex h-8 w-8 items-center justify-center overflow-hidden rounded-full\">\n<div class=\"relative p-1 rounded-sm flex items-center justify-center bg-token-main-surface-primary text-token-text-primary h-8 w-8\"><\/div>\n<\/div>\n<\/div>\n<\/div>\n<\/div>\n<div class=\"group\/conversation-turn relative flex w-full min-w-0 flex-col agent-turn\">\n<div class=\"flex-col gap-1 md:gap-3\">\n<div class=\"flex max-w-full flex-col flex-grow\">\n<div class=\"min-h-8 text-message flex w-full flex-col items-end gap-2 whitespace-normal break-words [.text-message+&amp;]:mt-5\" dir=\"auto\" data-message-author-role=\"assistant\" data-message-id=\"357c50d0-a08a-4c9a-94fb-8f3e489e4bcc\" data-message-model-slug=\"gpt-4o-mini\">\n<div class=\"flex w-full flex-col gap-1 empty:hidden first:pt-[3px]\">\n<div class=\"markdown prose w-full break-words dark:prose-invert dark\">\n<p>El <strong>JBL Clip 5 Bluetooth inal\u00e1mbrico rojo<\/strong> es un parlante compacto y port\u00e1til con un sonido potente gracias a la tecnolog\u00eda <strong>JBL Original Pro<\/strong>. Cuenta con <strong>conectividad Bluetooth 5.1<\/strong>, lo que permite emparejarlo f\u00e1cilmente con dispositivos. Su <strong>certificaci\u00f3n IP67<\/strong> lo hace resistente al agua y al polvo, ideal para actividades al aire libre. Ofrece hasta <strong>10 horas<\/strong> de reproducci\u00f3n continua con una <strong>bater\u00eda de larga duraci\u00f3n<\/strong> y <strong>carga r\u00e1pida<\/strong> a trav\u00e9s de USB-C. Adem\u00e1s, incluye un <strong>clip integrado<\/strong> para llevarlo con facilidad a cualquier lugar. Es perfecto para quienes buscan un sonido de calidad en un dise\u00f1o robusto y port\u00e1til.<\/p>\n<\/div>\n<\/div>\n<\/div>\n<\/div>\n<\/div>\n<\/div>\n","protected":false},"featured_media":2753,"template":"","meta":[],"product_brand":[],"product_cat":[37],"product_tag":[],"class_list":{"0":"post-2752","1":"product","2":"type-product","3":"status-publish","4":"has-post-thumbnail","6":"product_cat-perifericos","8":"first","9":"instock","10":"sale","11":"shipping-taxable","12":"purchasable","13":"product-type-simple"},"_links":{"self":[{"href":"https:\/\/gmegatecnologia.com\/index.php\/wp-json\/wp\/v2\/product\/2752","targetHints":{"allow":["GET"]}}],"collection":[{"href":"https:\/\/gmegatecnologia.com\/index.php\/wp-json\/wp\/v2\/product"}],"about":[{"href":"https:\/\/gmegatecnologia.com\/index.php\/wp-json\/wp\/v2\/types\/product"}],"wp:featuredmedia":[{"embeddable":true,"href":"https:\/\/gmegatecnologia.com\/index.php\/wp-json\/wp\/v2\/media\/2753"}],"wp:attachment":[{"href":"https:\/\/gmegatecnologia.com\/index.php\/wp-json\/wp\/v2\/media?parent=2752"}],"wp:term":[{"taxonomy":"product_brand","embeddable":true,"href":"https:\/\/gmegatecnologia.com\/index.php\/wp-json\/wp\/v2\/product_brand?post=2752"},{"taxonomy":"product_cat","embeddable":true,"href":"https:\/\/gmegatecnologia.com\/index.php\/wp-json\/wp\/v2\/product_cat?post=2752"},{"taxonomy":"product_tag","embeddable":true,"href":"https:\/\/gmegatecnologia.com\/index.php\/wp-json\/wp\/v2\/product_tag?post=2752"}],"curies":[{"name":"wp","href":"https:\/\/api.w.org\/{rel}","templated":true}]}}