{"id":2751,"date":"2024-11-26T15:58:51","date_gmt":"2024-11-26T20:58:51","guid":{"rendered":"https:\/\/gmegatecnologia.com\/?post_type=product&#038;p=2751"},"modified":"2024-11-26T15:58:52","modified_gmt":"2024-11-26T20:58:52","slug":"parlante-jbl-flip-6-bluetooth-inalambrico-gris","status":"publish","type":"product","link":"https:\/\/gmegatecnologia.com\/index.php\/producto\/parlante-jbl-flip-6-bluetooth-inalambrico-gris\/","title":{"rendered":"PARLANTE JBL FLIP 6 BLUETOOTH INALAMBRICO GRIS"},"content":{"rendered":"<ul>\n<li><strong>Conectividad Bluetooth 5.1<\/strong> para conexi\u00f3n r\u00e1pida y estable.<\/li>\n<li><strong>Sonido JBL Original Pro<\/strong> con graves profundos y audio claro.<\/li>\n<li><strong>Resistencia IP67<\/strong>: resistente al agua y al polvo.<\/li>\n<li><strong>Bater\u00eda de hasta 12 horas<\/strong> de reproducci\u00f3n continua.<\/li>\n<li><strong>Carga r\u00e1pida USB-C<\/strong> para recargar r\u00e1pidamente.<\/li>\n<li><strong>Dise\u00f1o compacto y port\u00e1til<\/strong> con materiales duraderos.<\/li>\n<li><strong>Funci\u00f3n PartyBoost<\/strong> para conectar dos altavoces JBL compatibles y obtener un sonido m\u00e1s grande.<\/li>\n<\/ul>\n","protected":false},"excerpt":{"rendered":"<div class=\"flex-shrink-0 flex flex-col relative items-end\">\n<div>\n<div class=\"pt-0\">\n<div class=\"gizmo-bot-avatar flex h-8 w-8 items-center justify-center overflow-hidden rounded-full\">\n<div class=\"relative p-1 rounded-sm flex items-center justify-center bg-token-main-surface-primary text-token-text-primary h-8 w-8\"><\/div>\n<\/div>\n<\/div>\n<\/div>\n<\/div>\n<div class=\"group\/conversation-turn relative flex w-full min-w-0 flex-col agent-turn\">\n<div class=\"flex-col gap-1 md:gap-3\">\n<div class=\"flex max-w-full flex-col flex-grow\">\n<div class=\"min-h-8 text-message flex w-full flex-col items-end gap-2 whitespace-normal break-words [.text-message+&amp;]:mt-5\" dir=\"auto\" data-message-author-role=\"assistant\" data-message-id=\"8e7906b7-362a-48c5-8d15-7777ba9db41e\" data-message-model-slug=\"gpt-4o-mini\">\n<div class=\"flex w-full flex-col gap-1 empty:hidden first:pt-[3px]\">\n<div class=\"markdown prose w-full break-words dark:prose-invert dark\">\n<p>El <strong>JBL Flip 6 Bluetooth inal\u00e1mbrico gris<\/strong> ofrece un sonido potente con la tecnolog\u00eda <strong>JBL Original Pro<\/strong>, que incluye graves profundos y agudos n\u00edtidos. Su <strong>conectividad Bluetooth 5.1<\/strong> asegura emparejamiento r\u00e1pido y estable con dispositivos. Con una <strong>bater\u00eda de hasta 12 horas<\/strong> de reproducci\u00f3n continua, es ideal para disfrutar de m\u00fasica durante todo el d\u00eda. Adem\u00e1s, cuenta con <strong>resistencia IP67<\/strong>, lo que lo hace resistente al agua y al polvo. La <strong>carga r\u00e1pida USB-C<\/strong> permite recargarlo r\u00e1pidamente. Tambi\u00e9n incluye la funci\u00f3n <strong>PartyBoost<\/strong> para conectar dos altavoces JBL compatibles y obtener un sonido m\u00e1s grande y envolvente.<\/p>\n<\/div>\n<\/div>\n<\/div>\n<\/div>\n<\/div>\n<\/div>\n","protected":false},"featured_media":2749,"template":"","meta":[],"product_brand":[],"product_cat":[37],"product_tag":[],"class_list":{"0":"post-2751","1":"product","2":"type-product","3":"status-publish","4":"has-post-thumbnail","6":"product_cat-perifericos","8":"first","9":"instock","10":"sale","11":"shipping-taxable","12":"purchasable","13":"product-type-simple"},"_links":{"self":[{"href":"https:\/\/gmegatecnologia.com\/index.php\/wp-json\/wp\/v2\/product\/2751","targetHints":{"allow":["GET"]}}],"collection":[{"href":"https:\/\/gmegatecnologia.com\/index.php\/wp-json\/wp\/v2\/product"}],"about":[{"href":"https:\/\/gmegatecnologia.com\/index.php\/wp-json\/wp\/v2\/types\/product"}],"wp:featuredmedia":[{"embeddable":true,"href":"https:\/\/gmegatecnologia.com\/index.php\/wp-json\/wp\/v2\/media\/2749"}],"wp:attachment":[{"href":"https:\/\/gmegatecnologia.com\/index.php\/wp-json\/wp\/v2\/media?parent=2751"}],"wp:term":[{"taxonomy":"product_brand","embeddable":true,"href":"https:\/\/gmegatecnologia.com\/index.php\/wp-json\/wp\/v2\/product_brand?post=2751"},{"taxonomy":"product_cat","embeddable":true,"href":"https:\/\/gmegatecnologia.com\/index.php\/wp-json\/wp\/v2\/product_cat?post=2751"},{"taxonomy":"product_tag","embeddable":true,"href":"https:\/\/gmegatecnologia.com\/index.php\/wp-json\/wp\/v2\/product_tag?post=2751"}],"curies":[{"name":"wp","href":"https:\/\/api.w.org\/{rel}","templated":true}]}}