{"id":2677,"date":"2024-11-21T16:16:35","date_gmt":"2024-11-21T21:16:35","guid":{"rendered":"https:\/\/gmegatecnologia.com\/?post_type=product&#038;p=2677"},"modified":"2024-11-21T16:16:35","modified_gmt":"2024-11-21T21:16:35","slug":"parlante-creative-sound-bar-stage-se-24w-48w-bt-usb-sb-surround-220v-con-cable-negro","status":"publish","type":"product","link":"https:\/\/gmegatecnologia.com\/index.php\/producto\/parlante-creative-sound-bar-stage-se-24w-48w-bt-usb-sb-surround-220v-con-cable-negro\/","title":{"rendered":"PARLANTE CREATIVE SOUND BAR STAGE SE 24W\/48W BT\/USB SB SURROUND 220V CON CABLE NEGRO"},"content":{"rendered":"<ul>\n<li><strong>Potencia de salida<\/strong>: 24W RMS (48W de pico), ofreciendo un sonido potente y envolvente.<\/li>\n<li><strong>Conectividad Bluetooth<\/strong>: Permite la conexi\u00f3n inal\u00e1mbrica con dispositivos compatibles como smartphones, tablets y computadoras.<\/li>\n<li><strong>Entrada USB<\/strong>: Para reproducci\u00f3n de audio desde dispositivos que soporten conexi\u00f3n USB.<\/li>\n<li><strong>Sonido envolvente SB Surround<\/strong>: Tecnolog\u00eda que mejora la experiencia auditiva con un sonido envolvente, ideal para pel\u00edculas y m\u00fasica.<\/li>\n<li><strong>Conexi\u00f3n a 220V<\/strong>: Requiere alimentaci\u00f3n el\u00e9ctrica directa a trav\u00e9s de corriente alterna (220V).<\/li>\n<li><strong>Dise\u00f1o elegante en color negro<\/strong>: Estilo moderno que se adapta a cualquier entorno, ya sea en el hogar o la oficina.<\/li>\n<\/ul>\n","protected":false},"excerpt":{"rendered":"<div class=\"flex-shrink-0 flex flex-col relative items-end\">\n<div>\n<div class=\"pt-0\">\n<div class=\"gizmo-bot-avatar flex h-8 w-8 items-center justify-center overflow-hidden rounded-full\">\n<div class=\"relative p-1 rounded-sm flex items-center justify-center bg-token-main-surface-primary text-token-text-primary h-8 w-8\"><\/div>\n<\/div>\n<\/div>\n<\/div>\n<\/div>\n<div class=\"group\/conversation-turn relative flex w-full min-w-0 flex-col agent-turn\">\n<div class=\"flex-col gap-1 md:gap-3\">\n<div class=\"flex max-w-full flex-col flex-grow\">\n<div class=\"min-h-8 text-message flex w-full flex-col items-end gap-2 whitespace-normal break-words [.text-message+&amp;]:mt-5\" dir=\"auto\" data-message-author-role=\"assistant\" data-message-id=\"9ee8bf0c-3451-422b-b3f3-c7f6eb0237d2\" data-message-model-slug=\"gpt-4o-mini\">\n<div class=\"flex w-full flex-col gap-1 empty:hidden first:pt-[3px]\">\n<div class=\"markdown prose w-full break-words dark:prose-invert dark\">\n<p>El <strong>parlante Creative Sound Bar Stage SE<\/strong> ofrece una potencia de <strong>24W RMS<\/strong> (48W de pico), proporcionando un sonido potente y claro. Su <strong>conectividad Bluetooth<\/strong> permite la transmisi\u00f3n inal\u00e1mbrica de audio desde dispositivos como smartphones y computadoras, mientras que la <strong>entrada USB<\/strong> facilita la reproducci\u00f3n directa desde otros dispositivos. Con la tecnolog\u00eda <strong>SB Surround<\/strong>, mejora la experiencia auditiva ofreciendo un sonido envolvente, ideal para pel\u00edculas y m\u00fasica. Requiere alimentaci\u00f3n de <strong>220V<\/strong> para su funcionamiento, y su dise\u00f1o elegante en <strong>negro<\/strong> se adapta perfectamente a cualquier espacio moderno, ya sea en el hogar o la oficina.<\/p>\n<\/div>\n<\/div>\n<\/div>\n<\/div>\n<\/div>\n<\/div>\n","protected":false},"featured_media":2678,"template":"","meta":[],"product_brand":[],"product_cat":[37],"product_tag":[],"class_list":{"0":"post-2677","1":"product","2":"type-product","3":"status-publish","4":"has-post-thumbnail","6":"product_cat-perifericos","8":"first","9":"instock","10":"sale","11":"shipping-taxable","12":"purchasable","13":"product-type-simple"},"_links":{"self":[{"href":"https:\/\/gmegatecnologia.com\/index.php\/wp-json\/wp\/v2\/product\/2677","targetHints":{"allow":["GET"]}}],"collection":[{"href":"https:\/\/gmegatecnologia.com\/index.php\/wp-json\/wp\/v2\/product"}],"about":[{"href":"https:\/\/gmegatecnologia.com\/index.php\/wp-json\/wp\/v2\/types\/product"}],"wp:featuredmedia":[{"embeddable":true,"href":"https:\/\/gmegatecnologia.com\/index.php\/wp-json\/wp\/v2\/media\/2678"}],"wp:attachment":[{"href":"https:\/\/gmegatecnologia.com\/index.php\/wp-json\/wp\/v2\/media?parent=2677"}],"wp:term":[{"taxonomy":"product_brand","embeddable":true,"href":"https:\/\/gmegatecnologia.com\/index.php\/wp-json\/wp\/v2\/product_brand?post=2677"},{"taxonomy":"product_cat","embeddable":true,"href":"https:\/\/gmegatecnologia.com\/index.php\/wp-json\/wp\/v2\/product_cat?post=2677"},{"taxonomy":"product_tag","embeddable":true,"href":"https:\/\/gmegatecnologia.com\/index.php\/wp-json\/wp\/v2\/product_tag?post=2677"}],"curies":[{"name":"wp","href":"https:\/\/api.w.org\/{rel}","templated":true}]}}