{"id":2670,"date":"2024-11-21T16:06:27","date_gmt":"2024-11-21T21:06:27","guid":{"rendered":"https:\/\/gmegatecnologia.com\/?post_type=product&#038;p=2670"},"modified":"2024-11-21T16:06:27","modified_gmt":"2024-11-21T21:06:27","slug":"parlante-creative-sound-bar-stage-se-mini-12w-24w-bt-usb-3-5mm-con-cable-negro","status":"publish","type":"product","link":"https:\/\/gmegatecnologia.com\/index.php\/producto\/parlante-creative-sound-bar-stage-se-mini-12w-24w-bt-usb-3-5mm-con-cable-negro\/","title":{"rendered":"PARLANTE CREATIVE SOUND BAR STAGE SE MINI 12W\/24W BT\/USB\/3.5MM CON CABLE NEGRO"},"content":{"rendered":"<ul>\n<li><strong>Potencia de salida<\/strong>: 12W RMS (24W de pico), ofreciendo un sonido potente para su tama\u00f1o compacto.<\/li>\n<li><strong>Conectividad Bluetooth<\/strong>: Permite conexi\u00f3n inal\u00e1mbrica con dispositivos compatibles como smartphones, tablets y computadoras.<\/li>\n<li><strong>Entrada USB<\/strong>: Para conexi\u00f3n directa con dispositivos que soporten audio a trav\u00e9s de USB.<\/li>\n<li><strong>Entrada de 3.5mm<\/strong>: Conector auxiliar para dispositivos con salida de audio est\u00e1ndar de 3.5mm.<\/li>\n<li><strong>Puerto USB-C para alimentaci\u00f3n<\/strong>: Utiliza USB-C para una carga r\u00e1pida y eficiente del dispositivo.<\/li>\n<li><strong>Dise\u00f1o compacto y elegante<\/strong>: En color negro, ideal para espacios peque\u00f1os y modernos sin comprometer el rendimiento de sonido.<\/li>\n<\/ul>\n","protected":false},"excerpt":{"rendered":"<div class=\"flex max-w-full flex-col flex-grow\">\n<div class=\"min-h-8 text-message flex w-full flex-col items-end gap-2 whitespace-normal break-words [.text-message+&amp;]:mt-5\" dir=\"auto\" data-message-author-role=\"assistant\" data-message-id=\"3150f887-9b34-4e2d-90eb-1348de619609\" data-message-model-slug=\"gpt-4o-mini\">\n<div class=\"flex w-full flex-col gap-1 empty:hidden first:pt-[3px]\">\n<div class=\"markdown prose w-full break-words dark:prose-invert dark\">\n<p>El <strong>parlante Creative Sound Bar Stage SE Mini<\/strong> es un dispositivo compacto de 12W RMS (24W pico) de potencia, ideal para ofrecer un sonido claro y potente en espacios peque\u00f1os. Cuenta con conectividad <strong>Bluetooth<\/strong> para una conexi\u00f3n inal\u00e1mbrica con dispositivos compatibles, adem\u00e1s de <strong>entrada USB<\/strong> y <strong>entrada de 3.5mm<\/strong> para conectar otros dispositivos. Su <strong>puerto USB-C<\/strong> permite una carga r\u00e1pida y eficiente. Con un dise\u00f1o moderno en color negro, es perfecto para complementar el entorno de cualquier habitaci\u00f3n o oficina. Ofrece una experiencia de sonido vers\u00e1til y de alta calidad en un tama\u00f1o reducido.<\/p>\n<\/div>\n<\/div>\n<\/div>\n<\/div>\n<div class=\"mb-2 flex gap-3 empty:hidden -ml-2\">\n<div class=\"items-center justify-start rounded-xl p-1 flex\">\n<div class=\"flex items-center\"><button class=\"rounded-lg text-token-text-secondary hover:bg-token-main-surface-secondary\" aria-label=\"Copiar\" data-testid=\"copy-turn-action-button\"><\/button><\/p>\n<div class=\"flex items-center pb-0\"><span class=\"overflow-hidden text-clip whitespace-nowrap text-sm\">4o mini<\/span><\/div>\n<\/div>\n<\/div>\n<\/div>\n","protected":false},"featured_media":2671,"template":"","meta":[],"product_brand":[],"product_cat":[37],"product_tag":[],"class_list":{"0":"post-2670","1":"product","2":"type-product","3":"status-publish","4":"has-post-thumbnail","6":"product_cat-perifericos","8":"first","9":"instock","10":"sale","11":"shipping-taxable","12":"purchasable","13":"product-type-simple"},"_links":{"self":[{"href":"https:\/\/gmegatecnologia.com\/index.php\/wp-json\/wp\/v2\/product\/2670","targetHints":{"allow":["GET"]}}],"collection":[{"href":"https:\/\/gmegatecnologia.com\/index.php\/wp-json\/wp\/v2\/product"}],"about":[{"href":"https:\/\/gmegatecnologia.com\/index.php\/wp-json\/wp\/v2\/types\/product"}],"wp:featuredmedia":[{"embeddable":true,"href":"https:\/\/gmegatecnologia.com\/index.php\/wp-json\/wp\/v2\/media\/2671"}],"wp:attachment":[{"href":"https:\/\/gmegatecnologia.com\/index.php\/wp-json\/wp\/v2\/media?parent=2670"}],"wp:term":[{"taxonomy":"product_brand","embeddable":true,"href":"https:\/\/gmegatecnologia.com\/index.php\/wp-json\/wp\/v2\/product_brand?post=2670"},{"taxonomy":"product_cat","embeddable":true,"href":"https:\/\/gmegatecnologia.com\/index.php\/wp-json\/wp\/v2\/product_cat?post=2670"},{"taxonomy":"product_tag","embeddable":true,"href":"https:\/\/gmegatecnologia.com\/index.php\/wp-json\/wp\/v2\/product_tag?post=2670"}],"curies":[{"name":"wp","href":"https:\/\/api.w.org\/{rel}","templated":true}]}}