{"id":2614,"date":"2025-01-03T17:00:52","date_gmt":"2025-01-03T22:00:52","guid":{"rendered":"https:\/\/gmegatecnologia.com\/?post_type=product&#038;p=2614"},"modified":"2025-01-03T17:16:10","modified_gmt":"2025-01-03T22:16:10","slug":"presentador-targus-amp16us-inalambrico-con-puntero-laser-15m-alcance","status":"publish","type":"product","link":"https:\/\/gmegatecnologia.com\/index.php\/producto\/presentador-targus-amp16us-inalambrico-con-puntero-laser-15m-alcance\/","title":{"rendered":"PRESENTADOR TARGUS AMP16US INALAMBRICO CON PUNTERO LASER 15M ALCANCE"},"content":{"rendered":"<ul>\n<li><strong>Conectividad inal\u00e1mbrica<\/strong>: Utiliza un receptor USB de 2.4 GHz para conexi\u00f3n sin cables, asegurando una conexi\u00f3n estable.<\/li>\n<li><strong>Alcance<\/strong>: Hasta 15 metros, proporcionando suficiente libertad de movimiento en salas de tama\u00f1o medio.<\/li>\n<li><strong>Puntero l\u00e1ser<\/strong>: Incluye un l\u00e1ser rojo para destacar puntos clave durante la presentaci\u00f3n.<\/li>\n<li><strong>Controles<\/strong>: Botones para avanzar, retroceder diapositivas y activar el puntero l\u00e1ser.<\/li>\n<li><strong>Dise\u00f1o ergon\u00f3mico<\/strong>: Compacto y f\u00e1cil de usar, adecuado para un agarre c\u00f3modo durante presentaciones largas.<\/li>\n<li><strong>Alimentaci\u00f3n<\/strong>: Funciona con una bater\u00eda AAA, que ofrece una duraci\u00f3n prolongada.<\/li>\n<li><strong>Compatibilidad<\/strong>: Compatible con sistemas Windows y macOS, sin necesidad de software adicional.<\/li>\n<\/ul>\n","protected":false},"excerpt":{"rendered":"<div class=\"flex max-w-full flex-col flex-grow\">\n<div class=\"min-h-8 text-message flex w-full flex-col items-end gap-2 whitespace-normal break-words [.text-message+&amp;]:mt-5\" dir=\"auto\" data-message-author-role=\"assistant\" data-message-id=\"3f66c9d9-adc4-44fd-98bf-1f601d94a354\" data-message-model-slug=\"gpt-4o-mini\">\n<div class=\"flex w-full flex-col gap-1 empty:hidden first:pt-[3px]\">\n<div class=\"markdown prose w-full break-words dark:prose-invert dark\">\n<p>El <strong>Presentador Targus AMP16US Inal\u00e1mbrico con Puntero L\u00e1ser<\/strong> tiene un alcance de hasta 15 metros, ideal para presentaciones en salas medianas. Se conecta a trav\u00e9s de un receptor USB de 2.4 GHz y es compatible con Windows y macOS, sin necesidad de software adicional. Su dise\u00f1o compacto y ergon\u00f3mico facilita el uso durante largos per\u00edodos. Incluye un puntero l\u00e1ser rojo para resaltar puntos clave y botones para avanzar o retroceder diapositivas. Funciona con una bater\u00eda AAA, ofreciendo una buena duraci\u00f3n de uso.<\/p>\n<\/div>\n<\/div>\n<\/div>\n<\/div>\n<div class=\"mb-2 flex gap-3 empty:hidden -ml-2\">\n<div class=\"items-center justify-start rounded-xl p-1 flex\">\n<div class=\"flex items-center\">\n<p>&nbsp;<\/p>\n<div class=\"flex items-center pb-0\"><span class=\"overflow-hidden text-clip whitespace-nowrap text-sm\">4o mini<\/span><\/div>\n<\/div>\n<\/div>\n<\/div>\n","protected":false},"featured_media":2615,"template":"","meta":[],"product_brand":[],"product_cat":[37],"product_tag":[],"class_list":{"0":"post-2614","1":"product","2":"type-product","3":"status-publish","4":"has-post-thumbnail","6":"product_cat-perifericos","8":"first","9":"instock","10":"sale","11":"shipping-taxable","12":"purchasable","13":"product-type-simple"},"_links":{"self":[{"href":"https:\/\/gmegatecnologia.com\/index.php\/wp-json\/wp\/v2\/product\/2614","targetHints":{"allow":["GET"]}}],"collection":[{"href":"https:\/\/gmegatecnologia.com\/index.php\/wp-json\/wp\/v2\/product"}],"about":[{"href":"https:\/\/gmegatecnologia.com\/index.php\/wp-json\/wp\/v2\/types\/product"}],"wp:featuredmedia":[{"embeddable":true,"href":"https:\/\/gmegatecnologia.com\/index.php\/wp-json\/wp\/v2\/media\/2615"}],"wp:attachment":[{"href":"https:\/\/gmegatecnologia.com\/index.php\/wp-json\/wp\/v2\/media?parent=2614"}],"wp:term":[{"taxonomy":"product_brand","embeddable":true,"href":"https:\/\/gmegatecnologia.com\/index.php\/wp-json\/wp\/v2\/product_brand?post=2614"},{"taxonomy":"product_cat","embeddable":true,"href":"https:\/\/gmegatecnologia.com\/index.php\/wp-json\/wp\/v2\/product_cat?post=2614"},{"taxonomy":"product_tag","embeddable":true,"href":"https:\/\/gmegatecnologia.com\/index.php\/wp-json\/wp\/v2\/product_tag?post=2614"}],"curies":[{"name":"wp","href":"https:\/\/api.w.org\/{rel}","templated":true}]}}