{"id":2608,"date":"2024-11-15T14:26:19","date_gmt":"2024-11-15T19:26:19","guid":{"rendered":"https:\/\/gmegatecnologia.com\/?post_type=product&#038;p=2608"},"modified":"2024-11-15T14:26:47","modified_gmt":"2024-11-15T19:26:47","slug":"puntero-logitech-spotlight-inalambrico-30m-gris","status":"publish","type":"product","link":"https:\/\/gmegatecnologia.com\/index.php\/producto\/puntero-logitech-spotlight-inalambrico-30m-gris\/","title":{"rendered":"PUNTERO LOGITECH SPOTLIGHT INALAMBRICO 30M GRIS"},"content":{"rendered":"<ul>\n<li><strong>Alcance inal\u00e1mbrico<\/strong>: Hasta 30 metros, lo que proporciona libertad de movimiento durante presentaciones.<\/li>\n<li><strong>Conectividad<\/strong>: Inal\u00e1mbrica, mediante receptor USB de 2.4 GHz o conexi\u00f3n Bluetooth.<\/li>\n<li><strong>L\u00e1ser<\/strong>: Cuenta con un l\u00e1ser avanzado de alta visibilidad (rojo o verde, dependiendo del modelo).<\/li>\n<li><strong>Controles personalizables<\/strong>: Los botones pueden configurarse para diferentes funciones, como avanzar, retroceder diapositivas o activar el l\u00e1ser.<\/li>\n<li><strong>Dise\u00f1o<\/strong>: Compacto, ergon\u00f3mico y moderno, en color gris, con un acabado premium.<\/li>\n<li><strong>Pantalla de control<\/strong>: Incluye una pantalla LED que muestra la duraci\u00f3n de la bater\u00eda y la conectividad.<\/li>\n<li><strong>Bater\u00eda recargable<\/strong>: Bater\u00eda interna de iones de litio, que proporciona hasta 3 meses de uso con una carga completa.<\/li>\n<li><strong>Compatibilidad<\/strong>: Compatible con Windows, macOS, y dispositivos m\u00f3viles a trav\u00e9s de Bluetooth o USB.<\/li>\n<li><strong>Funcionalidades adicionales<\/strong>: Ofrece funciones de \u00abresaltar\u00bb y \u00abenfocar\u00bb puntos espec\u00edficos durante las presentaciones usando el software Logitech Presentation.<\/li>\n<\/ul>\n","protected":false},"excerpt":{"rendered":"<p>El <strong>Logitech Spotlight Wireless 30m Gris<\/strong> es un puntero avanzado para presentaciones, con alcance de hasta 30 metros. Se conecta mediante receptor USB de 2.4 GHz o Bluetooth. Su dise\u00f1o ergon\u00f3mico y elegante en gris incluye controles personalizables para avanzar, retroceder y activar el l\u00e1ser. Tiene una bater\u00eda recargable que ofrece hasta 3 meses de uso con una carga completa. Es compatible con Windows, macOS y dispositivos m\u00f3viles. Adem\u00e1s, permite resaltar puntos espec\u00edficos durante las presentaciones con el software Logitech Presentation.<\/p>\n","protected":false},"featured_media":2609,"template":"","meta":[],"product_brand":[],"product_cat":[37],"product_tag":[],"class_list":{"0":"post-2608","1":"product","2":"type-product","3":"status-publish","4":"has-post-thumbnail","6":"product_cat-perifericos","8":"first","9":"instock","10":"sale","11":"shipping-taxable","12":"purchasable","13":"product-type-simple"},"_links":{"self":[{"href":"https:\/\/gmegatecnologia.com\/index.php\/wp-json\/wp\/v2\/product\/2608","targetHints":{"allow":["GET"]}}],"collection":[{"href":"https:\/\/gmegatecnologia.com\/index.php\/wp-json\/wp\/v2\/product"}],"about":[{"href":"https:\/\/gmegatecnologia.com\/index.php\/wp-json\/wp\/v2\/types\/product"}],"wp:featuredmedia":[{"embeddable":true,"href":"https:\/\/gmegatecnologia.com\/index.php\/wp-json\/wp\/v2\/media\/2609"}],"wp:attachment":[{"href":"https:\/\/gmegatecnologia.com\/index.php\/wp-json\/wp\/v2\/media?parent=2608"}],"wp:term":[{"taxonomy":"product_brand","embeddable":true,"href":"https:\/\/gmegatecnologia.com\/index.php\/wp-json\/wp\/v2\/product_brand?post=2608"},{"taxonomy":"product_cat","embeddable":true,"href":"https:\/\/gmegatecnologia.com\/index.php\/wp-json\/wp\/v2\/product_cat?post=2608"},{"taxonomy":"product_tag","embeddable":true,"href":"https:\/\/gmegatecnologia.com\/index.php\/wp-json\/wp\/v2\/product_tag?post=2608"}],"curies":[{"name":"wp","href":"https:\/\/api.w.org\/{rel}","templated":true}]}}