{"id":2599,"date":"2024-11-15T10:40:06","date_gmt":"2024-11-15T15:40:06","guid":{"rendered":"https:\/\/gmegatecnologia.com\/?post_type=product&#038;p=2599"},"modified":"2024-11-15T10:41:02","modified_gmt":"2024-11-15T15:41:02","slug":"puntero-logitech-r400-inalambrico-15m-laser-rojo","status":"publish","type":"product","link":"https:\/\/gmegatecnologia.com\/index.php\/producto\/puntero-logitech-r400-inalambrico-15m-laser-rojo\/","title":{"rendered":"PUNTERO LOGITECH R400 INALAMBRICO 15M LASER ROJO"},"content":{"rendered":"<ul>\n<li><strong>Conexi\u00f3n inal\u00e1mbrica<\/strong>:\n<ul>\n<li><strong>Rango inal\u00e1mbrico de hasta 15 metros<\/strong>: Permite controlar la presentaci\u00f3n a una distancia considerable, ideal para espacios grandes.<\/li>\n<li><strong>Conexi\u00f3n USB<\/strong>: El dispositivo incluye un receptor USB que se conecta al ordenador y no necesita software adicional para su funcionamiento.<\/li>\n<\/ul>\n<\/li>\n<li><strong>Puntero l\u00e1ser rojo<\/strong>:\n<ul>\n<li>El <strong>puntero l\u00e1ser rojo<\/strong> es bastante visible, incluso en pantallas o proyecciones brillantes, lo que facilita se\u00f1alar puntos importantes durante la presentaci\u00f3n.<\/li>\n<\/ul>\n<\/li>\n<li><strong>Controles intuitivos<\/strong>:\n<ul>\n<li><strong>Avance\/retroceso de diapositivas<\/strong>: Los botones de flecha permiten navegar f\u00e1cilmente entre las diapositivas.<\/li>\n<li><strong>Bot\u00f3n de inicio<\/strong>: Funci\u00f3n para iniciar o detener la presentaci\u00f3n.<\/li>\n<li><strong>Bot\u00f3n de pantalla negra<\/strong>: Permite apagar la pantalla o proyecci\u00f3n para desviar la atenci\u00f3n del p\u00fablico o hacer una pausa en la presentaci\u00f3n.<\/li>\n<\/ul>\n<\/li>\n<li><strong>Dise\u00f1o ergon\u00f3mico<\/strong>:\n<ul>\n<li>Compacto y liviano, con botones de f\u00e1cil acceso.<\/li>\n<li><strong>Dise\u00f1o adaptado para uso con una sola mano<\/strong>, lo que lo hace c\u00f3modo de usar durante la presentaci\u00f3n.<\/li>\n<\/ul>\n<\/li>\n<li><strong>Durabilidad<\/strong>:\n<ul>\n<li>Funciona con <strong>bater\u00edas AA<\/strong> (generalmente duraderas, y dependiendo del uso, pueden durar varios meses).<\/li>\n<li>El receptor USB se puede almacenar dentro del dispositivo, evitando p\u00e9rdidas.<\/li>\n<\/ul>\n<\/li>\n<li><strong>Compatibilidad<\/strong>:\n<ul>\n<li>Compatible con sistemas operativos como <strong>Windows<\/strong> y <strong>macOS<\/strong>.<\/li>\n<li>Funciona bien con programas de presentaci\u00f3n como <strong>Microsoft PowerPoint<\/strong>, <strong>Keynote<\/strong>, entre otros.<\/li>\n<\/ul>\n<\/li>\n<li><strong>Indicador de bater\u00eda baja<\/strong>:\n<ul>\n<li>El dispositivo tiene un indicador que alerta cuando las bater\u00edas est\u00e1n bajas, evitando interrupciones durante la presentaci\u00f3n.<\/li>\n<\/ul>\n<\/li>\n<\/ul>\n","protected":false},"excerpt":{"rendered":"<p>El Logitech R400 es una herramienta eficiente y f\u00e1cil de usar para presentadores que necesitan un control inal\u00e1mbrico preciso y confiable. El puntero l\u00e1ser rojo lo hace ideal para presentaciones en salas con poca luz o pantallas grandes.<\/p>\n","protected":false},"featured_media":2600,"template":"","meta":[],"product_brand":[],"product_cat":[37],"product_tag":[],"class_list":{"0":"post-2599","1":"product","2":"type-product","3":"status-publish","4":"has-post-thumbnail","6":"product_cat-perifericos","8":"first","9":"instock","10":"sale","11":"shipping-taxable","12":"purchasable","13":"product-type-simple"},"_links":{"self":[{"href":"https:\/\/gmegatecnologia.com\/index.php\/wp-json\/wp\/v2\/product\/2599","targetHints":{"allow":["GET"]}}],"collection":[{"href":"https:\/\/gmegatecnologia.com\/index.php\/wp-json\/wp\/v2\/product"}],"about":[{"href":"https:\/\/gmegatecnologia.com\/index.php\/wp-json\/wp\/v2\/types\/product"}],"wp:featuredmedia":[{"embeddable":true,"href":"https:\/\/gmegatecnologia.com\/index.php\/wp-json\/wp\/v2\/media\/2600"}],"wp:attachment":[{"href":"https:\/\/gmegatecnologia.com\/index.php\/wp-json\/wp\/v2\/media?parent=2599"}],"wp:term":[{"taxonomy":"product_brand","embeddable":true,"href":"https:\/\/gmegatecnologia.com\/index.php\/wp-json\/wp\/v2\/product_brand?post=2599"},{"taxonomy":"product_cat","embeddable":true,"href":"https:\/\/gmegatecnologia.com\/index.php\/wp-json\/wp\/v2\/product_cat?post=2599"},{"taxonomy":"product_tag","embeddable":true,"href":"https:\/\/gmegatecnologia.com\/index.php\/wp-json\/wp\/v2\/product_tag?post=2599"}],"curies":[{"name":"wp","href":"https:\/\/api.w.org\/{rel}","templated":true}]}}