{"id":2587,"date":"2024-11-13T17:28:55","date_gmt":"2024-11-13T22:28:55","guid":{"rendered":"https:\/\/gmegatecnologia.com\/?post_type=product&#038;p=2587"},"modified":"2024-11-13T17:29:58","modified_gmt":"2024-11-13T22:29:58","slug":"toner-brother-tn-213y-tn-213m-tn-213bk","status":"publish","type":"product","link":"https:\/\/gmegatecnologia.com\/index.php\/producto\/toner-brother-tn-213y-tn-213m-tn-213bk\/","title":{"rendered":"T\u00d3NER BROTHER TN-213Y\/TN-213M\/TN-213BK"},"content":{"rendered":"<h3>Caracter\u00edsticas principales del\u00a0<strong>Brother TN-213<\/strong>:<\/h3>\n<ol>\n<li><strong>Modelo<\/strong>: TN-213<\/li>\n<li><strong>Tipo<\/strong>: Cartucho de t\u00f3ner l\u00e1ser<\/li>\n<li><strong>Compatibilidad<\/strong>:\n<ul>\n<li>Impresoras Brother de la serie HL, DCP y MFC.<\/li>\n<li>Modelos comunes compatibles:\n<ul>\n<li>HL-2130, HL-2240, HL-2270DW<\/li>\n<li>DCP-7055, DCP-7057<\/li>\n<li>MFC-7360, MFC-7460DN, MFC-7860DW<\/li>\n<\/ul>\n<\/li>\n<\/ul>\n<\/li>\n<li><strong>Rendimiento<\/strong>:\n<ul>\n<li><strong>T\u00f3ner negro<\/strong>: Aproximadamente\u00a0<strong>1,200 p\u00e1ginas<\/strong>\u00a0a 5% de cobertura seg\u00fan el est\u00e1ndar ISO\/IEC 19752.<\/li>\n<li>Tambi\u00e9n existen versiones de color (TN-213C para cian, TN-213M para magenta y TN-213Y para amarillo) en caso de ser un cartucho de t\u00f3ner de color.<\/li>\n<\/ul>\n<\/li>\n<li><strong>Calidad de impresi\u00f3n<\/strong>:\n<ul>\n<li>Alta calidad, con texto n\u00edtido y gr\u00e1ficos detallados.<\/li>\n<li>Optimizado para ofrecer impresiones de alta definici\u00f3n y durabilidad.<\/li>\n<\/ul>\n<\/li>\n<li><strong>Tecnolog\u00eda<\/strong>:\n<ul>\n<li>Utiliza tecnolog\u00eda de t\u00f3ner l\u00e1ser para una impresi\u00f3n r\u00e1pida y precisa.<\/li>\n<\/ul>\n<\/li>\n<li><strong>Tipo de t\u00f3ner<\/strong>: T\u00f3ner en polvo.<\/li>\n<li><strong>Instalaci\u00f3n<\/strong>:\n<ul>\n<li>F\u00e1cil de instalar en las impresoras compatibles.<\/li>\n<li>Dise\u00f1o de cartucho que facilita el reemplazo sin ensuciar.<\/li>\n<\/ul>\n<\/li>\n<li><strong>Colores disponibles<\/strong>:\n<ul>\n<li>TN-213BK: Negro.<\/li>\n<li>TN-213M: Magenta.<\/li>\n<li>TN-213Y: Amarillo.<\/li>\n<\/ul>\n<\/li>\n<\/ol>\n","protected":false},"excerpt":{"rendered":"<p>El cartucho de t\u00f3ner\u00a0<strong>Brother TN-213<\/strong>\u00a0es compatible con varias impresoras l\u00e1ser Brother, incluyendo modelos de las series HL, DCP y MFC. Su rendimiento es de aproximadamente\u00a0<strong>1,200 p\u00e1ginas<\/strong>\u00a0a 5% de cobertura. Est\u00e1 disponible en versiones de\u00a0<strong>t\u00f3ner negro (TN-213BK)<\/strong>\u00a0y colores\u00a0<strong>cian (TN-213C), magenta (TN-213M) y amarillo (TN-213Y)<\/strong>. Ofrece alta calidad de impresi\u00f3n, ideal para oficinas peque\u00f1as y medianas, con tecnolog\u00eda l\u00e1ser para resultados n\u00edtidos. Es f\u00e1cil de instalar y reemplazar, aunque los cartuchos originales suelen ser m\u00e1s caros que las alternativas compatibles.<\/p>\n","protected":false},"featured_media":2597,"template":"","meta":[],"product_brand":[],"product_cat":[32],"product_tag":[],"class_list":{"0":"post-2587","1":"product","2":"type-product","3":"status-publish","4":"has-post-thumbnail","6":"product_cat-suministros","8":"first","9":"instock","10":"sale","11":"shipping-taxable","12":"purchasable","13":"product-type-variable"},"_links":{"self":[{"href":"https:\/\/gmegatecnologia.com\/index.php\/wp-json\/wp\/v2\/product\/2587","targetHints":{"allow":["GET"]}}],"collection":[{"href":"https:\/\/gmegatecnologia.com\/index.php\/wp-json\/wp\/v2\/product"}],"about":[{"href":"https:\/\/gmegatecnologia.com\/index.php\/wp-json\/wp\/v2\/types\/product"}],"wp:featuredmedia":[{"embeddable":true,"href":"https:\/\/gmegatecnologia.com\/index.php\/wp-json\/wp\/v2\/media\/2597"}],"wp:attachment":[{"href":"https:\/\/gmegatecnologia.com\/index.php\/wp-json\/wp\/v2\/media?parent=2587"}],"wp:term":[{"taxonomy":"product_brand","embeddable":true,"href":"https:\/\/gmegatecnologia.com\/index.php\/wp-json\/wp\/v2\/product_brand?post=2587"},{"taxonomy":"product_cat","embeddable":true,"href":"https:\/\/gmegatecnologia.com\/index.php\/wp-json\/wp\/v2\/product_cat?post=2587"},{"taxonomy":"product_tag","embeddable":true,"href":"https:\/\/gmegatecnologia.com\/index.php\/wp-json\/wp\/v2\/product_tag?post=2587"}],"curies":[{"name":"wp","href":"https:\/\/api.w.org\/{rel}","templated":true}]}}