{"id":2582,"date":"2025-02-04T14:50:24","date_gmt":"2025-02-04T19:50:24","guid":{"rendered":"https:\/\/gmegatecnologia.com\/?post_type=product&#038;p=2582"},"modified":"2025-02-04T15:26:34","modified_gmt":"2025-02-04T20:26:34","slug":"teclado-logitech-mouse-mk850-inalambrico-negro","status":"publish","type":"product","link":"https:\/\/gmegatecnologia.com\/index.php\/producto\/teclado-logitech-mouse-mk850-inalambrico-negro\/","title":{"rendered":"TECLADO LOGITECH + MOUSE MK850 INALAMBRICO NEGRO"},"content":{"rendered":"<h3><strong>Teclado Logitech MK850<\/strong>:<\/h3>\n<ul>\n<li><strong>Conexi\u00f3n<\/strong>: Inal\u00e1mbrica v\u00eda receptor USB de 2.4 GHz o Bluetooth.<\/li>\n<li><strong>Teclas<\/strong>: 104 teclas de tama\u00f1o completo, con teclado num\u00e9rico y teclas multimedia de f\u00e1cil acceso.<\/li>\n<li><strong>Tecnolog\u00eda<\/strong>: Teclas de bajo perfil, con comodidad ergon\u00f3mica.<\/li>\n<li><strong>Duraci\u00f3n de bater\u00eda<\/strong>: Hasta 36 meses con 2 pilas AAA (dependiendo del uso).<\/li>\n<li><strong>Ergonom\u00eda<\/strong>: Dise\u00f1o con soporte para las mu\u00f1ecas y base inclinada para mejorar la postura.<\/li>\n<li><strong>Compatibilidad<\/strong>: Windows, macOS, Android, iOS.<\/li>\n<\/ul>\n<h3><strong>Mouse Logitech MK850<\/strong>:<\/h3>\n<ul>\n<li><strong>Conexi\u00f3n<\/strong>: Inal\u00e1mbrico v\u00eda receptor USB de 2.4 GHz o Bluetooth.<\/li>\n<li><strong>Sensibilidad<\/strong>: 1000 dpi (precisi\u00f3n adecuada para tareas diarias).<\/li>\n<li><strong>Dise\u00f1o<\/strong>: Ergon\u00f3mico, con soporte para la mano y botones adicionales para facilitar el control.<\/li>\n<li><strong>Duraci\u00f3n de bater\u00eda<\/strong>: Hasta 24 meses con 1 pila AA (dependiendo del uso).<\/li>\n<li><strong>Funcionalidad adicional<\/strong>: Conexi\u00f3n simult\u00e1nea a hasta 3 dispositivos diferentes y cambio f\u00e1cil entre ellos con solo presionar un bot\u00f3n.<\/li>\n<li><strong>Compatibilidad<\/strong>: Windows, macOS, Android, iOS.<\/li>\n<\/ul>\n","protected":false},"excerpt":{"rendered":"<p>El <strong>Teclado Logitech MK850<\/strong> y el <strong>Mouse Logitech MK850<\/strong> son un combo inal\u00e1mbrico ergon\u00f3mico y de alto rendimiento. Ambos dispositivos utilizan un <strong>receptor USB de 2.4 GHz<\/strong> o <strong>Bluetooth<\/strong>, permitiendo una conexi\u00f3n estable y sin cables. El teclado cuenta con <strong>104 teclas<\/strong>, un dise\u00f1o c\u00f3modo con soporte para las mu\u00f1ecas, teclas multimedia y un teclado num\u00e9rico. Su bater\u00eda dura hasta <strong>36 meses<\/strong>. El mouse tiene una <strong>resoluci\u00f3n de 1000 dpi<\/strong>, dise\u00f1o ergon\u00f3mico, y la capacidad de conectar hasta <strong>3 dispositivos diferentes<\/strong>, cambiando entre ellos con un solo bot\u00f3n. Su bater\u00eda dura hasta <strong>24 meses<\/strong>. Son <strong>compatibles con Windows, macOS, Android e iOS<\/strong>, lo que los convierte en una opci\u00f3n ideal para usuarios multitarea.<\/p>\n","protected":false},"featured_media":2583,"template":"","meta":[],"product_brand":[],"product_cat":[37],"product_tag":[],"class_list":{"0":"post-2582","1":"product","2":"type-product","3":"status-publish","4":"has-post-thumbnail","6":"product_cat-perifericos","8":"first","9":"instock","10":"sale","11":"shipping-taxable","12":"purchasable","13":"product-type-simple"},"_links":{"self":[{"href":"https:\/\/gmegatecnologia.com\/index.php\/wp-json\/wp\/v2\/product\/2582","targetHints":{"allow":["GET"]}}],"collection":[{"href":"https:\/\/gmegatecnologia.com\/index.php\/wp-json\/wp\/v2\/product"}],"about":[{"href":"https:\/\/gmegatecnologia.com\/index.php\/wp-json\/wp\/v2\/types\/product"}],"wp:featuredmedia":[{"embeddable":true,"href":"https:\/\/gmegatecnologia.com\/index.php\/wp-json\/wp\/v2\/media\/2583"}],"wp:attachment":[{"href":"https:\/\/gmegatecnologia.com\/index.php\/wp-json\/wp\/v2\/media?parent=2582"}],"wp:term":[{"taxonomy":"product_brand","embeddable":true,"href":"https:\/\/gmegatecnologia.com\/index.php\/wp-json\/wp\/v2\/product_brand?post=2582"},{"taxonomy":"product_cat","embeddable":true,"href":"https:\/\/gmegatecnologia.com\/index.php\/wp-json\/wp\/v2\/product_cat?post=2582"},{"taxonomy":"product_tag","embeddable":true,"href":"https:\/\/gmegatecnologia.com\/index.php\/wp-json\/wp\/v2\/product_tag?post=2582"}],"curies":[{"name":"wp","href":"https:\/\/api.w.org\/{rel}","templated":true}]}}