{"id":2579,"date":"2025-02-03T16:20:17","date_gmt":"2025-02-03T21:20:17","guid":{"rendered":"https:\/\/gmegatecnologia.com\/?post_type=product&#038;p=2579"},"modified":"2025-02-03T16:28:21","modified_gmt":"2025-02-03T21:28:21","slug":"teclado-logitech-mouse-mk470-inalambrico-negro","status":"publish","type":"product","link":"https:\/\/gmegatecnologia.com\/index.php\/producto\/teclado-logitech-mouse-mk470-inalambrico-negro\/","title":{"rendered":"TECLADO LOGITECH + MOUSE MK470 INALAMBRICO NEGRO"},"content":{"rendered":"<h3><strong>Teclado Logitech MK470<\/strong>:<\/h3>\n<ul>\n<li><strong>Conexi\u00f3n<\/strong>: Inal\u00e1mbrica v\u00eda receptor USB de 2.4 GHz.<\/li>\n<li><strong>Teclas<\/strong>: 105 teclas, dise\u00f1o ultra delgado y silencioso, con teclas de bajo perfil.<\/li>\n<li><strong>Tecnolog\u00eda<\/strong>: Teclas SilentTouch, para una escritura m\u00e1s silenciosa.<\/li>\n<li><strong>Duraci\u00f3n de bater\u00eda<\/strong>: Hasta 36 meses con 2 pilas AAA (dependiendo del uso).<\/li>\n<li><strong>Dise\u00f1o<\/strong>: Compacto y moderno, ideal para espacios peque\u00f1os.<\/li>\n<li><strong>Compatibilidad<\/strong>: Windows, macOS y Linux.<\/li>\n<\/ul>\n<h3><strong>Mouse Logitech MK470<\/strong>:<\/h3>\n<ul>\n<li><strong>Conexi\u00f3n<\/strong>: Inal\u00e1mbrico v\u00eda receptor USB de 2.4 GHz.<\/li>\n<li><strong>Sensibilidad<\/strong>: 1000 dpi (precisi\u00f3n adecuada para tareas cotidianas).<\/li>\n<li><strong>Dise\u00f1o<\/strong>: Compacto, ergon\u00f3mico y ambidiestro.<\/li>\n<li><strong>Duraci\u00f3n de bater\u00eda<\/strong>: Hasta 18 meses con 1 pila AA (dependiendo del uso).<\/li>\n<li><strong>Compatibilidad<\/strong>: Windows, macOS y Linux.<\/li>\n<\/ul>\n","protected":false},"excerpt":{"rendered":"<p>El <strong>Teclado Logitech MK470<\/strong> y el <strong>Mouse Logitech MK470<\/strong> son un combo inal\u00e1mbrico compacto y eficiente. Ambos dispositivos usan un <strong>receptor USB de 2.4 GHz<\/strong>, proporcionando una conexi\u00f3n estable y sin interferencias. El teclado tiene <strong>105 teclas<\/strong> de bajo perfil con la tecnolog\u00eda <em>SilentTouch<\/em>, lo que lo hace silencioso al escribir, y su bater\u00eda puede durar hasta <strong>36 meses<\/strong>. El mouse tiene una <strong>resoluci\u00f3n de 1000 dpi<\/strong>, adecuado para tareas diarias, y su bater\u00eda dura hasta <strong>18 meses<\/strong>. Ambos dispositivos son <strong>compatibles con Windows, macOS y Linux<\/strong>. Ideal para quienes buscan un set inal\u00e1mbrico peque\u00f1o, silencioso y con larga duraci\u00f3n de bater\u00eda.<\/p>\n","protected":false},"featured_media":2581,"template":"","meta":[],"product_brand":[],"product_cat":[37],"product_tag":[],"class_list":{"0":"post-2579","1":"product","2":"type-product","3":"status-publish","4":"has-post-thumbnail","6":"product_cat-perifericos","8":"first","9":"instock","10":"sale","11":"shipping-taxable","12":"purchasable","13":"product-type-simple"},"_links":{"self":[{"href":"https:\/\/gmegatecnologia.com\/index.php\/wp-json\/wp\/v2\/product\/2579","targetHints":{"allow":["GET"]}}],"collection":[{"href":"https:\/\/gmegatecnologia.com\/index.php\/wp-json\/wp\/v2\/product"}],"about":[{"href":"https:\/\/gmegatecnologia.com\/index.php\/wp-json\/wp\/v2\/types\/product"}],"wp:featuredmedia":[{"embeddable":true,"href":"https:\/\/gmegatecnologia.com\/index.php\/wp-json\/wp\/v2\/media\/2581"}],"wp:attachment":[{"href":"https:\/\/gmegatecnologia.com\/index.php\/wp-json\/wp\/v2\/media?parent=2579"}],"wp:term":[{"taxonomy":"product_brand","embeddable":true,"href":"https:\/\/gmegatecnologia.com\/index.php\/wp-json\/wp\/v2\/product_brand?post=2579"},{"taxonomy":"product_cat","embeddable":true,"href":"https:\/\/gmegatecnologia.com\/index.php\/wp-json\/wp\/v2\/product_cat?post=2579"},{"taxonomy":"product_tag","embeddable":true,"href":"https:\/\/gmegatecnologia.com\/index.php\/wp-json\/wp\/v2\/product_tag?post=2579"}],"curies":[{"name":"wp","href":"https:\/\/api.w.org\/{rel}","templated":true}]}}