{"id":2576,"date":"2025-01-03T17:10:42","date_gmt":"2025-01-03T22:10:42","guid":{"rendered":"https:\/\/gmegatecnologia.com\/?post_type=product&#038;p=2576"},"modified":"2025-01-03T17:18:19","modified_gmt":"2025-01-03T22:18:19","slug":"teclado-logitech-mouse-mk540-inalambrico-negro","status":"publish","type":"product","link":"https:\/\/gmegatecnologia.com\/index.php\/producto\/teclado-logitech-mouse-mk540-inalambrico-negro\/","title":{"rendered":"TECLADO LOGITECH + MOUSE MK540 INALAMBRICO NEGRO"},"content":{"rendered":"<h3><strong>Teclado Logitech MK540<\/strong>:<\/h3>\n<ul>\n<li><strong>Conexi\u00f3n<\/strong>: Inal\u00e1mbrica v\u00eda receptor USB de 2.4 GHz.<\/li>\n<li><strong>Teclas<\/strong>: 104 teclas, dise\u00f1o ergon\u00f3mico y c\u00f3modo con teclado num\u00e9rico.<\/li>\n<li><strong>Tecnolog\u00eda<\/strong>: Teclas silenciosas y de bajo perfil para una escritura m\u00e1s suave.<\/li>\n<li><strong>Duraci\u00f3n de bater\u00eda<\/strong>: Hasta 3 a\u00f1os con 2 pilas AA (dependiendo del uso).<\/li>\n<li><strong>Ergonom\u00eda<\/strong>: Dise\u00f1o contorneado y descanso para las manos.<\/li>\n<li><strong>Compatibilidad<\/strong>: Windows, macOS, Linux.<\/li>\n<\/ul>\n<h3><strong>Mouse Logitech MK540<\/strong>:<\/h3>\n<ul>\n<li><strong>Conexi\u00f3n<\/strong>: Inal\u00e1mbrico v\u00eda receptor USB de 2.4 GHz.<\/li>\n<li><strong>Sensibilidad<\/strong>: 1000 dpi (precisi\u00f3n adecuada para tareas cotidianas).<\/li>\n<li><strong>Dise\u00f1o<\/strong>: Ergon\u00f3mico y ambidiestro, c\u00f3modo para uso prolongado.<\/li>\n<li><strong>Duraci\u00f3n de bater\u00eda<\/strong>: Hasta 18 meses con 1 pila AA (dependiendo del uso).<\/li>\n<li><strong>Compatibilidad<\/strong>: Windows, macOS, Linux.<\/li>\n<\/ul>\n","protected":false},"excerpt":{"rendered":"<p>El <strong>Teclado Logitech MK540<\/strong> y el <strong>Mouse Logitech MK540<\/strong> son un combo inal\u00e1mbrico dise\u00f1ado para ofrecer comodidad y eficiencia. El teclado tiene <strong>104 teclas<\/strong>, incluyendo teclado num\u00e9rico, con un dise\u00f1o ergon\u00f3mico y teclas de bajo perfil para una escritura m\u00e1s suave y c\u00f3moda. Su bater\u00eda dura hasta <strong>3 a\u00f1os<\/strong>. El mouse tiene una <strong>resoluci\u00f3n de 1000 dpi<\/strong>, ideal para tareas cotidianas, y su bater\u00eda dura hasta <strong>18 meses<\/strong>. Ambos dispositivos utilizan un <strong>receptor USB de 2.4 GHz<\/strong>, ofreciendo una conexi\u00f3n estable sin cables. Son <strong>compatibles con Windows, macOS y Linux<\/strong>. Este combo es perfecto para quienes buscan un set inal\u00e1mbrico de calidad con una excelente duraci\u00f3n de bater\u00eda.<\/p>\n","protected":false},"featured_media":2578,"template":"","meta":[],"product_brand":[],"product_cat":[37],"product_tag":[],"class_list":{"0":"post-2576","1":"product","2":"type-product","3":"status-publish","4":"has-post-thumbnail","6":"product_cat-perifericos","8":"first","9":"instock","10":"sale","11":"shipping-taxable","12":"purchasable","13":"product-type-simple"},"_links":{"self":[{"href":"https:\/\/gmegatecnologia.com\/index.php\/wp-json\/wp\/v2\/product\/2576","targetHints":{"allow":["GET"]}}],"collection":[{"href":"https:\/\/gmegatecnologia.com\/index.php\/wp-json\/wp\/v2\/product"}],"about":[{"href":"https:\/\/gmegatecnologia.com\/index.php\/wp-json\/wp\/v2\/types\/product"}],"wp:featuredmedia":[{"embeddable":true,"href":"https:\/\/gmegatecnologia.com\/index.php\/wp-json\/wp\/v2\/media\/2578"}],"wp:attachment":[{"href":"https:\/\/gmegatecnologia.com\/index.php\/wp-json\/wp\/v2\/media?parent=2576"}],"wp:term":[{"taxonomy":"product_brand","embeddable":true,"href":"https:\/\/gmegatecnologia.com\/index.php\/wp-json\/wp\/v2\/product_brand?post=2576"},{"taxonomy":"product_cat","embeddable":true,"href":"https:\/\/gmegatecnologia.com\/index.php\/wp-json\/wp\/v2\/product_cat?post=2576"},{"taxonomy":"product_tag","embeddable":true,"href":"https:\/\/gmegatecnologia.com\/index.php\/wp-json\/wp\/v2\/product_tag?post=2576"}],"curies":[{"name":"wp","href":"https:\/\/api.w.org\/{rel}","templated":true}]}}