{"id":2570,"date":"2025-02-03T15:30:17","date_gmt":"2025-02-03T20:30:17","guid":{"rendered":"https:\/\/gmegatecnologia.com\/?post_type=product&#038;p=2570"},"modified":"2025-02-03T16:26:58","modified_gmt":"2025-02-03T21:26:58","slug":"teclado-logitech-mouse-mk295-inalambrico-negro","status":"publish","type":"product","link":"https:\/\/gmegatecnologia.com\/index.php\/producto\/teclado-logitech-mouse-mk295-inalambrico-negro\/","title":{"rendered":"TECLADO LOGITECH + MOUSE MK295 INALAMBRICO NEGRO"},"content":{"rendered":"<h3><strong>Teclado Logitech MK295<\/strong>:<\/h3>\n<ul>\n<li><strong>Conexi\u00f3n<\/strong>: Inal\u00e1mbrica v\u00eda receptor USB de 2.4 GHz.<\/li>\n<li><strong>Teclas<\/strong>: 104 teclas con tecnolog\u00eda <em>SilentTouch<\/em>, mucho m\u00e1s silenciosas que las teclas tradicionales.<\/li>\n<li><strong>Duraci\u00f3n de bater\u00eda<\/strong>: Hasta 36 meses (3 a\u00f1os) con 2 pilas AA (dependiendo del uso).<\/li>\n<li><strong>Dise\u00f1o<\/strong>: Compacto y c\u00f3modo, ideal para trabajar en espacios peque\u00f1os.<\/li>\n<li><strong>Compatibilidad<\/strong>: Windows, macOS y Linux.<\/li>\n<\/ul>\n<h3><strong>Mouse Logitech MK295<\/strong>:<\/h3>\n<ul>\n<li><strong>Conexi\u00f3n<\/strong>: Inal\u00e1mbrico v\u00eda receptor USB de 2.4 GHz.<\/li>\n<li><strong>Sensibilidad<\/strong>: 1000 dpi (precisi\u00f3n adecuada para tareas cotidianas).<\/li>\n<li><strong>Dise\u00f1o<\/strong>: Compacto, ergon\u00f3mico y ambidiestro.<\/li>\n<li><strong>Duraci\u00f3n de bater\u00eda<\/strong>: Hasta 18 meses (dependiendo del uso).<\/li>\n<li><strong>Compatibilidad<\/strong>: Windows, macOS y Linux.<\/li>\n<\/ul>\n","protected":false},"excerpt":{"rendered":"<p>El <strong>Teclado Logitech MK295<\/strong> y el <strong>Mouse Logitech MK295<\/strong> son un combo inal\u00e1mbrico silencioso y de alto rendimiento. Ambos dispositivos utilizan un <strong>receptor USB de 2.4 GHz<\/strong> para una conexi\u00f3n estable. El teclado cuenta con <strong>104 teclas<\/strong> de bajo perfil y tecnolog\u00eda <em>SilentTouch<\/em>, lo que reduce el ruido al escribir, adem\u00e1s de ser resistente a derrames. Su bater\u00eda dura hasta <strong>36 meses<\/strong>. El mouse tiene una <strong>resoluci\u00f3n de 1000 dpi<\/strong>, ideal para tareas cotidianas, y su bater\u00eda puede durar hasta <strong>18 meses<\/strong>. Ambos son <strong>compatibles con Windows, macOS y Linux<\/strong>. Este combo es perfecto para quienes buscan comodidad, silencio y duraci\u00f3n de bater\u00eda en su configuraci\u00f3n inal\u00e1mbrica.<\/p>\n","protected":false},"featured_media":2571,"template":"","meta":[],"product_brand":[],"product_cat":[37],"product_tag":[],"class_list":{"0":"post-2570","1":"product","2":"type-product","3":"status-publish","4":"has-post-thumbnail","6":"product_cat-perifericos","8":"first","9":"instock","10":"sale","11":"shipping-taxable","12":"purchasable","13":"product-type-simple"},"_links":{"self":[{"href":"https:\/\/gmegatecnologia.com\/index.php\/wp-json\/wp\/v2\/product\/2570","targetHints":{"allow":["GET"]}}],"collection":[{"href":"https:\/\/gmegatecnologia.com\/index.php\/wp-json\/wp\/v2\/product"}],"about":[{"href":"https:\/\/gmegatecnologia.com\/index.php\/wp-json\/wp\/v2\/types\/product"}],"wp:featuredmedia":[{"embeddable":true,"href":"https:\/\/gmegatecnologia.com\/index.php\/wp-json\/wp\/v2\/media\/2571"}],"wp:attachment":[{"href":"https:\/\/gmegatecnologia.com\/index.php\/wp-json\/wp\/v2\/media?parent=2570"}],"wp:term":[{"taxonomy":"product_brand","embeddable":true,"href":"https:\/\/gmegatecnologia.com\/index.php\/wp-json\/wp\/v2\/product_brand?post=2570"},{"taxonomy":"product_cat","embeddable":true,"href":"https:\/\/gmegatecnologia.com\/index.php\/wp-json\/wp\/v2\/product_cat?post=2570"},{"taxonomy":"product_tag","embeddable":true,"href":"https:\/\/gmegatecnologia.com\/index.php\/wp-json\/wp\/v2\/product_tag?post=2570"}],"curies":[{"name":"wp","href":"https:\/\/api.w.org\/{rel}","templated":true}]}}