{"id":2564,"date":"2025-02-03T15:00:20","date_gmt":"2025-02-03T20:00:20","guid":{"rendered":"https:\/\/gmegatecnologia.com\/?post_type=product&#038;p=2564"},"modified":"2025-02-03T16:24:21","modified_gmt":"2025-02-03T21:24:21","slug":"teclado-logitech-mouse-mk235-inalambrico-negro","status":"publish","type":"product","link":"https:\/\/gmegatecnologia.com\/index.php\/producto\/teclado-logitech-mouse-mk235-inalambrico-negro\/","title":{"rendered":"TECLADO LOGITECH + MOUSE MK235 INALAMBRICO NEGRO"},"content":{"rendered":"<h3><strong>Teclado Logitech MK235<\/strong>:<\/h3>\n<ul>\n<li><strong>Conexi\u00f3n<\/strong>: Inal\u00e1mbrica v\u00eda receptor USB de 2.4 GHz.<\/li>\n<li><strong>Teclas<\/strong>: 104 teclas, dise\u00f1o c\u00f3modo, resistente a derrames.<\/li>\n<li><strong>Duraci\u00f3n de bater\u00eda<\/strong>: Hasta 3 a\u00f1os (depende del uso).<\/li>\n<li><strong>Ergonom\u00eda<\/strong>: Dise\u00f1o compacto y ligero.<\/li>\n<li><strong>Compatibilidad<\/strong>: Windows, macOS, Linux.<\/li>\n<\/ul>\n<h3><strong>Mouse Logitech MK235<\/strong>:<\/h3>\n<ul>\n<li><strong>Conexi\u00f3n<\/strong>: Inal\u00e1mbrico v\u00eda receptor USB de 2.4 GHz.<\/li>\n<li><strong>Sensibilidad<\/strong>: 1000 dpi (precisi\u00f3n adecuada para tareas diarias).<\/li>\n<li><strong>Dise\u00f1o<\/strong>: Ambidiestro, compacto y c\u00f3modo.<\/li>\n<li><strong>Duraci\u00f3n de bater\u00eda<\/strong>: Hasta 1 a\u00f1o (depende del uso).<\/li>\n<li><strong>Compatibilidad<\/strong>: Windows, macOS, Linux.<\/li>\n<\/ul>\n","protected":false},"excerpt":{"rendered":"<p>El Teclado Logitech MK235 y el Mouse Logitech MK235 son una opci\u00f3n inal\u00e1mbrica, compacta y duradera para el uso diario. Ambos dispositivos funcionan con un \u00fanico receptor USB de 2.4 GHz, proporcionando una conexi\u00f3n estable y sin interferencias. El teclado tiene 104 teclas con dise\u00f1o de bajo perfil, resistente a derrames, y una duraci\u00f3n de bater\u00eda de hasta 3 a\u00f1os. El mouse tiene una resoluci\u00f3n de 1000 dpi, perfecto para tareas cotidianas, y su bater\u00eda dura hasta 1 a\u00f1o. Ambos dispositivos son compatibles con Windows, macOS y Linux. Son ideales para quienes buscan comodidad, rendimiento y una larga duraci\u00f3n de bater\u00eda en un dise\u00f1o inal\u00e1mbrico y sencillo.<\/p>\n","protected":false},"featured_media":2565,"template":"","meta":[],"product_brand":[],"product_cat":[37],"product_tag":[],"class_list":{"0":"post-2564","1":"product","2":"type-product","3":"status-publish","4":"has-post-thumbnail","6":"product_cat-perifericos","8":"first","9":"instock","10":"sale","11":"shipping-taxable","12":"purchasable","13":"product-type-simple"},"_links":{"self":[{"href":"https:\/\/gmegatecnologia.com\/index.php\/wp-json\/wp\/v2\/product\/2564","targetHints":{"allow":["GET"]}}],"collection":[{"href":"https:\/\/gmegatecnologia.com\/index.php\/wp-json\/wp\/v2\/product"}],"about":[{"href":"https:\/\/gmegatecnologia.com\/index.php\/wp-json\/wp\/v2\/types\/product"}],"wp:featuredmedia":[{"embeddable":true,"href":"https:\/\/gmegatecnologia.com\/index.php\/wp-json\/wp\/v2\/media\/2565"}],"wp:attachment":[{"href":"https:\/\/gmegatecnologia.com\/index.php\/wp-json\/wp\/v2\/media?parent=2564"}],"wp:term":[{"taxonomy":"product_brand","embeddable":true,"href":"https:\/\/gmegatecnologia.com\/index.php\/wp-json\/wp\/v2\/product_brand?post=2564"},{"taxonomy":"product_cat","embeddable":true,"href":"https:\/\/gmegatecnologia.com\/index.php\/wp-json\/wp\/v2\/product_cat?post=2564"},{"taxonomy":"product_tag","embeddable":true,"href":"https:\/\/gmegatecnologia.com\/index.php\/wp-json\/wp\/v2\/product_tag?post=2564"}],"curies":[{"name":"wp","href":"https:\/\/api.w.org\/{rel}","templated":true}]}}