{"id":2486,"date":"2024-10-23T12:31:18","date_gmt":"2024-10-23T17:31:18","guid":{"rendered":"https:\/\/gmegatecnologia.com\/?post_type=product&#038;p=2486"},"modified":"2024-10-23T12:31:18","modified_gmt":"2024-10-23T17:31:18","slug":"parlante-logitech-b2b-para-rally-negro","status":"publish","type":"product","link":"https:\/\/gmegatecnologia.com\/index.php\/producto\/parlante-logitech-b2b-para-rally-negro\/","title":{"rendered":"Parlante Logitech B2B Para Rally Negro"},"content":{"rendered":"<ul>\n<li><strong>Sonido de alta calidad<\/strong>: Ofrece un audio n\u00edtido y detallado, ideal para reuniones grandes.<\/li>\n<li><strong>Antivibraci\u00f3n<\/strong>: Reduce las vibraciones no deseadas que podr\u00edan distorsionar el sonido.<\/li>\n<li><strong>Dise\u00f1o modular<\/strong>: Permite integrar m\u00faltiples parlantes en configuraciones m\u00e1s grandes para salas de reuniones amplias.<\/li>\n<li><strong>Montaje<\/strong>: Se puede montar en la pared o sobre una mesa para optimizar la distribuci\u00f3n del sonido.<\/li>\n<li><strong>Compatibilidad<\/strong>: Funciona en conjunto con los sistemas de videoconferencia Rally, complementando micr\u00f3fonos y c\u00e1maras.<\/li>\n<\/ul>\n","protected":false},"excerpt":{"rendered":"<p>El parlante Logitech Rally Black es un sistema de audio profesional dise\u00f1ado para salas de conferencias y espacios colaborativos. Ofrece un sonido de alta calidad, con tecnolog\u00eda de cancelaci\u00f3n de eco y reducci\u00f3n de ruido, asegurando claridad en las llamadas y presentaciones. Su dise\u00f1o modular permite una f\u00e1cil integraci\u00f3n con otros dispositivos de Logitech, como c\u00e1maras y micr\u00f3fonos, creando una soluci\u00f3n de videoconferencia completa. Adem\u00e1s, es compatible con m\u00faltiples plataformas de comunicaci\u00f3n y cuenta con un dise\u00f1o elegante que se adapta a cualquier entorno de trabajo. Ideal para empresas que buscan mejorar su experiencia de colaboraci\u00f3n.<\/p>\n","protected":false},"featured_media":2487,"template":"","meta":[],"product_brand":[],"product_cat":[37],"product_tag":[],"class_list":{"0":"post-2486","1":"product","2":"type-product","3":"status-publish","4":"has-post-thumbnail","6":"product_cat-perifericos","8":"first","9":"instock","10":"sale","11":"shipping-taxable","12":"purchasable","13":"product-type-simple"},"_links":{"self":[{"href":"https:\/\/gmegatecnologia.com\/index.php\/wp-json\/wp\/v2\/product\/2486","targetHints":{"allow":["GET"]}}],"collection":[{"href":"https:\/\/gmegatecnologia.com\/index.php\/wp-json\/wp\/v2\/product"}],"about":[{"href":"https:\/\/gmegatecnologia.com\/index.php\/wp-json\/wp\/v2\/types\/product"}],"wp:featuredmedia":[{"embeddable":true,"href":"https:\/\/gmegatecnologia.com\/index.php\/wp-json\/wp\/v2\/media\/2487"}],"wp:attachment":[{"href":"https:\/\/gmegatecnologia.com\/index.php\/wp-json\/wp\/v2\/media?parent=2486"}],"wp:term":[{"taxonomy":"product_brand","embeddable":true,"href":"https:\/\/gmegatecnologia.com\/index.php\/wp-json\/wp\/v2\/product_brand?post=2486"},{"taxonomy":"product_cat","embeddable":true,"href":"https:\/\/gmegatecnologia.com\/index.php\/wp-json\/wp\/v2\/product_cat?post=2486"},{"taxonomy":"product_tag","embeddable":true,"href":"https:\/\/gmegatecnologia.com\/index.php\/wp-json\/wp\/v2\/product_tag?post=2486"}],"curies":[{"name":"wp","href":"https:\/\/api.w.org\/{rel}","templated":true}]}}