{"id":2470,"date":"2024-10-23T12:13:06","date_gmt":"2024-10-23T17:13:06","guid":{"rendered":"https:\/\/gmegatecnologia.com\/?post_type=product&#038;p=2470"},"modified":"2024-10-23T12:13:07","modified_gmt":"2024-10-23T17:13:07","slug":"microfono-logitech-b2b-de-expansion-meetup","status":"publish","type":"product","link":"https:\/\/gmegatecnologia.com\/index.php\/producto\/microfono-logitech-b2b-de-expansion-meetup\/","title":{"rendered":"Microfono Logitech B2B De Expansion Meetup"},"content":{"rendered":"<ul>\n<li><strong>Compatibilidad<\/strong>: Dise\u00f1ado espec\u00edficamente para la c\u00e1mara Logitech MeetUp.<\/li>\n<li><strong>Conexi\u00f3n<\/strong>: Cableado, se conecta mediante un cable de 6 metros.<\/li>\n<li><strong>Micr\u00f3fono<\/strong>: Optimiza la captaci\u00f3n de audio y extiende el rango de micr\u00f3fono de la Meetup.<\/li>\n<li><strong>Cobertura<\/strong>: Aumenta el rango de captaci\u00f3n de audio hasta 4.2 metros adicionales.<\/li>\n<li><strong>Control<\/strong>: Bot\u00f3n de silencio en el micr\u00f3fono.<\/li>\n<li><strong>Indicador LED<\/strong>: Muestra el estado del silencio y de la llamada.<\/li>\n<li><strong>Dimensiones<\/strong>: Compacto y ligero para f\u00e1cil colocaci\u00f3n.<\/li>\n<\/ul>\n","protected":false},"excerpt":{"rendered":"<p>El <strong>Micr\u00f3fono Logitech B2B de Expansi\u00f3n para MeetUp<\/strong> mejora la captaci\u00f3n de audio en salas de videoconferencia medianas o grandes. Est\u00e1 dise\u00f1ado para ampliar el rango del sistema MeetUp, permitiendo que las voces se escuchen claramente desde una mayor distancia. Incluye cancelaci\u00f3n de ruido y eco, con un bot\u00f3n t\u00e1ctil para silenciar, y un indicador LED que muestra el estado de la llamada y del micr\u00f3fono. Ideal para reuniones con m\u00e1s participantes o en espacios amplios.<\/p>\n","protected":false},"featured_media":2471,"template":"","meta":[],"product_brand":[],"product_cat":[37],"product_tag":[],"class_list":{"0":"post-2470","1":"product","2":"type-product","3":"status-publish","4":"has-post-thumbnail","6":"product_cat-perifericos","8":"first","9":"instock","10":"sale","11":"shipping-taxable","12":"purchasable","13":"product-type-simple"},"_links":{"self":[{"href":"https:\/\/gmegatecnologia.com\/index.php\/wp-json\/wp\/v2\/product\/2470","targetHints":{"allow":["GET"]}}],"collection":[{"href":"https:\/\/gmegatecnologia.com\/index.php\/wp-json\/wp\/v2\/product"}],"about":[{"href":"https:\/\/gmegatecnologia.com\/index.php\/wp-json\/wp\/v2\/types\/product"}],"wp:featuredmedia":[{"embeddable":true,"href":"https:\/\/gmegatecnologia.com\/index.php\/wp-json\/wp\/v2\/media\/2471"}],"wp:attachment":[{"href":"https:\/\/gmegatecnologia.com\/index.php\/wp-json\/wp\/v2\/media?parent=2470"}],"wp:term":[{"taxonomy":"product_brand","embeddable":true,"href":"https:\/\/gmegatecnologia.com\/index.php\/wp-json\/wp\/v2\/product_brand?post=2470"},{"taxonomy":"product_cat","embeddable":true,"href":"https:\/\/gmegatecnologia.com\/index.php\/wp-json\/wp\/v2\/product_cat?post=2470"},{"taxonomy":"product_tag","embeddable":true,"href":"https:\/\/gmegatecnologia.com\/index.php\/wp-json\/wp\/v2\/product_tag?post=2470"}],"curies":[{"name":"wp","href":"https:\/\/api.w.org\/{rel}","templated":true}]}}