{"id":2431,"date":"2025-08-07T15:40:29","date_gmt":"2025-08-07T20:40:29","guid":{"rendered":"https:\/\/gmegatecnologia.com\/?post_type=product&#038;p=2431"},"modified":"2025-08-07T16:42:37","modified_gmt":"2025-08-07T21:42:37","slug":"teclado-targus-akf003-multi-dispositivo-antimicrobial-plegable-bt-sp-black","status":"publish","type":"product","link":"https:\/\/gmegatecnologia.com\/index.php\/producto\/teclado-targus-akf003-multi-dispositivo-antimicrobial-plegable-bt-sp-black\/","title":{"rendered":"TECLADO TARGUS AKF003 MULTI-DISPOSITIVO ANTIMICROBIAL PLEGABLE BLUETOOTH\/INALAMBRICO NEGRO"},"content":{"rendered":"<ul>\n<li><strong>Conectividad Multi-dispositivo<\/strong>: Se conecta v\u00eda Bluetooth a varios dispositivos simult\u00e1neamente, como smartphones, tablets y laptops, con f\u00e1cil cambio entre ellos.<\/li>\n<li><strong>Dise\u00f1o Plegable<\/strong>: Compacto y port\u00e1til, ideal para llevarlo a cualquier lugar.<\/li>\n<li><strong>Antimicrobiano<\/strong>: Recubrimiento que reduce el crecimiento de bacterias y mantiene una higiene adecuada.<\/li>\n<li><strong>Compatibilidad<\/strong>: Funciona con sistemas operativos Windows, macOS, iOS y Android.<\/li>\n<li><strong>Teclado de Tama\u00f1o Completo<\/strong>: Ofrece una experiencia de escritura c\u00f3moda con teclas bien espaciadas.<\/li>\n<li><strong>Bater\u00eda Recargable<\/strong>: Duraci\u00f3n prolongada de bater\u00eda con carga mediante USB.<\/li>\n<li><strong>Color<\/strong>: Negro.<\/li>\n<\/ul>\n","protected":false},"excerpt":{"rendered":"<p>El teclado Targus AKF003 es un dispositivo Bluetooth plegable y antimicrobiano, ideal para usuarios en movimiento. Su dise\u00f1o compacto y ligero permite una f\u00e1cil portabilidad, mientras que su capacidad de conectarse a m\u00faltiples dispositivos (hasta tres) lo hace perfecto para quienes utilizan tabletas, smartphones y computadoras. Este teclado cuenta con teclas de bajo perfil que brindan una experiencia de escritura c\u00f3moda y silenciosa. La superficie antimicrobiana ayuda a reducir la acumulaci\u00f3n de g\u00e9rmenes y bacterias, mejorando la higiene. Su bater\u00eda de larga duraci\u00f3n asegura un uso prolongado, y su facilidad de emparejamiento lo convierte en una opci\u00f3n pr\u00e1ctica para los profesionales que buscan eficiencia y seguridad en su equipo de trabajo.<\/p>\n","protected":false},"featured_media":4466,"template":"","meta":[],"product_brand":[],"product_cat":[37],"product_tag":[],"class_list":{"0":"post-2431","1":"product","2":"type-product","3":"status-publish","4":"has-post-thumbnail","6":"product_cat-perifericos","8":"first","9":"instock","10":"sale","11":"shipping-taxable","12":"purchasable","13":"product-type-simple"},"_links":{"self":[{"href":"https:\/\/gmegatecnologia.com\/index.php\/wp-json\/wp\/v2\/product\/2431","targetHints":{"allow":["GET"]}}],"collection":[{"href":"https:\/\/gmegatecnologia.com\/index.php\/wp-json\/wp\/v2\/product"}],"about":[{"href":"https:\/\/gmegatecnologia.com\/index.php\/wp-json\/wp\/v2\/types\/product"}],"wp:featuredmedia":[{"embeddable":true,"href":"https:\/\/gmegatecnologia.com\/index.php\/wp-json\/wp\/v2\/media\/4466"}],"wp:attachment":[{"href":"https:\/\/gmegatecnologia.com\/index.php\/wp-json\/wp\/v2\/media?parent=2431"}],"wp:term":[{"taxonomy":"product_brand","embeddable":true,"href":"https:\/\/gmegatecnologia.com\/index.php\/wp-json\/wp\/v2\/product_brand?post=2431"},{"taxonomy":"product_cat","embeddable":true,"href":"https:\/\/gmegatecnologia.com\/index.php\/wp-json\/wp\/v2\/product_cat?post=2431"},{"taxonomy":"product_tag","embeddable":true,"href":"https:\/\/gmegatecnologia.com\/index.php\/wp-json\/wp\/v2\/product_tag?post=2431"}],"curies":[{"name":"wp","href":"https:\/\/api.w.org\/{rel}","templated":true}]}}