{"id":2397,"date":"2025-08-20T13:10:21","date_gmt":"2025-08-20T18:10:21","guid":{"rendered":"https:\/\/gmegatecnologia.com\/?post_type=product&#038;p=2397"},"modified":"2025-08-20T18:20:32","modified_gmt":"2025-08-20T23:20:32","slug":"microfono-razer-seiren-v3-chroma-usb-streaming-supercardioide-con-sensor-touch-silent","status":"publish","type":"product","link":"https:\/\/gmegatecnologia.com\/index.php\/producto\/microfono-razer-seiren-v3-chroma-usb-streaming-supercardioide-con-sensor-touch-silent\/","title":{"rendered":"MICROFONO RAZER SEIREN V3 CHROMA USB STREAMING SUPERCARDIOIDE CON SENSOR TOUCH SILENT"},"content":{"rendered":"<ul>\n<li><strong>2Tipo de micr\u00f3fono<\/strong>: Supercardioide.<\/li>\n<li><strong>Conexi\u00f3n<\/strong>: USB, f\u00e1cil de conectar a computadoras y consolas.<\/li>\n<li><strong>Rango de frecuencia<\/strong>: 20 Hz a 20 kHz,<\/li>\n<li><strong>Sensibilidad<\/strong>: Alta sensibilidad.<\/li>\n<li><strong>Construcci\u00f3n<\/strong>: Dise\u00f1o elegante en color negro, con acabados de calidad.<\/li>\n<li><strong>Iluminaci\u00f3n<\/strong>: Retroiluminaci\u00f3n Chroma RGB personalizable, c<\/li>\n<li><strong>Controles<\/strong>: Sensor t\u00e1ctil para silenciar el micr\u00f3fono y controlar el volumen de manera r\u00e1pida y silenciosa.<\/li>\n<li><strong>Soporte<\/strong>: Incluye un soporte ajustable y un filtro antipop para reducir el ruido de respiraci\u00f3n.<\/li>\n<li><strong>Compatibilidad<\/strong>: Funciona con PC y Mac, as\u00ed como con varias aplicaciones de streaming y grabaci\u00f3n.<\/li>\n<\/ul>\n","protected":false},"excerpt":{"rendered":"<p>El <strong>Razer Seiren V3 Chroma<\/strong> es un micr\u00f3fono USB dise\u00f1ado para streamers y creadores de contenido que buscan calidad de audio superior. Con un patr\u00f3n polar supercardioide, captura el sonido de manera precisa mientras minimiza el ruido de fondo. Ofrece un rango de frecuencia de 20 Hz a 20 kHz, garantizando una reproducci\u00f3n de audio clara y detallada. Su elegante dise\u00f1o negro incluye retroiluminaci\u00f3n Chroma RGB personalizable, que se integra con Razer Synapse. Adem\u00e1s, cuenta con un sensor t\u00e1ctil para silenciar y ajustar el volumen de manera r\u00e1pida y silenciosa. Ideal para grabaciones, transmisiones en vivo y podcasting, combina funcionalidad y est\u00e9tica en un solo dispositivo.<\/p>\n","protected":false},"featured_media":3988,"template":"","meta":[],"product_brand":[],"product_cat":[31],"product_tag":[],"class_list":{"0":"post-2397","1":"product","2":"type-product","3":"status-publish","4":"has-post-thumbnail","6":"product_cat-zona-gamer","8":"first","9":"instock","10":"sale","11":"shipping-taxable","12":"purchasable","13":"product-type-variable"},"_links":{"self":[{"href":"https:\/\/gmegatecnologia.com\/index.php\/wp-json\/wp\/v2\/product\/2397","targetHints":{"allow":["GET"]}}],"collection":[{"href":"https:\/\/gmegatecnologia.com\/index.php\/wp-json\/wp\/v2\/product"}],"about":[{"href":"https:\/\/gmegatecnologia.com\/index.php\/wp-json\/wp\/v2\/types\/product"}],"wp:featuredmedia":[{"embeddable":true,"href":"https:\/\/gmegatecnologia.com\/index.php\/wp-json\/wp\/v2\/media\/3988"}],"wp:attachment":[{"href":"https:\/\/gmegatecnologia.com\/index.php\/wp-json\/wp\/v2\/media?parent=2397"}],"wp:term":[{"taxonomy":"product_brand","embeddable":true,"href":"https:\/\/gmegatecnologia.com\/index.php\/wp-json\/wp\/v2\/product_brand?post=2397"},{"taxonomy":"product_cat","embeddable":true,"href":"https:\/\/gmegatecnologia.com\/index.php\/wp-json\/wp\/v2\/product_cat?post=2397"},{"taxonomy":"product_tag","embeddable":true,"href":"https:\/\/gmegatecnologia.com\/index.php\/wp-json\/wp\/v2\/product_tag?post=2397"}],"curies":[{"name":"wp","href":"https:\/\/api.w.org\/{rel}","templated":true}]}}