{"id":2255,"date":"2025-05-14T14:10:36","date_gmt":"2025-05-14T19:10:36","guid":{"rendered":"https:\/\/gmegatecnologia.com\/?post_type=product&#038;p=2255"},"modified":"2025-07-23T10:52:46","modified_gmt":"2025-07-23T15:52:46","slug":"estabilizador-cdp-r-avr1808i-1800va-1000w-8-salidas","status":"publish","type":"product","link":"https:\/\/gmegatecnologia.com\/index.php\/producto\/estabilizador-cdp-r-avr1808i-1800va-1000w-8-salidas\/","title":{"rendered":"ESTABILIZADOR CDP R-AVR1808I 1800VA\/1000W 8 SALIDAS"},"content":{"rendered":"<p><!--StartFragment --><\/p>\n<p>El <strong>Estabilizador CDP R-AVR1808I<\/strong> ofrece <strong>1800VA \/ 1000W<\/strong>, <strong>8 tomas NEMA<\/strong> reguladas y protecci\u00f3n contra <strong>sobretensiones, sobrecarga y cortocircuitos<\/strong>. Incluye <strong>protecci\u00f3n de l\u00ednea de datos RJ45\/RJ11<\/strong> y <strong>indicadores LED frontales.<\/strong><\/p>\n<p><!--EndFragment --><\/p>\n","protected":false},"excerpt":{"rendered":"<p><!--StartFragment --><\/p>\n<ul>\n<li><strong>Capacidad: <\/strong>1800VA \/ 1000W.<\/li>\n<li><strong>Voltaje:<\/strong> 220V.<\/li>\n<li><strong>Salidas:<\/strong> 8 tomas NEMA5-15R reguladas.<\/li>\n<li><strong>Protecci\u00f3n:<\/strong> Contra sobretensiones, sobrecarga y cortocircuitos.<\/li>\n<li><strong>Extras:<\/strong> Conexi\u00f3n coaxial, protecci\u00f3n de l\u00ednea de datos RJ45\/RJ11.<\/li>\n<li><strong>Dimensiones:<\/strong> 160 x 84 x 166 mm.<\/li>\n<\/ul>\n<p><!--EndFragment --><\/p>\n","protected":false},"featured_media":4210,"template":"","meta":[],"product_brand":[],"product_cat":[36],"product_tag":[],"class_list":{"0":"post-2255","1":"product","2":"type-product","3":"status-publish","4":"has-post-thumbnail","6":"product_cat-partes-de-pc","8":"first","9":"instock","10":"sale","11":"shipping-taxable","12":"purchasable","13":"product-type-simple"},"_links":{"self":[{"href":"https:\/\/gmegatecnologia.com\/index.php\/wp-json\/wp\/v2\/product\/2255","targetHints":{"allow":["GET"]}}],"collection":[{"href":"https:\/\/gmegatecnologia.com\/index.php\/wp-json\/wp\/v2\/product"}],"about":[{"href":"https:\/\/gmegatecnologia.com\/index.php\/wp-json\/wp\/v2\/types\/product"}],"wp:featuredmedia":[{"embeddable":true,"href":"https:\/\/gmegatecnologia.com\/index.php\/wp-json\/wp\/v2\/media\/4210"}],"wp:attachment":[{"href":"https:\/\/gmegatecnologia.com\/index.php\/wp-json\/wp\/v2\/media?parent=2255"}],"wp:term":[{"taxonomy":"product_brand","embeddable":true,"href":"https:\/\/gmegatecnologia.com\/index.php\/wp-json\/wp\/v2\/product_brand?post=2255"},{"taxonomy":"product_cat","embeddable":true,"href":"https:\/\/gmegatecnologia.com\/index.php\/wp-json\/wp\/v2\/product_cat?post=2255"},{"taxonomy":"product_tag","embeddable":true,"href":"https:\/\/gmegatecnologia.com\/index.php\/wp-json\/wp\/v2\/product_tag?post=2255"}],"curies":[{"name":"wp","href":"https:\/\/api.w.org\/{rel}","templated":true}]}}