{"id":2239,"date":"2025-02-08T11:40:51","date_gmt":"2025-02-08T16:40:51","guid":{"rendered":"https:\/\/gmegatecnologia.com\/?post_type=product&#038;p=2239"},"modified":"2025-07-23T10:53:00","modified_gmt":"2025-07-23T15:53:00","slug":"2239","status":"publish","type":"product","link":"https:\/\/gmegatecnologia.com\/index.php\/producto\/2239\/","title":{"rendered":"UPS CDP R-UPR758I 750VA\/375W AUTONOMIA 20 MIN"},"content":{"rendered":"<div class=\"flex-1 overflow-hidden\">\n<div class=\"h-full\">\n<div class=\"react-scroll-to-bottom--css-xmrsn-79elbk h-full\">\n<div class=\"react-scroll-to-bottom--css-xmrsn-1n7m0yu\">\n<div class=\"flex flex-col text-sm md:pb-9\">\n<div class=\"w-full text-token-text-primary\" dir=\"auto\" data-testid=\"conversation-turn-13\" data-scroll-anchor=\"true\">\n<div class=\"py-2 juice:py-[18px] px-3 text-base md:px-4 m-auto md:px-5 lg:px-1 xl:px-5\">\n<div class=\"mx-auto flex flex-1 gap-3 text-base juice:gap-4 juice:md:gap-5 juice:lg:gap-6 md:max-w-3xl\">\n<div class=\"group\/conversation-turn relative flex w-full min-w-0 flex-col agent-turn\">\n<div class=\"flex-col gap-1 md:gap-3\">\n<div class=\"flex flex-grow flex-col max-w-full\">\n<div class=\"min-h-[20px] text-message flex flex-col items-start whitespace-pre-wrap break-words [.text-message+&amp;]:mt-5 juice:w-full juice:items-end overflow-x-auto gap-2\" dir=\"auto\" data-message-author-role=\"assistant\" data-message-id=\"e60d229f-166a-4201-8867-e8d392793c60\">\n<div class=\"flex w-full flex-col gap-1 juice:empty:hidden juice:first:pt-[3px]\">\n<div class=\"markdown prose w-full break-words dark:prose-invert dark\">\n<ol>\n<li><strong>Capacidad de salida:<\/strong> Proporciona una potencia de 750VA y 375W, adecuada para equipos de oficina y dom\u00e9sticos.<\/li>\n<li><strong>Autonom\u00eda:<\/strong> Ofrece una autonom\u00eda de hasta 20 minutos a plena carga, ideal para mantener operativos los dispositivos durante cortes de energ\u00eda breves.<\/li>\n<li><strong>Protecci\u00f3n:<\/strong> Protege contra cortes de energ\u00eda, sobretensiones y picos de corriente, asegurando la integridad de equipos sensibles.<\/li>\n<li><strong>Dise\u00f1o compacto:<\/strong> Dise\u00f1ado para ocupar poco espacio, facilitando su colocaci\u00f3n en entornos diversos.<\/li>\n<li><strong>Indicadores LED:<\/strong> Incluye indicadores LED que muestran el estado del UPS y la carga de la bater\u00eda, facilitando la supervisi\u00f3n del sistema.<\/li>\n<li><strong>Regulaci\u00f3n AVR:<\/strong> Incorpora regulaci\u00f3n autom\u00e1tica de voltaje (AVR) para mantener una alimentaci\u00f3n estable y segura.<\/li>\n<li><strong>Software de gesti\u00f3n:<\/strong> Compatible con software de gesti\u00f3n que permite monitorear y administrar el UPS de manera remota.<\/li>\n<li><strong>Eficiencia energ\u00e9tica:<\/strong> Dise\u00f1ado para ser eficiente energ\u00e9ticamente, contribuyendo a la reducci\u00f3n de costos operativos.<\/li>\n<\/ol>\n<p>Estas caracter\u00edsticas hacen del UPS CDP R-UPR758I una opci\u00f3n robusta y confiable para proteger equipos electr\u00f3nicos sensibles ante eventos imprevistos de suministro el\u00e9ctrico.<\/p>\n<\/div>\n<\/div>\n<\/div>\n<\/div>\n<div class=\"mt-1 flex gap-3 empty:hidden juice:-ml-3\">\n<div class=\"items-center justify-start rounded-xl p-1 flex\">\n<div class=\"flex items-center\"><\/div>\n<\/div>\n<\/div>\n<div class=\"pr-2 lg:pr-0\"><\/div>\n<div class=\"mt-3 w-full empty:hidden\">\n<div class=\"text-center\"><\/div>\n<\/div>\n<\/div>\n<div class=\"absolute\">\n<div class=\"flex items-center justify-center\"><\/div>\n<\/div>\n<\/div>\n<\/div>\n<\/div>\n<\/div>\n<\/div>\n<\/div>\n<\/div>\n<\/div>\n<\/div>\n<div class=\"w-full md:pt-0 dark:border-white\/20 md:border-transparent md:dark:border-transparent md:w-[calc(100%-.5rem)] juice:w-full\">\n<div class=\"px-3 text-base md:px-4 m-auto md:px-5 lg:px-1 xl:px-5\">\n<div class=\"mx-auto flex flex-1 gap-3 text-base juice:gap-4 juice:md:gap-5 juice:lg:gap-6 md:max-w-3xl\">\n<form class=\"w-full\" aria-haspopup=\"dialog\" aria-expanded=\"false\" aria-controls=\"radix-:r5:\" data-state=\"closed\">\n<div class=\"relative flex h-full max-w-full flex-1 flex-col\">\n<div class=\"absolute bottom-full left-0 right-0 z-20\"><\/div>\n<div class=\"flex w-full items-center\">\n<div class=\"flex w-full flex-col gap-1.5 rounded-[26px] p-1.5 transition-colors bg-[#f4f4f4] dark:bg-token-main-surface-secondary\">\n<div class=\"flex items-end gap-1.5 md:gap-2\">\n<div class=\"flex min-w-0 flex-1 flex-col pl-4\"><\/div>\n<\/div>\n<\/div>\n<\/div>\n<\/div>\n<\/form>\n<\/div>\n<\/div>\n<\/div>\n","protected":false},"excerpt":{"rendered":"<p>El UPS CDP R-UPR758I es un sistema de alimentaci\u00f3n ininterrumpida con una capacidad de 750VA y 375W, dise\u00f1ado para proporcionar protecci\u00f3n contra cortes de energ\u00eda y fluctuaciones el\u00e9ctricas. Ofrece una autonom\u00eda de hasta 20 minutos a plena carga, asegurando el funcionamiento continuo de equipos cr\u00edticos durante interrupciones breves de suministro el\u00e9ctrico. Este modelo compacto y eficiente es adecuado para oficinas y entornos dom\u00e9sticos, garantizando una alimentaci\u00f3n estable y segura para dispositivos sensibles. Adem\u00e1s, incluye indicadores LED para monitorear f\u00e1cilmente el estado del UPS y puede ser gestionado remotamente mediante software espec\u00edfico para optimizar su rendimiento y administraci\u00f3n de energ\u00eda.<\/p>\n","protected":false},"featured_media":2240,"template":"","meta":[],"product_brand":[],"product_cat":[36],"product_tag":[],"class_list":{"0":"post-2239","1":"product","2":"type-product","3":"status-publish","4":"has-post-thumbnail","6":"product_cat-partes-de-pc","8":"first","9":"instock","10":"sale","11":"shipping-taxable","12":"purchasable","13":"product-type-simple"},"_links":{"self":[{"href":"https:\/\/gmegatecnologia.com\/index.php\/wp-json\/wp\/v2\/product\/2239","targetHints":{"allow":["GET"]}}],"collection":[{"href":"https:\/\/gmegatecnologia.com\/index.php\/wp-json\/wp\/v2\/product"}],"about":[{"href":"https:\/\/gmegatecnologia.com\/index.php\/wp-json\/wp\/v2\/types\/product"}],"wp:featuredmedia":[{"embeddable":true,"href":"https:\/\/gmegatecnologia.com\/index.php\/wp-json\/wp\/v2\/media\/2240"}],"wp:attachment":[{"href":"https:\/\/gmegatecnologia.com\/index.php\/wp-json\/wp\/v2\/media?parent=2239"}],"wp:term":[{"taxonomy":"product_brand","embeddable":true,"href":"https:\/\/gmegatecnologia.com\/index.php\/wp-json\/wp\/v2\/product_brand?post=2239"},{"taxonomy":"product_cat","embeddable":true,"href":"https:\/\/gmegatecnologia.com\/index.php\/wp-json\/wp\/v2\/product_cat?post=2239"},{"taxonomy":"product_tag","embeddable":true,"href":"https:\/\/gmegatecnologia.com\/index.php\/wp-json\/wp\/v2\/product_tag?post=2239"}],"curies":[{"name":"wp","href":"https:\/\/api.w.org\/{rel}","templated":true}]}}