{"id":2189,"date":"2024-07-09T15:19:59","date_gmt":"2024-07-09T20:19:59","guid":{"rendered":"https:\/\/gmegatecnologia.com\/?post_type=product&#038;p=2189"},"modified":"2024-07-09T16:14:40","modified_gmt":"2024-07-09T21:14:40","slug":"tintas-epson-555","status":"publish","type":"product","link":"https:\/\/gmegatecnologia.com\/index.php\/producto\/tintas-epson-555\/","title":{"rendered":"Tintas Epson 555"},"content":{"rendered":"<p>Las tintas Epson 555, tambi\u00e9n conocidas como tintas Epson 555 EcoTank, tienen varias caracter\u00edsticas destacadas:<\/p>\n<ol>\n<li><strong>Calidad de impresi\u00f3n<\/strong>: Ofrecen colores vibrantes y textos n\u00edtidos gracias a su formulaci\u00f3n espec\u00edfica para impresoras Epson.<\/li>\n<li><strong>Durabilidad<\/strong>: Las impresiones con tintas Epson 555 son resistentes al agua y a la decoloraci\u00f3n, lo que asegura que los documentos y fotos conserven su calidad por mucho tiempo.<\/li>\n<li><strong>Rendimiento<\/strong>: Est\u00e1n dise\u00f1adas para un rendimiento alto, permitiendo imprimir una gran cantidad de p\u00e1ginas con un solo juego de tintas.<\/li>\n<li><strong>Eco-friendly<\/strong>: Son tintas eco-friendly, formuladas para minimizar el impacto ambiental, lo cual las hace una opci\u00f3n responsable.<\/li>\n<li><strong>Compatibilidad<\/strong>: Son compatibles con varios modelos de impresoras Epson EcoTank, asegurando que se puedan utilizar con una amplia variedad de dispositivos.<\/li>\n<\/ol>\n<p>En resumen, las tintas Epson 555 son una opci\u00f3n excelente para usuarios que buscan calidad, durabilidad y eficiencia en sus impresiones diarias.<\/p>\n","protected":false},"excerpt":{"rendered":"<p>Las tintas Epson 555 son conocidas por su calidad y rendimiento en impresoras Epson. Est\u00e1n dise\u00f1adas para ofrecer colores vibrantes y duraderos, tanto en impresiones fotogr\u00e1ficas como en documentos. Estas tintas suelen estar disponibles en cartuchos individuales para facilitar el reemplazo seg\u00fan sea necesario, lo que permite un uso m\u00e1s econ\u00f3mico y eficiente. Adem\u00e1s, son compatibles con una amplia gama de papeles, lo que las hace vers\u00e1tiles para diversas necesidades de impresi\u00f3n.<\/p>\n","protected":false},"featured_media":2207,"template":"","meta":[],"product_brand":[],"product_cat":[32],"product_tag":[],"class_list":{"0":"post-2189","1":"product","2":"type-product","3":"status-publish","4":"has-post-thumbnail","6":"product_cat-suministros","8":"first","9":"instock","10":"sale","11":"shipping-taxable","12":"purchasable","13":"product-type-variable"},"_links":{"self":[{"href":"https:\/\/gmegatecnologia.com\/index.php\/wp-json\/wp\/v2\/product\/2189","targetHints":{"allow":["GET"]}}],"collection":[{"href":"https:\/\/gmegatecnologia.com\/index.php\/wp-json\/wp\/v2\/product"}],"about":[{"href":"https:\/\/gmegatecnologia.com\/index.php\/wp-json\/wp\/v2\/types\/product"}],"wp:featuredmedia":[{"embeddable":true,"href":"https:\/\/gmegatecnologia.com\/index.php\/wp-json\/wp\/v2\/media\/2207"}],"wp:attachment":[{"href":"https:\/\/gmegatecnologia.com\/index.php\/wp-json\/wp\/v2\/media?parent=2189"}],"wp:term":[{"taxonomy":"product_brand","embeddable":true,"href":"https:\/\/gmegatecnologia.com\/index.php\/wp-json\/wp\/v2\/product_brand?post=2189"},{"taxonomy":"product_cat","embeddable":true,"href":"https:\/\/gmegatecnologia.com\/index.php\/wp-json\/wp\/v2\/product_cat?post=2189"},{"taxonomy":"product_tag","embeddable":true,"href":"https:\/\/gmegatecnologia.com\/index.php\/wp-json\/wp\/v2\/product_tag?post=2189"}],"curies":[{"name":"wp","href":"https:\/\/api.w.org\/{rel}","templated":true}]}}