{"id":2022,"date":"2025-01-24T17:14:59","date_gmt":"2025-01-24T22:14:59","guid":{"rendered":"https:\/\/gmegatecnologia.com\/?post_type=product&#038;p=2022"},"modified":"2025-01-24T17:15:20","modified_gmt":"2025-01-24T22:15:20","slug":"mouse-razer-deathadder-v3-30k-dpi-hyperpolling-8000hz-switch-optico-90m-negro","status":"publish","type":"product","link":"https:\/\/gmegatecnologia.com\/index.php\/producto\/mouse-razer-deathadder-v3-30k-dpi-hyperpolling-8000hz-switch-optico-90m-negro\/","title":{"rendered":"MOUSE RAZER DEATHADDER V3 30K DPI HYPERPOLLING 8,000HZ SWITCH OPTICO 90M CON CABLE NEGRO"},"content":{"rendered":"<div class=\"flex-1 overflow-hidden\">\n<div class=\"h-full\">\n<div class=\"react-scroll-to-bottom--css-ztvau-79elbk h-full\">\n<div class=\"react-scroll-to-bottom--css-ztvau-1n7m0yu\">\n<div class=\"flex flex-col text-sm md:pb-9\">\n<div class=\"w-full text-token-text-primary\" dir=\"auto\" data-testid=\"conversation-turn-9\" data-scroll-anchor=\"true\">\n<div class=\"py-2 juice:py-[18px] px-3 text-base md:px-4 m-auto md:px-5 lg:px-1 xl:px-5\">\n<div class=\"mx-auto flex flex-1 gap-3 text-base juice:gap-4 juice:md:gap-5 juice:lg:gap-6 md:max-w-3xl lg:max-w-[40rem] xl:max-w-[48rem]\">\n<div class=\"group\/conversation-turn relative flex w-full min-w-0 flex-col agent-turn\">\n<div class=\"flex-col gap-1 md:gap-3\">\n<div class=\"flex flex-grow flex-col max-w-full\">\n<div class=\"min-h-[20px] text-message flex flex-col items-start whitespace-pre-wrap break-words [.text-message+&amp;]:mt-5 juice:w-full juice:items-end overflow-x-auto gap-3\" dir=\"auto\" data-message-author-role=\"assistant\" data-message-id=\"bf27791c-7a31-4d71-9328-635199a7cb31\">\n<div class=\"markdown prose w-full break-words dark:prose-invert dark\">\n<p>El mouse Razer Deathadder V3 presenta las siguientes caracter\u00edsticas:<\/p>\n<ol>\n<li><strong>Sensor de 30K DPI:<\/strong> Proporciona una precisi\u00f3n excepcional para movimientos r\u00e1pidos y precisos.<\/li>\n<li><strong>Hyperpolling de 8,000Hz:<\/strong> Ofrece una frecuencia de sondeo extremadamente alta para una respuesta instant\u00e1nea y sin retrasos.<\/li>\n<li><strong>Switch \u00f3ptico 90M:<\/strong> Dise\u00f1ado para durar hasta 90 millones de clics, ofreciendo una excelente durabilidad y respuesta consistente.<\/li>\n<li><strong>Color negro:<\/strong> Dise\u00f1o est\u00e9tico en negro que combina con la mayor\u00eda de los setups gaming y proporciona una apariencia elegante y moderna.<\/li>\n<li><strong>Ergonom\u00eda:<\/strong> Dise\u00f1ado ergon\u00f3micamente para proporcionar comodidad durante largas sesiones de juego o trabajo.<\/li>\n<\/ol>\n<p>Estas caracter\u00edsticas hacen del Razer Deathadder V3 una opci\u00f3n destacada para jugadores y profesionales que buscan rendimiento, durabilidad y confort en un mouse gaming.<\/p>\n<\/div>\n<\/div>\n<\/div>\n<\/div>\n<\/div>\n<\/div>\n<\/div>\n<\/div>\n<\/div>\n<\/div>\n<\/div>\n<\/div>\n<\/div>\n","protected":false},"excerpt":{"rendered":"<p>El Razer Deathadder V3 es un mouse de alta gama dise\u00f1ado para jugadores exigentes. Cuenta con un sensor de 30K DPI que proporciona una precisi\u00f3n excepcional, hyperpolling de 8,000Hz para una respuesta ultrarr\u00e1pida y fluida, y switch \u00f3ptico 90M que garantiza una durabilidad extraordinaria. Su dise\u00f1o ergon\u00f3mico en color negro ofrece comodidad durante largas sesiones de juego o trabajo. Es una opci\u00f3n ideal para quienes buscan rendimiento y fiabilidad en un perif\u00e9rico gaming.<\/p>\n","protected":false},"featured_media":2023,"template":"","meta":[],"product_brand":[],"product_cat":[31],"product_tag":[],"class_list":{"0":"post-2022","1":"product","2":"type-product","3":"status-publish","4":"has-post-thumbnail","6":"product_cat-zona-gamer","8":"first","9":"instock","10":"sale","11":"shipping-taxable","12":"purchasable","13":"product-type-simple"},"_links":{"self":[{"href":"https:\/\/gmegatecnologia.com\/index.php\/wp-json\/wp\/v2\/product\/2022","targetHints":{"allow":["GET"]}}],"collection":[{"href":"https:\/\/gmegatecnologia.com\/index.php\/wp-json\/wp\/v2\/product"}],"about":[{"href":"https:\/\/gmegatecnologia.com\/index.php\/wp-json\/wp\/v2\/types\/product"}],"wp:featuredmedia":[{"embeddable":true,"href":"https:\/\/gmegatecnologia.com\/index.php\/wp-json\/wp\/v2\/media\/2023"}],"wp:attachment":[{"href":"https:\/\/gmegatecnologia.com\/index.php\/wp-json\/wp\/v2\/media?parent=2022"}],"wp:term":[{"taxonomy":"product_brand","embeddable":true,"href":"https:\/\/gmegatecnologia.com\/index.php\/wp-json\/wp\/v2\/product_brand?post=2022"},{"taxonomy":"product_cat","embeddable":true,"href":"https:\/\/gmegatecnologia.com\/index.php\/wp-json\/wp\/v2\/product_cat?post=2022"},{"taxonomy":"product_tag","embeddable":true,"href":"https:\/\/gmegatecnologia.com\/index.php\/wp-json\/wp\/v2\/product_tag?post=2022"}],"curies":[{"name":"wp","href":"https:\/\/api.w.org\/{rel}","templated":true}]}}