{"id":2001,"date":"2024-12-19T14:00:58","date_gmt":"2024-12-19T19:00:58","guid":{"rendered":"https:\/\/gmegatecnologia.com\/?post_type=product&#038;p=2001"},"modified":"2024-12-19T14:43:50","modified_gmt":"2024-12-19T19:43:50","slug":"teclado-logitech-slim-silent-k950-wireless-bolt-bluetooth-sp-blanco","status":"publish","type":"product","link":"https:\/\/gmegatecnologia.com\/index.php\/producto\/teclado-logitech-slim-silent-k950-wireless-bolt-bluetooth-sp-blanco\/","title":{"rendered":"TECLADO LOGITECH SLIM SILENT K950 INALAMBRICO BOLT\/BLUETOOTH BLANCO"},"content":{"rendered":"<div class=\"flex-1 overflow-hidden\">\n<div class=\"h-full\">\n<div class=\"react-scroll-to-bottom--css-ccjrj-79elbk h-full\">\n<div class=\"react-scroll-to-bottom--css-ccjrj-1n7m0yu\">\n<div class=\"flex flex-col text-sm md:pb-9\">\n<div class=\"w-full text-token-text-primary\" dir=\"auto\" data-testid=\"conversation-turn-15\" data-scroll-anchor=\"true\">\n<div class=\"py-2 juice:py-[18px] px-3 text-base md:px-4 m-auto md:px-5 lg:px-1 xl:px-5\">\n<div class=\"mx-auto flex flex-1 gap-3 text-base juice:gap-4 juice:md:gap-5 juice:lg:gap-6 md:max-w-3xl lg:max-w-[40rem] xl:max-w-[48rem]\">\n<div class=\"group\/conversation-turn relative flex w-full min-w-0 flex-col agent-turn\">\n<div class=\"flex-col gap-1 md:gap-3\">\n<div class=\"flex flex-grow flex-col max-w-full\">\n<div class=\"min-h-[20px] text-message flex flex-col items-start whitespace-pre-wrap break-words [.text-message+&amp;]:mt-5 juice:w-full juice:items-end overflow-x-auto gap-3\" dir=\"auto\" data-message-author-role=\"assistant\" data-message-id=\"fe905cc4-a9c7-4300-bce9-1e0b8cb640f3\">\n<div class=\"markdown prose w-full break-words dark:prose-invert dark\">\n<p>El teclado Logitech Slim Silent K950 Wireless Bolt\/Bluetooth SP Blanco presenta las siguientes caracter\u00edsticas:<\/p>\n<ol>\n<li><strong>Dise\u00f1o delgado y ergon\u00f3mico<\/strong>: Estilo moderno y c\u00f3modo para largas sesiones de escritura.<\/li>\n<li><strong>Tecnolog\u00eda SilentTouch<\/strong>: Teclas dise\u00f1adas para ser ultra silenciosas, ideales para entornos tranquilos.<\/li>\n<li><strong>Conectividad dual<\/strong>: Se puede conectar mediante el receptor USB \u00abBolt\u00bb de Logitech o Bluetooth, permitiendo alternar entre dispositivos con facilidad.<\/li>\n<li><strong>Teclas multimedia y accesos directos<\/strong>: Permite controlar la reproducci\u00f3n de medios y acceder r\u00e1pidamente a funciones comunes.<\/li>\n<li><strong>Duraci\u00f3n de la bater\u00eda<\/strong>: Funciona con pilas AAA y ofrece una larga duraci\u00f3n, ideal para usuarios que prefieren no depender de recargas frecuentes.<\/li>\n<li><strong>Compatibilidad universal<\/strong>: Compatible con varios sistemas operativos como Windows, macOS, iOS y Android.<\/li>\n<li><strong>Dise\u00f1o resistente y duradero<\/strong>: Construcci\u00f3n de alta calidad que garantiza resistencia y durabilidad en el uso diario.<\/li>\n<\/ol>\n<p>Este teclado est\u00e1 dise\u00f1ado para aquellos que valoran la comodidad, la discreci\u00f3n ac\u00fastica y la versatilidad de conexi\u00f3n en un entorno de trabajo eficiente y moderno.<\/p>\n<\/div>\n<\/div>\n<\/div>\n<\/div>\n<\/div>\n<\/div>\n<\/div>\n<\/div>\n<\/div>\n<\/div>\n<\/div>\n<\/div>\n<\/div>\n","protected":false},"excerpt":{"rendered":"<p>El teclado Logitech Slim Silent K950 Wireless Bolt\/Bluetooth SP Blanco ofrece una experiencia de escritura silenciosa y c\u00f3moda gracias a sus teclas de perfil bajo y dise\u00f1o delgado. Conectividad vers\u00e1til mediante receptor USB \u00abBolt\u00bb o Bluetooth, permite alternar entre m\u00faltiples dispositivos con facilidad. Incluye teclas multimedia y acceso directo a funciones, ideal para usuarios que valoran la tranquilidad y la eficiencia en su trabajo diario.<\/p>\n","protected":false},"featured_media":2002,"template":"","meta":[],"product_brand":[],"product_cat":[31],"product_tag":[],"class_list":{"0":"post-2001","1":"product","2":"type-product","3":"status-publish","4":"has-post-thumbnail","6":"product_cat-zona-gamer","8":"first","9":"instock","10":"sale","11":"shipping-taxable","12":"purchasable","13":"product-type-simple"},"_links":{"self":[{"href":"https:\/\/gmegatecnologia.com\/index.php\/wp-json\/wp\/v2\/product\/2001","targetHints":{"allow":["GET"]}}],"collection":[{"href":"https:\/\/gmegatecnologia.com\/index.php\/wp-json\/wp\/v2\/product"}],"about":[{"href":"https:\/\/gmegatecnologia.com\/index.php\/wp-json\/wp\/v2\/types\/product"}],"wp:featuredmedia":[{"embeddable":true,"href":"https:\/\/gmegatecnologia.com\/index.php\/wp-json\/wp\/v2\/media\/2002"}],"wp:attachment":[{"href":"https:\/\/gmegatecnologia.com\/index.php\/wp-json\/wp\/v2\/media?parent=2001"}],"wp:term":[{"taxonomy":"product_brand","embeddable":true,"href":"https:\/\/gmegatecnologia.com\/index.php\/wp-json\/wp\/v2\/product_brand?post=2001"},{"taxonomy":"product_cat","embeddable":true,"href":"https:\/\/gmegatecnologia.com\/index.php\/wp-json\/wp\/v2\/product_cat?post=2001"},{"taxonomy":"product_tag","embeddable":true,"href":"https:\/\/gmegatecnologia.com\/index.php\/wp-json\/wp\/v2\/product_tag?post=2001"}],"curies":[{"name":"wp","href":"https:\/\/api.w.org\/{rel}","templated":true}]}}