{"id":1921,"date":"2024-06-20T13:07:55","date_gmt":"2024-06-20T18:07:55","guid":{"rendered":"https:\/\/gmegatecnologia.com\/?post_type=product&#038;p=1921"},"modified":"2024-06-20T13:10:49","modified_gmt":"2024-06-20T18:10:49","slug":"mochila-targus-2office-anti-microbial-17-3-pulgadas-negro","status":"publish","type":"product","link":"https:\/\/gmegatecnologia.com\/index.php\/producto\/mochila-targus-2office-anti-microbial-17-3-pulgadas-negro\/","title":{"rendered":"Mochila Targus 2office Anti-microbial 17.3 pulgadas negro"},"content":{"rendered":"<div class=\"flex-1 overflow-hidden\">\n<div class=\"react-scroll-to-bottom--css-xvfhc-79elbk h-full\">\n<div class=\"react-scroll-to-bottom--css-xvfhc-1n7m0yu\">\n<div class=\"flex flex-col text-sm md:pb-9\">\n<div class=\"w-full text-token-text-primary\" dir=\"auto\" data-testid=\"conversation-turn-7\" data-scroll-anchor=\"true\">\n<div class=\"py-2 juice:py-[18px] px-3 text-base md:px-4 m-auto md:px-5 lg:px-1 xl:px-5\">\n<div class=\"mx-auto flex flex-1 gap-3 text-base juice:gap-4 juice:md:gap-5 juice:lg:gap-6 md:max-w-3xl lg:max-w-[40rem] xl:max-w-[48rem]\">\n<div class=\"group\/conversation-turn relative flex w-full min-w-0 flex-col agent-turn\">\n<div class=\"flex-col gap-1 md:gap-3\">\n<div class=\"flex flex-grow flex-col max-w-full\">\n<div class=\"min-h-[20px] text-message flex flex-col items-start whitespace-pre-wrap break-words [.text-message+&amp;]:mt-5 juice:w-full juice:items-end overflow-x-auto gap-3\" dir=\"auto\" data-message-author-role=\"assistant\" data-message-id=\"08d0ad6b-49bc-4ad7-b124-92fcc199c409\">\n<div class=\"markdown prose w-full break-words dark:prose-invert dark\">\n<p>La mochila Targus 2office Anti-microbial dise\u00f1ada para port\u00e1tiles de hasta 17.3 pulgadas en color negro ofrece caracter\u00edsticas espec\u00edficas que incluyen:<\/p>\n<ol>\n<li><strong>Protecci\u00f3n Anti-microbiana<\/strong>: Tratamiento antimicrobiano integrado para reducir el crecimiento de bacterias.<\/li>\n<li><strong>Compatibilidad<\/strong>: Espacio dedicado para port\u00e1tiles de hasta 17.3 pulgadas.<\/li>\n<li><strong>Organizaci\u00f3n<\/strong>: Varios compartimentos para organizar dispositivos y accesorios.<\/li>\n<li><strong>Comodidad<\/strong>: Acolchado en la espalda y correas ergon\u00f3micas para un transporte c\u00f3modo.<\/li>\n<li><strong>Durabilidad<\/strong>: Material resistente y duradero.<\/li>\n<li><strong>Seguridad<\/strong>: Bolsillo oculto con cierre para proteger objetos de valor.<\/li>\n<li><strong>Funcionalidad<\/strong>: Bolsillo frontal con organizador para f\u00e1cil acceso a art\u00edculos peque\u00f1os.<\/li>\n<\/ol>\n<p>Es una opci\u00f3n ideal para quienes buscan una mochila que no solo proteja sus dispositivos, sino que tambi\u00e9n brinde medidas adicionales de higiene con su tratamiento antimicrobiano.<\/p>\n<\/div>\n<\/div>\n<\/div>\n<\/div>\n<\/div>\n<\/div>\n<\/div>\n<\/div>\n<\/div>\n<\/div>\n<\/div>\n<\/div>\n","protected":false},"excerpt":{"rendered":"<p>La mochila Targus 2office Anti-microbial est\u00e1 dise\u00f1ada para port\u00e1tiles de hasta 17.3 pulgadas, ofreciendo protecci\u00f3n avanzada contra el crecimiento bacteriano gracias a su tratamiento antimicrobiano integrado. Combina organizaci\u00f3n eficiente con m\u00faltiples compartimentos y un bolsillo oculto para seguridad adicional. Con acolchado ergon\u00f3mico en la espalda y correas ajustables para mayor comodidad, esta mochila tambi\u00e9n destaca por su durabilidad y funcionalidad, ideal para profesionales que valoran la higiene y la eficiencia en sus desplazamientos diarios.<\/p>\n","protected":false},"featured_media":1922,"template":"","meta":[],"product_brand":[],"product_cat":[15],"product_tag":[],"class_list":{"0":"post-1921","1":"product","2":"type-product","3":"status-publish","4":"has-post-thumbnail","6":"product_cat-porta-laptop","8":"first","9":"outofstock","10":"sale","11":"shipping-taxable","12":"purchasable","13":"product-type-simple"},"_links":{"self":[{"href":"https:\/\/gmegatecnologia.com\/index.php\/wp-json\/wp\/v2\/product\/1921","targetHints":{"allow":["GET"]}}],"collection":[{"href":"https:\/\/gmegatecnologia.com\/index.php\/wp-json\/wp\/v2\/product"}],"about":[{"href":"https:\/\/gmegatecnologia.com\/index.php\/wp-json\/wp\/v2\/types\/product"}],"wp:featuredmedia":[{"embeddable":true,"href":"https:\/\/gmegatecnologia.com\/index.php\/wp-json\/wp\/v2\/media\/1922"}],"wp:attachment":[{"href":"https:\/\/gmegatecnologia.com\/index.php\/wp-json\/wp\/v2\/media?parent=1921"}],"wp:term":[{"taxonomy":"product_brand","embeddable":true,"href":"https:\/\/gmegatecnologia.com\/index.php\/wp-json\/wp\/v2\/product_brand?post=1921"},{"taxonomy":"product_cat","embeddable":true,"href":"https:\/\/gmegatecnologia.com\/index.php\/wp-json\/wp\/v2\/product_cat?post=1921"},{"taxonomy":"product_tag","embeddable":true,"href":"https:\/\/gmegatecnologia.com\/index.php\/wp-json\/wp\/v2\/product_tag?post=1921"}],"curies":[{"name":"wp","href":"https:\/\/api.w.org\/{rel}","templated":true}]}}