{"id":1918,"date":"2025-02-07T11:40:49","date_gmt":"2025-02-07T16:40:49","guid":{"rendered":"https:\/\/gmegatecnologia.com\/?post_type=product&#038;p=1918"},"modified":"2026-01-06T10:02:29","modified_gmt":"2026-01-06T15:02:29","slug":"mochila-targus-drifter-essentials-15-16-pulgadas-negro","status":"publish","type":"product","link":"https:\/\/gmegatecnologia.com\/index.php\/producto\/mochila-targus-drifter-essentials-15-16-pulgadas-negro\/","title":{"rendered":"MOCHILA TARGUS DRIFTER ESSENTIALS 15-16&#8243; PULGADAS NEGRO"},"content":{"rendered":"<p>La mochila Targus Drifter Essentials es ideal para port\u00e1tiles de 15-16 pulgadas, dise\u00f1ada en color negro resistente. Ofrece durabilidad y comodidad con su acolchado ergon\u00f3mico en la espalda y correas ajustables. Tiene m\u00faltiples compartimentos para organizar dispositivos y accesorios, siendo una opci\u00f3n pr\u00e1ctica para viajes y uso diario.<\/p>\n","protected":false},"excerpt":{"rendered":"<div class=\"flex-1 overflow-hidden\">\n<div class=\"react-scroll-to-bottom--css-xvfhc-79elbk h-full\">\n<div class=\"react-scroll-to-bottom--css-xvfhc-1n7m0yu\">\n<div class=\"flex flex-col text-sm\">\n<div class=\"w-full text-token-text-primary\" dir=\"auto\" data-testid=\"conversation-turn-3\" data-scroll-anchor=\"true\">\n<div class=\"py-2 juice:py-[18px] px-3 text-base md:px-4 m-auto md:px-5 lg:px-1 xl:px-5\">\n<div class=\"mx-auto flex flex-1 gap-3 text-base juice:gap-4 juice:md:gap-5 juice:lg:gap-6 md:max-w-3xl lg:max-w-[40rem] xl:max-w-[48rem]\">\n<div class=\"group\/conversation-turn relative flex w-full min-w-0 flex-col agent-turn\">\n<div class=\"flex-col gap-1 md:gap-3\">\n<div class=\"flex flex-grow flex-col max-w-full\">\n<div class=\"min-h-[20px] text-message flex flex-col items-start whitespace-pre-wrap break-words [.text-message+&amp;]:mt-5 juice:w-full juice:items-end overflow-x-auto gap-3\" dir=\"auto\" data-message-author-role=\"assistant\" data-message-id=\"e9e691e5-7b09-4150-a2ed-39b1e039e627\">\n<div class=\"markdown prose w-full break-words dark:prose-invert dark\">\n<p>La mochila Targus Drifter Essentials para port\u00e1tiles de 15-16 pulgadas en color negro ofrece varias caracter\u00edsticas destacadas:<\/p>\n<\/div>\n<\/div>\n<\/div>\n<div class=\"mt-1 flex gap-3 empty:hidden juice:-ml-3\">\n<div class=\"-ml-1 mt-0 flex h-7 items-center justify-center gap-[2px] self-end text-gray-400 lg:justify-start lg:self-center visible\">\n<ol>\n<li><strong>Compatibilidad<\/strong>: Dise\u00f1ada para port\u00e1tiles de 15-16 pulgadas.<\/li>\n<li><strong>Material<\/strong>: Fabricada con materiales resistentes y duraderos.<\/li>\n<li><strong>Comodidad<\/strong>: Acolchado ergon\u00f3mico en la espalda y correas ajustables para mayor confort.<\/li>\n<li><strong>Organizaci\u00f3n<\/strong>: M\u00faltiples compartimentos y bolsillos para organizar dispositivos y accesorios.<\/li>\n<li><strong>Protecci\u00f3n<\/strong>: Funda acolchada para el port\u00e1til y base resistente a la intemperie.<\/li>\n<li><strong>Dise\u00f1o<\/strong>: Estilo funcional con detalles pr\u00e1cticos como asa reforzada y puntos de agarre.<\/li>\n<\/ol>\n<p>Es una opci\u00f3n robusta y pr\u00e1ctica tanto para el uso diario como para viajes, ofreciendo protecci\u00f3n y organizaci\u00f3n para tus dispositivos y pertenencias.<\/p>\n<\/div>\n<\/div>\n<div class=\"pr-2 lg:pr-0\"><\/div>\n<div class=\"mt-3 w-full empty:hidden\">\n<div class=\"text-center\"><\/div>\n<\/div>\n<\/div>\n<div class=\"absolute\">\n<div class=\"flex items-center justify-center\"><\/div>\n<\/div>\n<\/div>\n<\/div>\n<\/div>\n<\/div>\n<\/div>\n<\/div>\n<\/div>\n<\/div>\n<div class=\"w-full md:pt-0 dark:border-white\/20 md:border-transparent md:dark:border-transparent md:w-[calc(100%-.5rem)] juice:w-full\">\n<div class=\"px-3 text-base md:px-4 m-auto md:px-5 lg:px-1 xl:px-5\">\n<div class=\"mx-auto flex flex-1 gap-3 text-base juice:gap-4 juice:md:gap-5 juice:lg:gap-6 md:max-w-3xl lg:max-w-[40rem] xl:max-w-[48rem]\">\n<form class=\"w-full\" aria-haspopup=\"dialog\" aria-expanded=\"false\" aria-controls=\"radix-:r1:\" data-state=\"closed\">\n<div class=\"relative flex h-full max-w-full flex-1 flex-col\">\n<div class=\"absolute bottom-full left-0 right-0 z-20\">\n<div class=\"relative h-full w-full\">\n<div class=\"flex flex-col gap-3.5 pb-3.5 pt-2\">\n<div class=\"text-sm rounded-xl p-4 text-token-text-secondary flex items-center gap-3 fruit:rounded-2xl border border-token-border-light bg-token-main-surface-primary\"><\/div>\n<\/div>\n<\/div>\n<\/div>\n<\/div>\n<\/form>\n<\/div>\n<\/div>\n<\/div>\n","protected":false},"featured_media":1919,"template":"","meta":[],"product_brand":[],"product_cat":[15],"product_tag":[],"class_list":{"0":"post-1918","1":"product","2":"type-product","3":"status-publish","4":"has-post-thumbnail","6":"product_cat-porta-laptop","8":"first","9":"instock","10":"sale","11":"shipping-taxable","12":"purchasable","13":"product-type-simple"},"_links":{"self":[{"href":"https:\/\/gmegatecnologia.com\/index.php\/wp-json\/wp\/v2\/product\/1918","targetHints":{"allow":["GET"]}}],"collection":[{"href":"https:\/\/gmegatecnologia.com\/index.php\/wp-json\/wp\/v2\/product"}],"about":[{"href":"https:\/\/gmegatecnologia.com\/index.php\/wp-json\/wp\/v2\/types\/product"}],"wp:featuredmedia":[{"embeddable":true,"href":"https:\/\/gmegatecnologia.com\/index.php\/wp-json\/wp\/v2\/media\/1919"}],"wp:attachment":[{"href":"https:\/\/gmegatecnologia.com\/index.php\/wp-json\/wp\/v2\/media?parent=1918"}],"wp:term":[{"taxonomy":"product_brand","embeddable":true,"href":"https:\/\/gmegatecnologia.com\/index.php\/wp-json\/wp\/v2\/product_brand?post=1918"},{"taxonomy":"product_cat","embeddable":true,"href":"https:\/\/gmegatecnologia.com\/index.php\/wp-json\/wp\/v2\/product_cat?post=1918"},{"taxonomy":"product_tag","embeddable":true,"href":"https:\/\/gmegatecnologia.com\/index.php\/wp-json\/wp\/v2\/product_tag?post=1918"}],"curies":[{"name":"wp","href":"https:\/\/api.w.org\/{rel}","templated":true}]}}