{"id":1763,"date":"2024-06-13T12:19:06","date_gmt":"2024-06-13T17:19:06","guid":{"rendered":"https:\/\/gmegatecnologia.com\/?post_type=product&#038;p=1763"},"modified":"2024-10-14T16:17:13","modified_gmt":"2024-10-14T21:17:13","slug":"impresora-multifuncional-epson-l14150","status":"publish","type":"product","link":"https:\/\/gmegatecnologia.com\/index.php\/producto\/impresora-multifuncional-epson-l14150\/","title":{"rendered":"Impresora Multifuncional Epson L14150"},"content":{"rendered":"<ul>\n<li>Impresi\u00f3n, escaneo y copiado en un solo dispositivo.<\/li>\n<li>Tecnolog\u00eda de tanques de tinta integrados para una f\u00e1cil recarga y un bajo costo por p\u00e1gina.<\/li>\n<li>Impresi\u00f3n de alta calidad con resoluci\u00f3n de hasta 4800 x 1200 dpi.<\/li>\n<li>Velocidad de impresi\u00f3n de hasta 33 p\u00e1ginas por minuto en negro y 20 p\u00e1ginas por minuto a color.<\/li>\n<li>Capacidad de bandeja de papel de hasta 150 hojas.<\/li>\n<li>Esc\u00e1ner de cama plana con resoluci\u00f3n \u00f3ptica de 1200 x 2400 dpi.<\/li>\n<li>Conectividad Wi-Fi y Wi-Fi Direct para impresi\u00f3n inal\u00e1mbrica desde dispositivos m\u00f3viles y computadoras.<\/li>\n<li>Pantalla LCD para una f\u00e1cil navegaci\u00f3n y configuraci\u00f3n de funciones.<\/li>\n<li>Dise\u00f1o compacto y eficiente para ahorrar espacio en el escritorio.<\/li>\n<li>Software de gesti\u00f3n de documentos Epson Scan 2 y Epson Easy Photo Print para mejorar la productividad y la creatividad en impresi\u00f3n y escaneo.<\/li>\n<\/ul>\n","protected":false},"excerpt":{"rendered":"<p>La impresora multifuncional Epson L14150 es un dispositivo vers\u00e1til que combina funciones de impresi\u00f3n, escaneo y copiado en un solo equipo. Ofrece una alta calidad de impresi\u00f3n y es ideal para entornos dom\u00e9sticos o de peque\u00f1as oficinas. Con su tecnolog\u00eda de tanques de tinta, proporciona un bajo costo por p\u00e1gina y una gran capacidad de impresi\u00f3n. Adem\u00e1s, su dise\u00f1o compacto y eficiente la hace f\u00e1cil de usar y de mantener.<\/p>\n","protected":false},"featured_media":1767,"template":"","meta":[],"product_brand":[],"product_cat":[30],"product_tag":[],"class_list":{"0":"post-1763","1":"product","2":"type-product","3":"status-publish","4":"has-post-thumbnail","6":"product_cat-impresoras","8":"first","9":"instock","10":"sale","11":"shipping-taxable","12":"purchasable","13":"product-type-simple"},"_links":{"self":[{"href":"https:\/\/gmegatecnologia.com\/index.php\/wp-json\/wp\/v2\/product\/1763","targetHints":{"allow":["GET"]}}],"collection":[{"href":"https:\/\/gmegatecnologia.com\/index.php\/wp-json\/wp\/v2\/product"}],"about":[{"href":"https:\/\/gmegatecnologia.com\/index.php\/wp-json\/wp\/v2\/types\/product"}],"wp:featuredmedia":[{"embeddable":true,"href":"https:\/\/gmegatecnologia.com\/index.php\/wp-json\/wp\/v2\/media\/1767"}],"wp:attachment":[{"href":"https:\/\/gmegatecnologia.com\/index.php\/wp-json\/wp\/v2\/media?parent=1763"}],"wp:term":[{"taxonomy":"product_brand","embeddable":true,"href":"https:\/\/gmegatecnologia.com\/index.php\/wp-json\/wp\/v2\/product_brand?post=1763"},{"taxonomy":"product_cat","embeddable":true,"href":"https:\/\/gmegatecnologia.com\/index.php\/wp-json\/wp\/v2\/product_cat?post=1763"},{"taxonomy":"product_tag","embeddable":true,"href":"https:\/\/gmegatecnologia.com\/index.php\/wp-json\/wp\/v2\/product_tag?post=1763"}],"curies":[{"name":"wp","href":"https:\/\/api.w.org\/{rel}","templated":true}]}}