{"id":1719,"date":"2025-02-25T14:00:02","date_gmt":"2025-02-25T19:00:02","guid":{"rendered":"https:\/\/gmegatecnologia.com\/?post_type=product&#038;p=1719"},"modified":"2025-05-31T14:21:49","modified_gmt":"2025-05-31T19:21:49","slug":"mouse-logitech-m190-wireless-full-size","status":"publish","type":"product","link":"https:\/\/gmegatecnologia.com\/index.php\/producto\/mouse-logitech-m190-wireless-full-size\/","title":{"rendered":"MOUSE LOGITECH M190 INALAMBRICO FULL-SIZE"},"content":{"rendered":"<p>El rat\u00f3n Logitech M190 Wireless Full-Size es un dispositivo inal\u00e1mbrico de tama\u00f1o completo que ofrece comodidad y rendimiento. Conectividad inal\u00e1mbrica fiable, dise\u00f1o ergon\u00f3mico y sensor \u00f3ptico preciso, es ideal para usuarios que buscan libertad de movimiento. Compatible con diversos sistemas operativos, ofrece un excelente rendimiento a un precio asequible.<\/p>\n","protected":false},"excerpt":{"rendered":"<ul>\n<li><strong>Conectividad:<\/strong> <strong>Inal\u00e1mbrica 2.4 GHz<\/strong>, receptor USB.<\/li>\n<li><strong>Sensor:<\/strong> <strong>\u00d3ptico 1,000 DPI<\/strong>, seguimiento preciso.<\/li>\n<li><strong>Botones:<\/strong> <strong>3 botones<\/strong>, dise\u00f1o ambidiestro.<\/li>\n<li><strong>Autonom\u00eda:<\/strong> <strong>Hasta 18 meses<\/strong>, bater\u00eda <strong>AA<\/strong>.<\/li>\n<li><strong>Radio de acci\u00f3n:<\/strong> <strong>10 metros<\/strong>.<\/li>\n<li><strong>Dimensiones:<\/strong> <strong>115.4 x 66.1 x 40 mm<\/strong>.<\/li>\n<li><strong>Peso:<\/strong> <strong>89.9 g<\/strong>.<\/li>\n<\/ul>\n","protected":false},"featured_media":1729,"template":"","meta":[],"product_brand":[],"product_cat":[37],"product_tag":[],"class_list":{"0":"post-1719","1":"product","2":"type-product","3":"status-publish","4":"has-post-thumbnail","6":"product_cat-perifericos","8":"first","9":"instock","10":"sale","11":"shipping-taxable","12":"purchasable","13":"product-type-variable"},"_links":{"self":[{"href":"https:\/\/gmegatecnologia.com\/index.php\/wp-json\/wp\/v2\/product\/1719","targetHints":{"allow":["GET"]}}],"collection":[{"href":"https:\/\/gmegatecnologia.com\/index.php\/wp-json\/wp\/v2\/product"}],"about":[{"href":"https:\/\/gmegatecnologia.com\/index.php\/wp-json\/wp\/v2\/types\/product"}],"wp:featuredmedia":[{"embeddable":true,"href":"https:\/\/gmegatecnologia.com\/index.php\/wp-json\/wp\/v2\/media\/1729"}],"wp:attachment":[{"href":"https:\/\/gmegatecnologia.com\/index.php\/wp-json\/wp\/v2\/media?parent=1719"}],"wp:term":[{"taxonomy":"product_brand","embeddable":true,"href":"https:\/\/gmegatecnologia.com\/index.php\/wp-json\/wp\/v2\/product_brand?post=1719"},{"taxonomy":"product_cat","embeddable":true,"href":"https:\/\/gmegatecnologia.com\/index.php\/wp-json\/wp\/v2\/product_cat?post=1719"},{"taxonomy":"product_tag","embeddable":true,"href":"https:\/\/gmegatecnologia.com\/index.php\/wp-json\/wp\/v2\/product_tag?post=1719"}],"curies":[{"name":"wp","href":"https:\/\/api.w.org\/{rel}","templated":true}]}}