{"id":1706,"date":"2024-12-20T10:30:05","date_gmt":"2024-12-20T15:30:05","guid":{"rendered":"https:\/\/gmegatecnologia.com\/?post_type=product&#038;p=1706"},"modified":"2024-12-20T10:50:53","modified_gmt":"2024-12-20T15:50:53","slug":"mouse-logitech-signature-m650-silent-wireless-bluetooth-blanco","status":"publish","type":"product","link":"https:\/\/gmegatecnologia.com\/index.php\/producto\/mouse-logitech-signature-m650-silent-wireless-bluetooth-blanco\/","title":{"rendered":"MOUSE LOGITECH SIGNATURE M650 SILENT INALAMBRICO\/BLUETOOTH BLANCO"},"content":{"rendered":"<p>las caracter\u00edsticas del rat\u00f3n Logitech Signature M650 Silent Wireless\/Bluetooth Blanco:<\/p>\n<ol>\n<li>Conectividad: Inal\u00e1mbrica y Bluetooth, ofreciendo flexibilidad para conectarse con dispositivos compatibles sin necesidad de cables.<\/li>\n<li>Tecnolog\u00eda de clic silencioso: Minimiza el ruido de los clics, proporcionando un ambiente m\u00e1s tranquilo para trabajar.<\/li>\n<li>Dise\u00f1o ergon\u00f3mico: Dise\u00f1ado para adaptarse c\u00f3modamente a la mano y reducir la fatiga durante el uso prolongado.<\/li>\n<li>Color blanco: Acabado elegante que a\u00f1ade estilo a tu configuraci\u00f3n de trabajo.<\/li>\n<li>Sensor \u00f3ptico de alta precisi\u00f3n: Proporciona un seguimiento preciso del movimiento del rat\u00f3n en diversas superficies.<\/li>\n<li>Bater\u00eda de larga duraci\u00f3n: Ofrece una autonom\u00eda prolongada para reducir la necesidad de recargar con frecuencia.<\/li>\n<li>Botones programables: Permite personalizar la configuraci\u00f3n del rat\u00f3n seg\u00fan las preferencias del usuario para una mayor eficiencia.<\/li>\n<li>Compatibilidad: Funciona con una variedad de sistemas operativos, incluyendo Windows, macOS y algunos dispositivos m\u00f3viles, ofreciendo una experiencia de uso vers\u00e1til.<\/li>\n<\/ol>\n<p>&nbsp;<\/p>\n","protected":false},"excerpt":{"rendered":"<div class=\"flex-1 overflow-hidden\">\n<div class=\"react-scroll-to-bottom--css-xwsps-79elbk h-full\">\n<div class=\"react-scroll-to-bottom--css-xwsps-1n7m0yu\">\n<div class=\"flex flex-col text-sm pb-9\">\n<div class=\"w-full text-token-text-primary\" dir=\"auto\" data-testid=\"conversation-turn-5\" data-scroll-anchor=\"true\">\n<div class=\"py-2 juice:py-[18px] px-3 text-base md:px-4 m-auto md:px-5 lg:px-1 xl:px-5\">\n<div class=\"mx-auto flex flex-1 gap-3 text-base juice:gap-4 juice:md:gap-6 md:max-w-3xl lg:max-w-[40rem] xl:max-w-[48rem]\">\n<div class=\"flex-shrink-0 flex flex-col relative items-end\">\n<div>\n<div class=\"pt-0.5 juice:pt-0\">\n<div class=\"gizmo-bot-avatar flex h-6 w-6 items-center justify-center overflow-hidden rounded-full juice:h-8 juice:w-8\">\n<div class=\"relative p-1 rounded-sm flex items-center justify-center bg-token-main-surface-primary text-token-text-primary h-6 w-6\">El mouse Logitech Signature M650 Silent es un dispositivo inal\u00e1mbrico y Bluetooth en color blanco que combina estilo y funcionalidad. Destaca por su tecnolog\u00eda de clic silencioso, que reduce el ruido al m\u00ednimo para un entorno de trabajo m\u00e1s tranquilo. Ofrece conectividad vers\u00e1til, permitiendo su uso tanto con receptores USB como mediante conexi\u00f3n Bluetooth. Su dise\u00f1o ergon\u00f3mico y elegante lo hace adecuado para un uso prolongado y suave.<\/div>\n<\/div>\n<\/div>\n<\/div>\n<\/div>\n<\/div>\n<\/div>\n<\/div>\n<\/div>\n<\/div>\n<\/div>\n<\/div>\n","protected":false},"featured_media":1707,"template":"","meta":[],"product_brand":[],"product_cat":[37],"product_tag":[],"class_list":{"0":"post-1706","1":"product","2":"type-product","3":"status-publish","4":"has-post-thumbnail","6":"product_cat-perifericos","8":"first","9":"instock","10":"sale","11":"shipping-taxable","12":"purchasable","13":"product-type-simple"},"_links":{"self":[{"href":"https:\/\/gmegatecnologia.com\/index.php\/wp-json\/wp\/v2\/product\/1706","targetHints":{"allow":["GET"]}}],"collection":[{"href":"https:\/\/gmegatecnologia.com\/index.php\/wp-json\/wp\/v2\/product"}],"about":[{"href":"https:\/\/gmegatecnologia.com\/index.php\/wp-json\/wp\/v2\/types\/product"}],"wp:featuredmedia":[{"embeddable":true,"href":"https:\/\/gmegatecnologia.com\/index.php\/wp-json\/wp\/v2\/media\/1707"}],"wp:attachment":[{"href":"https:\/\/gmegatecnologia.com\/index.php\/wp-json\/wp\/v2\/media?parent=1706"}],"wp:term":[{"taxonomy":"product_brand","embeddable":true,"href":"https:\/\/gmegatecnologia.com\/index.php\/wp-json\/wp\/v2\/product_brand?post=1706"},{"taxonomy":"product_cat","embeddable":true,"href":"https:\/\/gmegatecnologia.com\/index.php\/wp-json\/wp\/v2\/product_cat?post=1706"},{"taxonomy":"product_tag","embeddable":true,"href":"https:\/\/gmegatecnologia.com\/index.php\/wp-json\/wp\/v2\/product_tag?post=1706"}],"curies":[{"name":"wp","href":"https:\/\/api.w.org\/{rel}","templated":true}]}}