{"id":1651,"date":"2025-06-10T12:40:32","date_gmt":"2025-06-10T17:40:32","guid":{"rendered":"https:\/\/gmegatecnologia.com\/?post_type=product&#038;p=1651"},"modified":"2025-06-27T13:31:19","modified_gmt":"2025-06-27T18:31:19","slug":"mouse-logitech-mx-anywhere-3s-bluetooth","status":"publish","type":"product","link":"https:\/\/gmegatecnologia.com\/index.php\/producto\/mouse-logitech-mx-anywhere-3s-bluetooth\/","title":{"rendered":"MOUSE LOGITECH MX ANYWHERE 3S BLUETOOTH\/INALAMBRICO"},"content":{"rendered":"<p>El mouse Logitech MX Anywhere 3S Bluetooth es un dispositivo compacto y vers\u00e1til dise\u00f1ado para la portabilidad y la productividad. Ofrece conectividad Bluetooth, un sensor de alta precisi\u00f3n, dise\u00f1o compacto y ergon\u00f3mico, botones programables, bater\u00eda de larga duraci\u00f3n y compatibilidad multiplataforma. Es ideal para usuarios que necesitan un mouse que pueda usar en movimiento sin comprometer la funcionalidad ni la comodidad.<\/p>\n","protected":false},"excerpt":{"rendered":"<p><!--StartFragment --><\/p>\n<ul>\n<li><strong>Sensor: <\/strong>\u00d3ptico Darkfield, hasta 8,000 DPI.<\/li>\n<li><strong>Conectividad:<\/strong> Bluetooth y receptor USB 2.4 GHz.<\/li>\n<li><strong>Botones:<\/strong> 6 programables.<\/li>\n<li><strong>Desplazamiento:<\/strong> MagSpeed, hasta 1,000 l\u00edneas por segundo.<\/li>\n<li><strong>Bater\u00eda:<\/strong> Recargable, hasta 70 d\u00edas de autonom\u00eda.<\/li>\n<li><strong>Dimensiones:<\/strong> 100.5 x 65 x 34.4 mm.<\/li>\n<li><strong>Peso:<\/strong> 99 g.<\/li>\n<li><strong>Compatibilidad:<\/strong> Windows, macOS, Linux, ChromeOS, iPadOS, Android.<\/li>\n<\/ul>\n<p><!--EndFragment --><\/p>\n","protected":false},"featured_media":1661,"template":"","meta":[],"product_brand":[],"product_cat":[31],"product_tag":[],"class_list":{"0":"post-1651","1":"product","2":"type-product","3":"status-publish","4":"has-post-thumbnail","6":"product_cat-zona-gamer","8":"first","9":"instock","10":"sale","11":"shipping-taxable","12":"purchasable","13":"product-type-variable"},"_links":{"self":[{"href":"https:\/\/gmegatecnologia.com\/index.php\/wp-json\/wp\/v2\/product\/1651","targetHints":{"allow":["GET"]}}],"collection":[{"href":"https:\/\/gmegatecnologia.com\/index.php\/wp-json\/wp\/v2\/product"}],"about":[{"href":"https:\/\/gmegatecnologia.com\/index.php\/wp-json\/wp\/v2\/types\/product"}],"wp:featuredmedia":[{"embeddable":true,"href":"https:\/\/gmegatecnologia.com\/index.php\/wp-json\/wp\/v2\/media\/1661"}],"wp:attachment":[{"href":"https:\/\/gmegatecnologia.com\/index.php\/wp-json\/wp\/v2\/media?parent=1651"}],"wp:term":[{"taxonomy":"product_brand","embeddable":true,"href":"https:\/\/gmegatecnologia.com\/index.php\/wp-json\/wp\/v2\/product_brand?post=1651"},{"taxonomy":"product_cat","embeddable":true,"href":"https:\/\/gmegatecnologia.com\/index.php\/wp-json\/wp\/v2\/product_cat?post=1651"},{"taxonomy":"product_tag","embeddable":true,"href":"https:\/\/gmegatecnologia.com\/index.php\/wp-json\/wp\/v2\/product_tag?post=1651"}],"curies":[{"name":"wp","href":"https:\/\/api.w.org\/{rel}","templated":true}]}}