{"id":1642,"date":"2025-04-30T15:20:29","date_gmt":"2025-04-30T20:20:29","guid":{"rendered":"https:\/\/gmegatecnologia.com\/?post_type=product&#038;p=1642"},"modified":"2025-05-22T18:03:16","modified_gmt":"2025-05-22T23:03:16","slug":"mouse-logitech-mx-master-3s-wireless-8k-usb-c","status":"publish","type":"product","link":"https:\/\/gmegatecnologia.com\/index.php\/producto\/mouse-logitech-mx-master-3s-wireless-8k-usb-c\/","title":{"rendered":"MOUSE LOGITECH MX MASTER 3S INALAMBRICO"},"content":{"rendered":"<p>El rat\u00f3n Logitech MX Master 3S Wireless 8K USB-C Graphite es una herramienta de alta gama dise\u00f1ada para la productividad. Con conectividad inal\u00e1mbrica y USB-C, un sensor de alta precisi\u00f3n de 8K DPI, un dise\u00f1o ergon\u00f3mico, un bot\u00f3n rueda electromagn\u00e9tico MagSpeed, botones personalizables, bater\u00eda de larga duraci\u00f3n y compatibilidad multiplataforma, este rat\u00f3n ofrece una experiencia de usuario excepcional para el trabajo y el entretenimiento.<\/p>\n","protected":false},"excerpt":{"rendered":"<p><!--StartFragment --><\/p>\n<ul>\n<li><strong>Sensor: <\/strong>\u00d3ptico con hasta 8,000 DPI.<\/li>\n<li><strong>DPI ajustable:<\/strong> S\u00ed, de 200 a 8,000 DPI.<\/li>\n<li><strong>Conectividad:<\/strong> Bluetooth y receptor USB Logi Bolt.<\/li>\n<li><strong>Botones:<\/strong> 7 programables.<\/li>\n<li><strong>Iluminaci\u00f3n:<\/strong> No tiene RGB.<\/li>\n<li><strong>Bater\u00eda:<\/strong> Recargable, hasta 70 d\u00edas de autonom\u00eda.<\/li>\n<li><strong>Peso:<\/strong> 141 g.<\/li>\n<li><strong>Compatibilidad:<\/strong> Windows, macOS, Linux, Chrome OS, iPadOS, Android.<\/li>\n<\/ul>\n<p><!--EndFragment --><\/p>\n","protected":false},"featured_media":1645,"template":"","meta":[],"product_brand":[],"product_cat":[31],"product_tag":[],"class_list":{"0":"post-1642","1":"product","2":"type-product","3":"status-publish","4":"has-post-thumbnail","6":"product_cat-zona-gamer","8":"first","9":"instock","10":"sale","11":"shipping-taxable","12":"purchasable","13":"product-type-variable"},"_links":{"self":[{"href":"https:\/\/gmegatecnologia.com\/index.php\/wp-json\/wp\/v2\/product\/1642","targetHints":{"allow":["GET"]}}],"collection":[{"href":"https:\/\/gmegatecnologia.com\/index.php\/wp-json\/wp\/v2\/product"}],"about":[{"href":"https:\/\/gmegatecnologia.com\/index.php\/wp-json\/wp\/v2\/types\/product"}],"wp:featuredmedia":[{"embeddable":true,"href":"https:\/\/gmegatecnologia.com\/index.php\/wp-json\/wp\/v2\/media\/1645"}],"wp:attachment":[{"href":"https:\/\/gmegatecnologia.com\/index.php\/wp-json\/wp\/v2\/media?parent=1642"}],"wp:term":[{"taxonomy":"product_brand","embeddable":true,"href":"https:\/\/gmegatecnologia.com\/index.php\/wp-json\/wp\/v2\/product_brand?post=1642"},{"taxonomy":"product_cat","embeddable":true,"href":"https:\/\/gmegatecnologia.com\/index.php\/wp-json\/wp\/v2\/product_cat?post=1642"},{"taxonomy":"product_tag","embeddable":true,"href":"https:\/\/gmegatecnologia.com\/index.php\/wp-json\/wp\/v2\/product_tag?post=1642"}],"curies":[{"name":"wp","href":"https:\/\/api.w.org\/{rel}","templated":true}]}}