{"id":1603,"date":"2024-05-24T16:21:56","date_gmt":"2024-05-24T21:21:56","guid":{"rendered":"https:\/\/gmegatecnologia.com\/?post_type=product&#038;p=1603"},"modified":"2024-06-26T13:46:59","modified_gmt":"2024-06-26T18:46:59","slug":"tintas-canon-pixma-190","status":"publish","type":"product","link":"https:\/\/gmegatecnologia.com\/index.php\/producto\/tintas-canon-pixma-190\/","title":{"rendered":"Tintas Canon Pixma 190"},"content":{"rendered":"<p>Sus caracter\u00edsticas son:<\/p>\n<ul>\n<li><strong>Tipo de Tinta:<\/strong> Pigmento y colorante.<\/li>\n<li><strong>Durabilidad:<\/strong> Resistente a la decoloraci\u00f3n para impresiones duraderas.<\/li>\n<li><strong>Compatibilidad Papel:<\/strong> Funciona bien con una variedad de medios, incluyendo papel fotogr\u00e1fico y mate.<\/li>\n<li><strong>Secado R\u00e1pido:<\/strong> Minimiza manchas y borrones.<\/li>\n<li><strong>Tecnolog\u00eda FINE:<\/strong> Garantiza precisi\u00f3n en la distribuci\u00f3n de tinta.\n<div class=\"flex-1 overflow-hidden\">\n<div class=\"react-scroll-to-bottom--css-ujwdm-79elbk h-full\">\n<div class=\"react-scroll-to-bottom--css-ujwdm-1n7m0yu\">\n<div>\n<div class=\"flex flex-col text-sm pb-9\">\n<div class=\"w-full text-token-text-primary\" dir=\"auto\" data-testid=\"conversation-turn-7\" data-scroll-anchor=\"true\">\n<div class=\"py-2 juice:py-[18px] px-3 text-base md:px-4 m-auto md:px-5 lg:px-1 xl:px-5\">\n<div class=\"mx-auto flex flex-1 gap-3 text-base juice:gap-4 juice:md:gap-6 md:max-w-3xl lg:max-w-[40rem] xl:max-w-[48rem]\">\n<div class=\"group\/conversation-turn relative flex w-full min-w-0 flex-col agent-turn\">\n<div class=\"flex-col gap-1 md:gap-3\">\n<div class=\"flex flex-grow flex-col max-w-full\">\n<div class=\"min-h-[20px] text-message flex flex-col items-start whitespace-pre-wrap break-words [.text-message+&amp;]:mt-5 juice:w-full juice:items-end overflow-x-auto gap-3\" dir=\"auto\" data-message-author-role=\"assistant\" data-message-id=\"8cdd74f6-543f-440e-8f94-84778358fac9\">\n<div class=\"markdown prose w-full break-words dark:prose-invert dark\">\n<p>Estas caracter\u00edsticas aseguran impresiones de alta calidad y duraderas, ideales para diversas necesidades de impresi\u00f3n dom\u00e9stica o de oficina.<\/p>\n<\/div>\n<\/div>\n<\/div>\n<\/div>\n<\/div>\n<\/div>\n<\/div>\n<\/div>\n<\/div>\n<\/div>\n<\/div>\n<\/div>\n<\/div>\n<\/li>\n<\/ul>\n","protected":false},"excerpt":{"rendered":"<p>Las tintas utilizadas en la Canon Pixma 190 son pigmentadas y de colorantes, ofreciendo impresiones duraderas y vibrantes. Utiliza tintas liquidas para cada color, asegurando eficiencia y calidad. La tecnolog\u00eda FINE garantiza precisi\u00f3n en la distribuci\u00f3n de la tinta, mientras que el secado r\u00e1pido minimiza borrones. Son compatibles con diversos tipos de papel y respetuosas con el medio ambiente.<\/p>\n","protected":false},"featured_media":1609,"template":"","meta":[],"product_brand":[],"product_cat":[32],"product_tag":[],"class_list":{"0":"post-1603","1":"product","2":"type-product","3":"status-publish","4":"has-post-thumbnail","6":"product_cat-suministros","8":"first","9":"instock","10":"sale","11":"shipping-taxable","12":"purchasable","13":"product-type-variable"},"_links":{"self":[{"href":"https:\/\/gmegatecnologia.com\/index.php\/wp-json\/wp\/v2\/product\/1603","targetHints":{"allow":["GET"]}}],"collection":[{"href":"https:\/\/gmegatecnologia.com\/index.php\/wp-json\/wp\/v2\/product"}],"about":[{"href":"https:\/\/gmegatecnologia.com\/index.php\/wp-json\/wp\/v2\/types\/product"}],"wp:featuredmedia":[{"embeddable":true,"href":"https:\/\/gmegatecnologia.com\/index.php\/wp-json\/wp\/v2\/media\/1609"}],"wp:attachment":[{"href":"https:\/\/gmegatecnologia.com\/index.php\/wp-json\/wp\/v2\/media?parent=1603"}],"wp:term":[{"taxonomy":"product_brand","embeddable":true,"href":"https:\/\/gmegatecnologia.com\/index.php\/wp-json\/wp\/v2\/product_brand?post=1603"},{"taxonomy":"product_cat","embeddable":true,"href":"https:\/\/gmegatecnologia.com\/index.php\/wp-json\/wp\/v2\/product_cat?post=1603"},{"taxonomy":"product_tag","embeddable":true,"href":"https:\/\/gmegatecnologia.com\/index.php\/wp-json\/wp\/v2\/product_tag?post=1603"}],"curies":[{"name":"wp","href":"https:\/\/api.w.org\/{rel}","templated":true}]}}