{"id":1253,"date":"2025-07-04T16:10:09","date_gmt":"2025-07-04T21:10:09","guid":{"rendered":"https:\/\/gmegatecnologia.com\/?post_type=product&#038;p=1253"},"modified":"2025-07-08T13:42:29","modified_gmt":"2025-07-08T18:42:29","slug":"audifono-logitech-g435-c-microfono-bluethooth-lightspeed","status":"publish","type":"product","link":"https:\/\/gmegatecnologia.com\/index.php\/producto\/audifono-logitech-g435-c-microfono-bluethooth-lightspeed\/","title":{"rendered":"AUDIFONO LOGITECH G435 CON MICROFONO BLUETHOOTH\/INALAMBRICO LIGHTSPEED"},"content":{"rendered":"<ol>\n<li><strong>Marca:<\/strong> Logitech<\/li>\n<li><strong>Modelo:<\/strong> 29<\/li>\n<li><strong>Tipo:<\/strong> Auricular con micr\u00f3fono<\/li>\n<li><strong>Conectividad:<\/strong> Bluetooth y Lightspeed para una amplia compatibilidad.<\/li>\n<li><strong>Dise\u00f1o:<\/strong> Ligero y vers\u00e1til, ideal para juegos, llamadas y m\u00fasica.<\/li>\n<li><strong>Controles:<\/strong> Intuitivos controles t\u00e1ctiles para una f\u00e1cil operaci\u00f3n.<\/li>\n<li><strong>Bater\u00eda:<\/strong> Ofrece una larga duraci\u00f3n para sesiones prolongadas.<\/li>\n<li><strong>Micr\u00f3fono:<\/strong> Incorpora micr\u00f3fono para una comunicaci\u00f3n clara.<\/li>\n<li><strong>Calidad de sonido:<\/strong> Proporciona un audio n\u00edtido y envolvente.<\/li>\n<\/ol>\n","protected":false},"excerpt":{"rendered":"<div class=\"flex-1 overflow-hidden\">\n<div class=\"react-scroll-to-bottom--css-kygdh-79elbk h-full\">\n<div class=\"react-scroll-to-bottom--css-kygdh-1n7m0yu\">\n<div class=\"flex flex-col text-sm pb-9\">\n<div class=\"w-full text-token-text-primary\" dir=\"auto\" data-testid=\"conversation-turn-55\" data-scroll-anchor=\"true\">\n<div class=\"py-2 px-3 text-base md:px-4 m-auto md:px-5 lg:px-1 xl:px-5\">\n<div class=\"mx-auto flex flex-1 gap-3 text-base juice:gap-4 juice:md:gap-6 md:max-w-3xl lg:max-w-[40rem] xl:max-w-[48rem]\">\n<div class=\"relative flex w-full min-w-0 flex-col agent-turn\">\n<div class=\"flex-col gap-1 md:gap-3\">\n<div class=\"flex flex-grow flex-col max-w-full\">\n<div class=\"min-h-[20px] text-message flex flex-col items-start whitespace-pre-wrap break-words [.text-message+&amp;]:mt-5 juice:w-full juice:items-end overflow-x-auto gap-3\" dir=\"auto\" data-message-author-role=\"assistant\" data-message-id=\"a0e219c2-10b8-4ab3-ac1a-326d56679a1e\">\n<div class=\"markdown prose w-full break-words dark:prose-invert dark\">\n<p>l Logitech G435 es un auricular con micr\u00f3fono que ofrece conectividad Bluetooth y Lightspeed. Con un dise\u00f1o vers\u00e1til y ligero, es ideal para juegos, llamadas y m\u00fasica. Adem\u00e1s, cuenta con controles t\u00e1ctiles intuitivos y una bater\u00eda de larga duraci\u00f3n.<\/p>\n<\/div>\n<\/div>\n<\/div>\n<\/div>\n<\/div>\n<\/div>\n<\/div>\n<\/div>\n<\/div>\n<\/div>\n<\/div>\n<\/div>\n","protected":false},"featured_media":3981,"template":"","meta":[],"product_brand":[],"product_cat":[37,31],"product_tag":[],"class_list":{"0":"post-1253","1":"product","2":"type-product","3":"status-publish","4":"has-post-thumbnail","6":"product_cat-perifericos","7":"product_cat-zona-gamer","9":"first","10":"instock","11":"sale","12":"shipping-taxable","13":"purchasable","14":"product-type-variable"},"_links":{"self":[{"href":"https:\/\/gmegatecnologia.com\/index.php\/wp-json\/wp\/v2\/product\/1253","targetHints":{"allow":["GET"]}}],"collection":[{"href":"https:\/\/gmegatecnologia.com\/index.php\/wp-json\/wp\/v2\/product"}],"about":[{"href":"https:\/\/gmegatecnologia.com\/index.php\/wp-json\/wp\/v2\/types\/product"}],"wp:featuredmedia":[{"embeddable":true,"href":"https:\/\/gmegatecnologia.com\/index.php\/wp-json\/wp\/v2\/media\/3981"}],"wp:attachment":[{"href":"https:\/\/gmegatecnologia.com\/index.php\/wp-json\/wp\/v2\/media?parent=1253"}],"wp:term":[{"taxonomy":"product_brand","embeddable":true,"href":"https:\/\/gmegatecnologia.com\/index.php\/wp-json\/wp\/v2\/product_brand?post=1253"},{"taxonomy":"product_cat","embeddable":true,"href":"https:\/\/gmegatecnologia.com\/index.php\/wp-json\/wp\/v2\/product_cat?post=1253"},{"taxonomy":"product_tag","embeddable":true,"href":"https:\/\/gmegatecnologia.com\/index.php\/wp-json\/wp\/v2\/product_tag?post=1253"}],"curies":[{"name":"wp","href":"https:\/\/api.w.org\/{rel}","templated":true}]}}