{"id":1220,"date":"2025-05-08T17:00:48","date_gmt":"2025-05-08T22:00:48","guid":{"rendered":"https:\/\/gmegatecnologia.com\/?post_type=product&#038;p=1220"},"modified":"2025-05-17T13:45:36","modified_gmt":"2025-05-17T18:45:36","slug":"mouse-logitech-g-pro-x-superlight-2-wireless-lightspeed","status":"publish","type":"product","link":"https:\/\/gmegatecnologia.com\/index.php\/producto\/mouse-logitech-g-pro-x-superlight-2-wireless-lightspeed\/","title":{"rendered":"MOUSE LOGITECH G PRO X SUPERLIGHT 2 INALAMBRICO LIGHTSPEED"},"content":{"rendered":"<p><!--StartFragment --><\/p>\n<p>El <strong>Logitech G PRO X Superlight 2<\/strong> es un mouse inal\u00e1mbrico ultraligero de <strong>60 g<\/strong>, dise\u00f1ado para jugadores profesionales. Cuenta con el sensor <strong>HERO 2<\/strong> de hasta <strong>44,000 DPI<\/strong>, interruptores h\u00edbridos <strong>LIGHTFORCE<\/strong>, y una tasa de sondeo de <strong>8,000 Hz<\/strong> para m\u00e1xima precisi\u00f3n. Su bater\u00eda ofrece hasta <strong>95 horas de autonom\u00eda<\/strong> y se carga mediante <strong>USB-C<\/strong>, adem\u00e1s de ser compatible con <strong>POWERPLAY<\/strong> para carga inal\u00e1mbrica.<\/p>\n<p><!--EndFragment --><\/p>\n","protected":false},"excerpt":{"rendered":"<p><!--StartFragment --><\/p>\n<ul>\n<li><strong>Conectividad: <\/strong>LIGHTSPEED inal\u00e1mbrico<\/li>\n<li><strong>Sensor:<\/strong> HERO 2 (hasta 44,000 DPI)<\/li>\n<li><strong>Interruptores:<\/strong> LIGHTFORCE<\/li>\n<li><strong>Tasa de sondeo:<\/strong> 8,000 Hz<\/li>\n<li><strong>Velocidad m\u00e1x.:<\/strong> 888 IPS<\/li>\n<li><strong>Aceleraci\u00f3n m\u00e1x.:<\/strong> 88G<\/li>\n<li><strong>Peso:<\/strong> 60 g<\/li>\n<li><strong>Botones:<\/strong> 5 programables<\/li>\n<li><strong>Autonom\u00eda:<\/strong> Hasta 95 horas<\/li>\n<li><strong>Carga:<\/strong> USB-C<\/li>\n<\/ul>\n","protected":false},"featured_media":1219,"template":"","meta":[],"product_brand":[],"product_cat":[31],"product_tag":[],"class_list":{"0":"post-1220","1":"product","2":"type-product","3":"status-publish","4":"has-post-thumbnail","6":"product_cat-zona-gamer","8":"first","9":"instock","10":"sale","11":"shipping-taxable","12":"purchasable","13":"product-type-variable"},"_links":{"self":[{"href":"https:\/\/gmegatecnologia.com\/index.php\/wp-json\/wp\/v2\/product\/1220","targetHints":{"allow":["GET"]}}],"collection":[{"href":"https:\/\/gmegatecnologia.com\/index.php\/wp-json\/wp\/v2\/product"}],"about":[{"href":"https:\/\/gmegatecnologia.com\/index.php\/wp-json\/wp\/v2\/types\/product"}],"wp:featuredmedia":[{"embeddable":true,"href":"https:\/\/gmegatecnologia.com\/index.php\/wp-json\/wp\/v2\/media\/1219"}],"wp:attachment":[{"href":"https:\/\/gmegatecnologia.com\/index.php\/wp-json\/wp\/v2\/media?parent=1220"}],"wp:term":[{"taxonomy":"product_brand","embeddable":true,"href":"https:\/\/gmegatecnologia.com\/index.php\/wp-json\/wp\/v2\/product_brand?post=1220"},{"taxonomy":"product_cat","embeddable":true,"href":"https:\/\/gmegatecnologia.com\/index.php\/wp-json\/wp\/v2\/product_cat?post=1220"},{"taxonomy":"product_tag","embeddable":true,"href":"https:\/\/gmegatecnologia.com\/index.php\/wp-json\/wp\/v2\/product_tag?post=1220"}],"curies":[{"name":"wp","href":"https:\/\/api.w.org\/{rel}","templated":true}]}}